{"id":11404,"date":"2024-05-15T14:54:54","date_gmt":"2024-05-15T12:54:54","guid":{"rendered":"https:\/\/mangiastorie.it\/home-2\/"},"modified":"2026-03-09T14:58:58","modified_gmt":"2026-03-09T13:58:58","slug":"home-2","status":"publish","type":"page","link":"https:\/\/mangiastorie.it\/de\/","title":{"rendered":"Startseite"},"content":{"rendered":"\n<div class=\"wp-block-cover is-light bgvideo\" style=\"min-height:100vh;aspect-ratio:unset;\"><video class=\"wp-block-cover__video-background intrinsic-ignore\" autoplay muted loop playsinline src=\"https:\/\/mangiastorie.it\/wp-content\/uploads\/2024\/05\/IMG_4367.mp4\" data-object-fit=\"cover\"><\/video><span aria-hidden=\"true\" class=\"wp-block-cover__background has-black-background-color has-background-dim\"><\/span><div class=\"wp-block-cover__inner-container is-layout-flow wp-block-cover-is-layout-flow\">\n<h2 class=\"wp-block-heading has-text-align-center mb-4 has-white-color has-text-color has-link-color wp-elements-bff582c4d3d0699a9b7ed13dfefc8ea2\">| Cafe | Restaurant | Gesch\u00e4ft<\/h2>\n\n\n\n<div class=\"wp-block-buttons largegap is-content-justification-center is-layout-flex wp-container-core-buttons-is-layout-16018d1d wp-block-buttons-is-layout-flex\">\n<div class=\"wp-block-button text-uppercase is-style-outline is-style-outline--1\" data-aos=\"fade-zoom-in\" data-aos-delay=\"200\"><a class=\"wp-block-button__link has-text-color has-background has-link-color wp-element-button\" href=\"https:\/\/mangiastorie.it\/de\/menu-2\/\" style=\"border-radius:0px;color:#492b16;background-color:#eae8df\">Abendessen und Wochenendmen\u00fcs<\/a><\/div>\n\n\n\n<div class=\"wp-block-button text-uppercase is-style-outline is-style-outline--2\" data-aos=\"fade-zoom-in\" data-aos-delay=\"200\"><a class=\"wp-block-button__link has-text-color has-background has-link-color wp-element-button\" href=\"https:\/\/mangiastorie.it\/de\/das-menu-2\/\" style=\"border-radius:0px;color:#492b16;background-color:#eae8df\">Einfaches Mittagsmen\u00fc<\/a><\/div>\n\n\n\n<div class=\"wp-block-button text-uppercase is-style-outline is-style-outline--3\" data-aos=\"fade-zoom-in\" data-aos-delay=\"400\"><a class=\"wp-block-button__link has-text-color has-background has-link-color wp-element-button\" href=\"https:\/\/mangiastorie.it\/de\/reservierungen\/\" style=\"border-radius:0px;color:#492b16;background-color:#eae8df\">Einen Tisch reservieren<\/a><\/div>\n<\/div>\n<\/div><\/div>\n\n<div class=\"wp-block-group container py-5\"><div class=\"wp-block-group__inner-container is-layout-constrained wp-block-group-is-layout-constrained\">\n<p class=\"has-text-align-center maxwdt lead mb-4\" data-=\"\"><strong>Mangiastorie<\/strong> ist ein Ort, an dem die Geschichten unseres Landes zum Leben erwachen. Unser bodenst\u00e4ndiges Restaurant in <strong>Cavallino Treporti<\/strong> ist eine Hommage an die Region und bietet ein gastronomisches Erlebnis, das Vergangenheit und Gegenwart verbindet. Jedes Detail spiegelt unsere tiefe Verbundenheit mit den Wurzeln von Cavallino und unsere Leidenschaft f\u00fcr Tradition wider.<\/p>\n\n\n\n<div class=\"wp-block-buttons is-content-justification-center is-layout-flex wp-container-core-buttons-is-layout-16018d1d wp-block-buttons-is-layout-flex\">\n<div class=\"wp-block-button is-style-outline is-style-outline--4\"><a class=\"wp-block-button__link has-text-color has-background has-link-color wp-element-button\" href=\"https:\/\/mangiastorie.it\/de\/restaurant\/\" style=\"border-radius:0px;color:#492b16;background-color:#eae8df\">Finden Sie mehr heraus<\/a><\/div>\n<\/div>\n<\/div><\/div>\n\n<div class=\"wp-block-group has-background\" style=\"background-color:#e1dfd6\"><div class=\"wp-block-group__inner-container is-layout-constrained wp-block-group-is-layout-constrained\">\n<div class=\"wp-block-group container py-5\"><div class=\"wp-block-group__inner-container is-layout-constrained wp-block-group-is-layout-constrained\">\n<h2 class=\"wp-block-heading has-text-align-center h1 mb-4 has-text-color has-link-color wp-elements-440dc6753bcc6615abcc862243a95767\" style=\"color:#492b16\">| Schmecken Sie das Territorium |<\/h2>\n\n\n\n<p class=\"has-text-align-center lead\">Seit Menschengedenken sind Essen und Rezepte ein Mittel, um <strong><em>Geschichten zu erz\u00e4hlen und Erinnerungen zu wecken<\/em><\/strong>.<br\/> Unsere Gerichte feiern die <strong><em>Einfachheit<\/em><\/strong> und das Gebiet von Cavallino Treporti und verwandeln jeden Bissen in eine s\u00fc\u00dfe <strong><em>Erinnerung an die Heimat<\/em><\/strong>.<\/p>\n<\/div><\/div>\n<\/div><\/div>\n\n<div class=\"wp-block-columns is-not-stacked-on-mobile galcol is-layout-flex wp-container-core-columns-is-layout-9d6595d7 wp-block-columns-is-layout-flex\">\n<div class=\"wp-block-column is-layout-flow wp-block-column-is-layout-flow\">\n<figure class=\"wp-block-image size-large\"><img loading=\"lazy\" decoding=\"async\" width=\"683\" height=\"1024\" src=\"https:\/\/mangiastorie.it\/wp-content\/uploads\/2024\/10\/DSC07179-683x1024.jpg\" alt=\"\" class=\"wp-image-12367\" srcset=\"https:\/\/mangiastorie.it\/wp-content\/uploads\/2024\/10\/DSC07179-683x1024.jpg 683w, https:\/\/mangiastorie.it\/wp-content\/uploads\/2024\/10\/DSC07179-200x300.jpg 200w, https:\/\/mangiastorie.it\/wp-content\/uploads\/2024\/10\/DSC07179-768x1152.jpg 768w, https:\/\/mangiastorie.it\/wp-content\/uploads\/2024\/10\/DSC07179-1024x1536.jpg 1024w, https:\/\/mangiastorie.it\/wp-content\/uploads\/2024\/10\/DSC07179-600x900.jpg 600w, https:\/\/mangiastorie.it\/wp-content\/uploads\/2024\/10\/DSC07179.jpg 1280w\" sizes=\"auto, (max-width: 683px) 100vw, 683px\" \/><\/figure>\n<\/div>\n\n\n\n<div class=\"wp-block-column is-layout-flow wp-block-column-is-layout-flow\">\n<figure class=\"wp-block-image size-large\"><img loading=\"lazy\" decoding=\"async\" width=\"683\" height=\"1024\" src=\"https:\/\/mangiastorie.it\/wp-content\/uploads\/2024\/06\/DSC01065-683x1024.jpg\" alt=\"\" class=\"wp-image-10227\" srcset=\"https:\/\/mangiastorie.it\/wp-content\/uploads\/2024\/06\/DSC01065-683x1024.jpg 683w, https:\/\/mangiastorie.it\/wp-content\/uploads\/2024\/06\/DSC01065-200x300.jpg 200w, https:\/\/mangiastorie.it\/wp-content\/uploads\/2024\/06\/DSC01065-768x1152.jpg 768w, https:\/\/mangiastorie.it\/wp-content\/uploads\/2024\/06\/DSC01065-1024x1536.jpg 1024w, https:\/\/mangiastorie.it\/wp-content\/uploads\/2024\/06\/DSC01065.jpg 1280w\" sizes=\"auto, (max-width: 683px) 100vw, 683px\" \/><\/figure>\n<\/div>\n\n\n\n<div class=\"wp-block-column is-layout-flow wp-block-column-is-layout-flow\">\n<figure class=\"wp-block-image size-large\"><img loading=\"lazy\" decoding=\"async\" width=\"683\" height=\"1024\" src=\"https:\/\/mangiastorie.it\/wp-content\/uploads\/2024\/06\/DSC00918-683x1024.jpg\" alt=\"\" class=\"wp-image-10214\" srcset=\"https:\/\/mangiastorie.it\/wp-content\/uploads\/2024\/06\/DSC00918-683x1024.jpg 683w, https:\/\/mangiastorie.it\/wp-content\/uploads\/2024\/06\/DSC00918-200x300.jpg 200w, https:\/\/mangiastorie.it\/wp-content\/uploads\/2024\/06\/DSC00918-768x1152.jpg 768w, https:\/\/mangiastorie.it\/wp-content\/uploads\/2024\/06\/DSC00918-1024x1536.jpg 1024w, https:\/\/mangiastorie.it\/wp-content\/uploads\/2024\/06\/DSC00918.jpg 1280w\" sizes=\"auto, (max-width: 683px) 100vw, 683px\" \/><\/figure>\n<\/div>\n\n\n\n<div class=\"wp-block-column is-layout-flow wp-block-column-is-layout-flow\">\n<figure class=\"wp-block-image size-large\"><img loading=\"lazy\" decoding=\"async\" width=\"683\" height=\"1024\" src=\"https:\/\/mangiastorie.it\/wp-content\/uploads\/2024\/06\/DSC00797-683x1024.jpg\" alt=\"\" class=\"wp-image-10177\" srcset=\"https:\/\/mangiastorie.it\/wp-content\/uploads\/2024\/06\/DSC00797-683x1024.jpg 683w, https:\/\/mangiastorie.it\/wp-content\/uploads\/2024\/06\/DSC00797-200x300.jpg 200w, https:\/\/mangiastorie.it\/wp-content\/uploads\/2024\/06\/DSC00797-768x1152.jpg 768w, https:\/\/mangiastorie.it\/wp-content\/uploads\/2024\/06\/DSC00797-1024x1536.jpg 1024w, https:\/\/mangiastorie.it\/wp-content\/uploads\/2024\/06\/DSC00797.jpg 1280w\" sizes=\"auto, (max-width: 683px) 100vw, 683px\" \/><\/figure>\n<\/div>\n<\/div>\n\n<div class=\"wp-block-group container py-5\"><div class=\"wp-block-group__inner-container is-layout-constrained wp-block-group-is-layout-constrained\">\n<h2 class=\"wp-block-heading has-text-align-center h1 mb-4 has-text-color has-link-color wp-elements-f41710882f9ca71fa461d222eb349d6f\" style=\"color:#492b16\">| Italienische K\u00fcche |<\/h2>\n\n\n\n<p class=\"has-text-align-center lead mb-5\">Wir sprechen gerne \u00fcber die Urspr\u00fcnge, unsere K\u00fcche soll eine Hommage an die Aromen und die Sch\u00f6nheit <em>vergangener Zeiten<\/em> sein.<br\/>Jedes Gericht spiegelt den Wunsch wider, eine Erfahrung von der <strong>Erde auf den Tisch<\/strong> zu bringen.<br\/><\/p>\n\n\n\n<div class=\"wp-block-buttons is-content-justification-center is-layout-flex wp-container-core-buttons-is-layout-16018d1d wp-block-buttons-is-layout-flex\">\n<div class=\"wp-block-button is-style-outline is-style-outline--5\"><a class=\"wp-block-button__link has-text-color has-background has-link-color wp-element-button\" href=\"https:\/\/mangiastorie.it\/de\/menu-2\/\" style=\"border-radius:0px;color:#492b16;background-color:#eae8df\">ENTDECKEN SIE DAS MEN\u00dc<\/a><\/div>\n<\/div>\n<\/div><\/div>\n\n<div class=\"wp-block-cover has-parallax px-0 py-5 wp-duotone-unset-7\"><div class=\"wp-block-cover__image-background wp-image-11526 has-parallax\" style=\"background-position:50% 50%;background-image:url(https:\/\/mangiastorie.it\/wp-content\/uploads\/2024\/06\/DSC07791.jpg)\"><\/div><span aria-hidden=\"true\" class=\"wp-block-cover__background has-black-background-color has-background-dim-40 has-background-dim\"><\/span><div class=\"wp-block-cover__inner-container is-layout-constrained wp-block-cover-is-layout-constrained\">\n<div class=\"wp-block-group container\"><div class=\"wp-block-group__inner-container is-layout-constrained wp-block-group-is-layout-constrained\">\n<h2 class=\"wp-block-heading has-text-align-center h1 text-uppercase mb-5\">Jedes Rezept birgt eine Geschichte<\/h2>\n\n\n\n<div class=\"wp-block-buttons largegap is-content-justification-center is-layout-flex wp-container-core-buttons-is-layout-16018d1d wp-block-buttons-is-layout-flex\">\n<div class=\"wp-block-button text-uppercase is-style-outline is-style-outline--6\" data-aos=\"fade-zoom-in\"><a class=\"wp-block-button__link has-white-color has-text-color has-link-color wp-element-button\" href=\"tel:+393338200820\" style=\"border-radius:0px\">JETZT BUCHEN<\/a><\/div>\n<\/div>\n<\/div><\/div>\n<\/div><\/div>\n","protected":false},"excerpt":{"rendered":"<p>Mangiastorie ist ein Ort, an dem die Geschichten unseres Landes zum Leben erwachen. Unser bodenst\u00e4ndiges Restaurant in Cavallino Treporti ist&hellip;<\/p>\n<p class=\"rmore mb-0\"><a class=\"websoup-read-more-link fw-bold\" href=\"https:\/\/mangiastorie.it\/de\/\">Mehr lesen \u2192<\/a><\/p>\n","protected":false},"author":165,"featured_media":0,"parent":0,"menu_order":0,"comment_status":"closed","ping_status":"closed","template":"page-templates\/empty.php","meta":{"_acf_changed":false,"inline_featured_image":false,"footnotes":""},"class_list":["post-11404","page","type-page","status-publish","hentry"],"acf":[],"yoast_head":"<!-- This site is optimized with the Yoast SEO plugin v27.4 - https:\/\/yoast.com\/product\/yoast-seo-wordpress\/ -->\n<title>Mangiastorie | Willkommen im Restaurant serra in Cavallino Treporti<\/title>\n<meta name=\"description\" content=\"Entdecken Sie Mangiastorie, das Restaurant-Restaurant in Cavallino Treporti, das die Region durch ein einzigartiges gastronomisches Erlebnis feiert.\" \/>\n<meta name=\"robots\" content=\"index, follow, max-snippet:-1, max-image-preview:large, max-video-preview:-1\" \/>\n<link rel=\"canonical\" href=\"https:\/\/mangiastorie.it\/de\/\" \/>\n<meta property=\"og:locale\" content=\"de_DE\" \/>\n<meta property=\"og:type\" content=\"article\" \/>\n<meta property=\"og:title\" content=\"Mangiastorie | Willkommen im Restaurant serra in Cavallino Treporti\" \/>\n<meta property=\"og:description\" content=\"Entdecken Sie Mangiastorie, das Restaurant-Restaurant in Cavallino Treporti, das die Region durch ein einzigartiges gastronomisches Erlebnis feiert.\" \/>\n<meta property=\"og:url\" content=\"https:\/\/mangiastorie.it\/de\/\" \/>\n<meta property=\"og:site_name\" content=\"Mangiastorie\" \/>\n<meta property=\"article:modified_time\" content=\"2026-03-09T13:58:58+00:00\" \/>\n<meta property=\"og:image\" content=\"https:\/\/mangiastorie.it\/wp-content\/uploads\/2024\/10\/DSC07179.jpg\" \/>\n\t<meta property=\"og:image:width\" content=\"1280\" \/>\n\t<meta property=\"og:image:height\" content=\"1920\" \/>\n\t<meta property=\"og:image:type\" content=\"image\/jpeg\" \/>\n<meta name=\"twitter:card\" content=\"summary_large_image\" \/>\n<meta name=\"twitter:label1\" content=\"Gesch\u00e4tzte Lesezeit\" \/>\n\t<meta name=\"twitter:data1\" content=\"2\u00a0Minuten\" \/>\n<script type=\"application\/ld+json\" class=\"yoast-schema-graph\">{\"@context\":\"https:\\\/\\\/schema.org\",\"@graph\":[{\"@type\":\"WebPage\",\"@id\":\"https:\\\/\\\/mangiastorie.it\\\/de\\\/\",\"url\":\"https:\\\/\\\/mangiastorie.it\\\/de\\\/\",\"name\":\"Mangiastorie | Willkommen im Restaurant serra in Cavallino Treporti\",\"isPartOf\":{\"@id\":\"https:\\\/\\\/mangiastorie.it\\\/de\\\/#website\"},\"primaryImageOfPage\":{\"@id\":\"https:\\\/\\\/mangiastorie.it\\\/de\\\/#primaryimage\"},\"image\":{\"@id\":\"https:\\\/\\\/mangiastorie.it\\\/de\\\/#primaryimage\"},\"thumbnailUrl\":\"https:\\\/\\\/mangiastorie.it\\\/wp-content\\\/uploads\\\/2024\\\/10\\\/DSC07179-683x1024.jpg\",\"datePublished\":\"2024-05-15T12:54:54+00:00\",\"dateModified\":\"2026-03-09T13:58:58+00:00\",\"description\":\"Entdecken Sie Mangiastorie, das Restaurant-Restaurant in Cavallino Treporti, das die Region durch ein einzigartiges gastronomisches Erlebnis feiert.\",\"breadcrumb\":{\"@id\":\"https:\\\/\\\/mangiastorie.it\\\/de\\\/#breadcrumb\"},\"inLanguage\":\"de\",\"potentialAction\":[{\"@type\":\"ReadAction\",\"target\":[\"https:\\\/\\\/mangiastorie.it\\\/de\\\/\"]}]},{\"@type\":\"ImageObject\",\"inLanguage\":\"de\",\"@id\":\"https:\\\/\\\/mangiastorie.it\\\/de\\\/#primaryimage\",\"url\":\"https:\\\/\\\/mangiastorie.it\\\/wp-content\\\/uploads\\\/2024\\\/10\\\/DSC07179-683x1024.jpg\",\"contentUrl\":\"https:\\\/\\\/mangiastorie.it\\\/wp-content\\\/uploads\\\/2024\\\/10\\\/DSC07179-683x1024.jpg\"},{\"@type\":\"BreadcrumbList\",\"@id\":\"https:\\\/\\\/mangiastorie.it\\\/de\\\/#breadcrumb\",\"itemListElement\":[{\"@type\":\"ListItem\",\"position\":1,\"name\":\"Home\",\"item\":\"https:\\\/\\\/mangiastorie.it\\\/de\\\/\"},{\"@type\":\"ListItem\",\"position\":2,\"name\":\"Startseite\"}]},{\"@type\":\"WebSite\",\"@id\":\"https:\\\/\\\/mangiastorie.it\\\/de\\\/#website\",\"url\":\"https:\\\/\\\/mangiastorie.it\\\/de\\\/\",\"name\":\"Mangiastorie\",\"description\":\"Emozioni e Sapori\",\"publisher\":{\"@id\":\"https:\\\/\\\/mangiastorie.it\\\/de\\\/#organization\"},\"potentialAction\":[{\"@type\":\"SearchAction\",\"target\":{\"@type\":\"EntryPoint\",\"urlTemplate\":\"https:\\\/\\\/mangiastorie.it\\\/de\\\/?s={search_term_string}\"},\"query-input\":{\"@type\":\"PropertyValueSpecification\",\"valueRequired\":true,\"valueName\":\"search_term_string\"}}],\"inLanguage\":\"de\"},{\"@type\":\"Organization\",\"@id\":\"https:\\\/\\\/mangiastorie.it\\\/de\\\/#organization\",\"name\":\"Mangiastorie\",\"url\":\"https:\\\/\\\/mangiastorie.it\\\/de\\\/\",\"logo\":{\"@type\":\"ImageObject\",\"inLanguage\":\"de\",\"@id\":\"https:\\\/\\\/mangiastorie.it\\\/de\\\/#\\\/schema\\\/logo\\\/image\\\/\",\"url\":\"https:\\\/\\\/mangiastorie.it\\\/wp-content\\\/uploads\\\/2025\\\/06\\\/Brown-CompleteLogo-Mangiastorie-1.webp\",\"contentUrl\":\"https:\\\/\\\/mangiastorie.it\\\/wp-content\\\/uploads\\\/2025\\\/06\\\/Brown-CompleteLogo-Mangiastorie-1.webp\",\"width\":150,\"height\":64,\"caption\":\"Mangiastorie\"},\"image\":{\"@id\":\"https:\\\/\\\/mangiastorie.it\\\/de\\\/#\\\/schema\\\/logo\\\/image\\\/\"}}]}<\/script>\n<!-- \/ Yoast SEO plugin. -->","yoast_head_json":{"title":"Mangiastorie | Willkommen im Restaurant serra in Cavallino Treporti","description":"Entdecken Sie Mangiastorie, das Restaurant-Restaurant in Cavallino Treporti, das die Region durch ein einzigartiges gastronomisches Erlebnis feiert.","robots":{"index":"index","follow":"follow","max-snippet":"max-snippet:-1","max-image-preview":"max-image-preview:large","max-video-preview":"max-video-preview:-1"},"canonical":"https:\/\/mangiastorie.it\/de\/","og_locale":"de_DE","og_type":"article","og_title":"Mangiastorie | Willkommen im Restaurant serra in Cavallino Treporti","og_description":"Entdecken Sie Mangiastorie, das Restaurant-Restaurant in Cavallino Treporti, das die Region durch ein einzigartiges gastronomisches Erlebnis feiert.","og_url":"https:\/\/mangiastorie.it\/de\/","og_site_name":"Mangiastorie","article_modified_time":"2026-03-09T13:58:58+00:00","og_image":[{"width":1280,"height":1920,"url":"https:\/\/mangiastorie.it\/wp-content\/uploads\/2024\/10\/DSC07179.jpg","type":"image\/jpeg"}],"twitter_card":"summary_large_image","twitter_misc":{"Gesch\u00e4tzte Lesezeit":"2\u00a0Minuten"},"schema":{"@context":"https:\/\/schema.org","@graph":[{"@type":"WebPage","@id":"https:\/\/mangiastorie.it\/de\/","url":"https:\/\/mangiastorie.it\/de\/","name":"Mangiastorie | Willkommen im Restaurant serra in Cavallino Treporti","isPartOf":{"@id":"https:\/\/mangiastorie.it\/de\/#website"},"primaryImageOfPage":{"@id":"https:\/\/mangiastorie.it\/de\/#primaryimage"},"image":{"@id":"https:\/\/mangiastorie.it\/de\/#primaryimage"},"thumbnailUrl":"https:\/\/mangiastorie.it\/wp-content\/uploads\/2024\/10\/DSC07179-683x1024.jpg","datePublished":"2024-05-15T12:54:54+00:00","dateModified":"2026-03-09T13:58:58+00:00","description":"Entdecken Sie Mangiastorie, das Restaurant-Restaurant in Cavallino Treporti, das die Region durch ein einzigartiges gastronomisches Erlebnis feiert.","breadcrumb":{"@id":"https:\/\/mangiastorie.it\/de\/#breadcrumb"},"inLanguage":"de","potentialAction":[{"@type":"ReadAction","target":["https:\/\/mangiastorie.it\/de\/"]}]},{"@type":"ImageObject","inLanguage":"de","@id":"https:\/\/mangiastorie.it\/de\/#primaryimage","url":"https:\/\/mangiastorie.it\/wp-content\/uploads\/2024\/10\/DSC07179-683x1024.jpg","contentUrl":"https:\/\/mangiastorie.it\/wp-content\/uploads\/2024\/10\/DSC07179-683x1024.jpg"},{"@type":"BreadcrumbList","@id":"https:\/\/mangiastorie.it\/de\/#breadcrumb","itemListElement":[{"@type":"ListItem","position":1,"name":"Home","item":"https:\/\/mangiastorie.it\/de\/"},{"@type":"ListItem","position":2,"name":"Startseite"}]},{"@type":"WebSite","@id":"https:\/\/mangiastorie.it\/de\/#website","url":"https:\/\/mangiastorie.it\/de\/","name":"Mangiastorie","description":"Emozioni e Sapori","publisher":{"@id":"https:\/\/mangiastorie.it\/de\/#organization"},"potentialAction":[{"@type":"SearchAction","target":{"@type":"EntryPoint","urlTemplate":"https:\/\/mangiastorie.it\/de\/?s={search_term_string}"},"query-input":{"@type":"PropertyValueSpecification","valueRequired":true,"valueName":"search_term_string"}}],"inLanguage":"de"},{"@type":"Organization","@id":"https:\/\/mangiastorie.it\/de\/#organization","name":"Mangiastorie","url":"https:\/\/mangiastorie.it\/de\/","logo":{"@type":"ImageObject","inLanguage":"de","@id":"https:\/\/mangiastorie.it\/de\/#\/schema\/logo\/image\/","url":"https:\/\/mangiastorie.it\/wp-content\/uploads\/2025\/06\/Brown-CompleteLogo-Mangiastorie-1.webp","contentUrl":"https:\/\/mangiastorie.it\/wp-content\/uploads\/2025\/06\/Brown-CompleteLogo-Mangiastorie-1.webp","width":150,"height":64,"caption":"Mangiastorie"},"image":{"@id":"https:\/\/mangiastorie.it\/de\/#\/schema\/logo\/image\/"}}]}},"_links":{"self":[{"href":"https:\/\/mangiastorie.it\/de\/wp-json\/wp\/v2\/pages\/11404","targetHints":{"allow":["GET"]}}],"collection":[{"href":"https:\/\/mangiastorie.it\/de\/wp-json\/wp\/v2\/pages"}],"about":[{"href":"https:\/\/mangiastorie.it\/de\/wp-json\/wp\/v2\/types\/page"}],"author":[{"embeddable":true,"href":"https:\/\/mangiastorie.it\/de\/wp-json\/wp\/v2\/users\/165"}],"replies":[{"embeddable":true,"href":"https:\/\/mangiastorie.it\/de\/wp-json\/wp\/v2\/comments?post=11404"}],"version-history":[{"count":38,"href":"https:\/\/mangiastorie.it\/de\/wp-json\/wp\/v2\/pages\/11404\/revisions"}],"predecessor-version":[{"id":13844,"href":"https:\/\/mangiastorie.it\/de\/wp-json\/wp\/v2\/pages\/11404\/revisions\/13844"}],"wp:attachment":[{"href":"https:\/\/mangiastorie.it\/de\/wp-json\/wp\/v2\/media?parent=11404"}],"curies":[{"name":"wp","href":"https:\/\/api.w.org\/{rel}","templated":true}]}}