{"id":12000,"date":"2024-06-26T10:34:41","date_gmt":"2024-06-26T08:34:41","guid":{"rendered":"https:\/\/mangiastorie.it\/restaurant\/"},"modified":"2025-04-23T15:47:32","modified_gmt":"2025-04-23T13:47:32","slug":"restaurant","status":"publish","type":"page","link":"https:\/\/mangiastorie.it\/de\/restaurant\/","title":{"rendered":"Restaurant"},"content":{"rendered":"\n<p class=\"has-text-align-center maxwdt-lg lead\">Mit viel Liebe zum Detail und einem tiefen Respekt f\u00fcr unser Land arbeiten wir jeden Tag daran, ein Erlebnis zu bieten, das Herz und Gaumen ber\u00fchrt. Wir bem\u00fchen uns, eine einladende und integrative Umgebung zu schaffen, in der sich jeder Gast wie zu Hause f\u00fchlen kann.<\/p>\n\n<div style=\"height:9px\" aria-hidden=\"true\" class=\"wp-block-spacer\"><\/div>\n\n<div class=\"wp-block-columns maxwdt-lg mt-4 mb-5 is-layout-flex wp-container-core-columns-is-layout-9d6595d7 wp-block-columns-is-layout-flex\">\n<div class=\"wp-block-column is-layout-flow wp-block-column-is-layout-flow\">\n<div class=\"wp-block-buttons largegap is-content-justification-center is-layout-flex wp-container-core-buttons-is-layout-16018d1d wp-block-buttons-is-layout-flex\">\n<div class=\"wp-block-button text-uppercase is-style-outline is-style-outline--1\" data-aos=\"fade-zoom-in\"><a class=\"wp-block-button__link has-text-color has-background has-link-color wp-element-button\" href=\"https:\/\/mangiastorie.it\/de\/reservierungen\/\" style=\"border-radius:0px;color:#492b16;background-color:#eae8df\">TISCH BUCHEN<\/a><\/div>\n<\/div>\n<\/div>\n<\/div>\n\n<div class=\"wp-block-columns are-vertically-aligned-center maxwdt is-layout-flex wp-container-core-columns-is-layout-9d6595d7 wp-block-columns-is-layout-flex\">\n<div class=\"wp-block-column is-vertically-aligned-center is-layout-flow wp-block-column-is-layout-flow\">\n<figure class=\"wp-block-image size-large\"><img loading=\"lazy\" decoding=\"async\" width=\"1280\" height=\"1281\" src=\"https:\/\/mangiastorie.it\/wp-content\/uploads\/2024\/06\/DSC01015-edited-1.jpg\" alt=\"\" class=\"wp-image-10432\" srcset=\"https:\/\/mangiastorie.it\/wp-content\/uploads\/2024\/06\/DSC01015-edited-1.jpg 1280w, https:\/\/mangiastorie.it\/wp-content\/uploads\/2024\/06\/DSC01015-edited-1-300x300.jpg 300w, https:\/\/mangiastorie.it\/wp-content\/uploads\/2024\/06\/DSC01015-edited-1-1024x1024.jpg 1024w, https:\/\/mangiastorie.it\/wp-content\/uploads\/2024\/06\/DSC01015-edited-1-150x150.jpg 150w, https:\/\/mangiastorie.it\/wp-content\/uploads\/2024\/06\/DSC01015-edited-1-768x769.jpg 768w\" sizes=\"auto, (max-width: 1280px) 100vw, 1280px\" \/><\/figure>\n<\/div>\n\n\n\n<div class=\"wp-block-column is-vertically-aligned-center is-layout-flow wp-block-column-is-layout-flow\">\n<blockquote class=\"wp-block-quote is-layout-flow wp-block-quote-is-layout-flow\">\n<h2 class=\"wp-block-heading has-text-color has-link-color wp-elements-22e571d90c508cda91e11d04ba532ae8\" style=\"color:#492b16\">Unser Chefkoch<\/h2>\n\n\n\n<p class=\"maxwdt-lg\">Ich erinnere mich an den Holzofen, in dem meine Gro\u00dfmutter ihre Tage verbrachte, an das langsame Garen von <em>Mericanee im Ofen<\/em>. Ich denke oft an die Familiensonntage zur\u00fcck, an denen ich Nudeln und Gnocchi zubereitete und an die Sorgfalt, die mein Gro\u00dfvater in den Garten legte. Ich versuche, all dies durch Kochen und meine H\u00e4nde zu vermitteln.<\/p>\n<cite><em><strong>Cristian<\/strong><\/em><\/cite><\/blockquote>\n<\/div>\n<\/div>\n\n<h4 class=\"wp-block-heading has-text-align-center mb-4 has-text-color has-link-color wp-elements-f71218270dde72c0a6261d6f69319847\" id=\"chi-siamo\" style=\"color:#492b16\" data-=\"\">Jedes Rezept birgt eine Geschichte<\/h4>\n\n<p class=\"has-text-align-center maxwdt lead mb-4\" data-=\"\"><strong> <\/strong>M<strong>angiastorie<\/strong> wurde im Herzen von <strong>Cavallino Treporti<\/strong> geboren. Wir lassen uns von der lokalen Tradition inspirieren, um authentische Aromen anzubieten, die unser Gebiet feiern.<br\/><\/p>\n\n<div class=\"wp-block-columns mb-5 maxwdt-lg heffect is-layout-flex wp-container-core-columns-is-layout-9d6595d7 wp-block-columns-is-layout-flex\">\n<div class=\"wp-block-column is-layout-flow wp-block-column-is-layout-flow\" data-aos=\"fade-zoom-in\">\n<div class=\"wp-block-cover has-custom-content-position is-position-bottom-center mb-0 mb-lg-5\"><span aria-hidden=\"true\" class=\"wp-block-cover__background has-background-dim-40 has-background-dim wp-block-cover__gradient-background has-background-gradient\" style=\"background:linear-gradient(180deg,rgba(0,0,0,0) 0%,rgb(0,0,0) 100%)\"><\/span><img loading=\"lazy\" decoding=\"async\" width=\"1920\" height=\"1281\" class=\"wp-block-cover__image-background wp-image-9919\" alt=\"\" src=\"https:\/\/mangiastorie.it\/wp-content\/uploads\/2024\/05\/tradizione.jpg\" data-object-fit=\"cover\" srcset=\"https:\/\/mangiastorie.it\/wp-content\/uploads\/2024\/05\/tradizione.jpg 1920w, https:\/\/mangiastorie.it\/wp-content\/uploads\/2024\/05\/tradizione-300x200.jpg 300w, https:\/\/mangiastorie.it\/wp-content\/uploads\/2024\/05\/tradizione-1024x683.jpg 1024w, https:\/\/mangiastorie.it\/wp-content\/uploads\/2024\/05\/tradizione-768x512.jpg 768w, https:\/\/mangiastorie.it\/wp-content\/uploads\/2024\/05\/tradizione-1536x1025.jpg 1536w\" sizes=\"auto, (max-width: 1920px) 100vw, 1920px\" \/><div class=\"wp-block-cover__inner-container is-layout-constrained wp-block-cover-is-layout-constrained\">\n<h2 class=\"wp-block-heading has-text-align-center h1 mb-3 has-white-color has-text-color has-link-color wp-elements-e670746ce436ca4249e5719a56018941\">Tradition<\/h2>\n\n\n\n<p class=\"has-text-align-center mh has-white-color has-text-color has-link-color wp-elements-0c0f9233989148f1630b49864b4cd101\">Wir suchen nach Zutaten und Rezepten, die den Reichtum unseres kulinarischen Erbes widerspiegeln<\/p>\n<\/div><\/div>\n<\/div>\n\n\n\n<div class=\"wp-block-column is-layout-flow wp-block-column-is-layout-flow\" data-aos=\"fade-zoom-in\" data-aos-delay=\"200\">\n<div class=\"wp-block-cover has-custom-content-position is-position-bottom-center mb-0 mb-lg-5\"><span aria-hidden=\"true\" class=\"wp-block-cover__background has-background-dim-40 has-background-dim wp-block-cover__gradient-background has-background-gradient\" style=\"background:linear-gradient(180deg,rgba(0,0,0,0.1) 0%,rgb(0,0,0) 100%)\"><\/span><img loading=\"lazy\" decoding=\"async\" width=\"1080\" height=\"1350\" class=\"wp-block-cover__image-background wp-image-12439\" alt=\"\" src=\"https:\/\/mangiastorie.it\/wp-content\/uploads\/2024\/10\/OFFICIAL-MANGIASTORIE-5.png\" data-object-fit=\"cover\" srcset=\"https:\/\/mangiastorie.it\/wp-content\/uploads\/2024\/10\/OFFICIAL-MANGIASTORIE-5.png 1080w, https:\/\/mangiastorie.it\/wp-content\/uploads\/2024\/10\/OFFICIAL-MANGIASTORIE-5-240x300.png 240w, https:\/\/mangiastorie.it\/wp-content\/uploads\/2024\/10\/OFFICIAL-MANGIASTORIE-5-819x1024.png 819w, https:\/\/mangiastorie.it\/wp-content\/uploads\/2024\/10\/OFFICIAL-MANGIASTORIE-5-768x960.png 768w, https:\/\/mangiastorie.it\/wp-content\/uploads\/2024\/10\/OFFICIAL-MANGIASTORIE-5-600x750.png 600w\" sizes=\"auto, (max-width: 1080px) 100vw, 1080px\" \/><div class=\"wp-block-cover__inner-container is-layout-constrained wp-block-cover-is-layout-constrained\">\n<h2 class=\"wp-block-heading has-text-align-center h1 mb-3 has-white-color has-text-color has-link-color wp-elements-8a4272536336efab2f3f8c5f95c779ae\">Territorium<\/h2>\n\n\n\n<p class=\"has-text-align-center mh has-white-color has-text-color has-link-color wp-elements-abbba76cef8b26575e45dadf3d395760\">Wir f\u00f6rdern einen verantwortungsvollen Umgang mit der Umwelt, indem wir lokale und saisonale Zutaten bevorzugen.<\/p>\n<\/div><\/div>\n<\/div>\n\n\n\n<div class=\"wp-block-column is-layout-flow wp-block-column-is-layout-flow\" data-aos=\"fade-zoom-in\" data-aos-delay=\"400\">\n<div class=\"wp-block-cover has-custom-content-position is-position-bottom-center mb-0 mb-lg-5\"><span aria-hidden=\"true\" class=\"wp-block-cover__background has-background-dim-40 has-background-dim wp-block-cover__gradient-background has-background-gradient\" style=\"background:linear-gradient(180deg,rgba(0,0,0,0.1) 0%,rgb(0,0,0) 100%)\"><\/span><img loading=\"lazy\" decoding=\"async\" width=\"1280\" height=\"1920\" class=\"wp-block-cover__image-background wp-image-10167\" alt=\"\" src=\"https:\/\/mangiastorie.it\/wp-content\/uploads\/2024\/06\/DSC00744.jpg\" data-object-fit=\"cover\" srcset=\"https:\/\/mangiastorie.it\/wp-content\/uploads\/2024\/06\/DSC00744.jpg 1280w, https:\/\/mangiastorie.it\/wp-content\/uploads\/2024\/06\/DSC00744-200x300.jpg 200w, https:\/\/mangiastorie.it\/wp-content\/uploads\/2024\/06\/DSC00744-683x1024.jpg 683w, https:\/\/mangiastorie.it\/wp-content\/uploads\/2024\/06\/DSC00744-768x1152.jpg 768w, https:\/\/mangiastorie.it\/wp-content\/uploads\/2024\/06\/DSC00744-1024x1536.jpg 1024w\" sizes=\"auto, (max-width: 1280px) 100vw, 1280px\" \/><div class=\"wp-block-cover__inner-container is-layout-constrained wp-block-cover-is-layout-constrained\">\n<h2 class=\"wp-block-heading has-text-align-center h1 mb-3 has-white-color has-text-color has-link-color wp-elements-9e07845376acbabb04c8f357a0b310e7\">Konvivialit\u00e4t<\/h2>\n\n\n\n<p class=\"has-text-align-center mh has-white-color has-text-color has-link-color wp-elements-6b7dd73afeb76f9c2d37f0525d9ac5f5\">Wir wollen <br\/>den Tisch feiern, an dem jeder Moment zum Teilen wird.<\/p>\n<\/div><\/div>\n<\/div>\n<\/div>\n\n<div class=\"wp-block-buttons is-content-justification-center is-layout-flex wp-container-core-buttons-is-layout-16018d1d wp-block-buttons-is-layout-flex\">\n<div class=\"wp-block-button is-style-outline is-style-outline--2\"><a class=\"wp-block-button__link has-text-color has-background has-link-color wp-element-button\" href=\"https:\/\/mangiastorie.it\/de\/menu-2\/\" style=\"border-radius:0px;color:#492b16;background-color:#eae8df\">MEN\u00dc DURCHSUCHEN<\/a><\/div>\n<\/div>\n\n<div style=\"height:57px\" aria-hidden=\"true\" class=\"wp-block-spacer\"><\/div>\n\n<p class=\"has-text-align-center lead mb-5\">Die lokale K\u00fcche, die von <strong>Cristian Angiolin<\/strong> und seiner Brigade interpretiert und erz\u00e4hlt wird, erz\u00e4hlt von den Urspr\u00fcngen, eine Hommage an die Aromen und die Sch\u00f6nheit <em>vergangener Zeiten<\/em>.<br\/>Jedes Gericht spiegelt den Wunsch wider, eine authentische Erfahrung von der <strong>Erde auf den Tisch zu<\/strong> bringen.<\/p>\n\n<div class=\"wp-block-columns mb-5 maxwdt-lg heffect is-layout-flex wp-container-core-columns-is-layout-9d6595d7 wp-block-columns-is-layout-flex\">\n<div class=\"wp-block-column is-layout-flow wp-block-column-is-layout-flow\" data-aos=\"fade-zoom-in\">\n<div class=\"wp-block-cover has-custom-content-position is-position-bottom-center mb-0 mb-lg-5\"><span aria-hidden=\"true\" class=\"wp-block-cover__background has-background-dim-40 has-background-dim wp-block-cover__gradient-background has-background-gradient\" style=\"background:linear-gradient(180deg,rgba(0,0,0,0) 0%,rgb(0,0,0) 100%)\"><\/span><img loading=\"lazy\" decoding=\"async\" width=\"1280\" height=\"1920\" class=\"wp-block-cover__image-background wp-image-11475\" alt=\"\" src=\"https:\/\/mangiastorie.it\/wp-content\/uploads\/2024\/06\/DSC01065-1.jpg\" data-object-fit=\"cover\" srcset=\"https:\/\/mangiastorie.it\/wp-content\/uploads\/2024\/06\/DSC01065-1.jpg 1280w, https:\/\/mangiastorie.it\/wp-content\/uploads\/2024\/06\/DSC01065-1-200x300.jpg 200w, https:\/\/mangiastorie.it\/wp-content\/uploads\/2024\/06\/DSC01065-1-683x1024.jpg 683w, https:\/\/mangiastorie.it\/wp-content\/uploads\/2024\/06\/DSC01065-1-768x1152.jpg 768w, https:\/\/mangiastorie.it\/wp-content\/uploads\/2024\/06\/DSC01065-1-1024x1536.jpg 1024w\" sizes=\"auto, (max-width: 1280px) 100vw, 1280px\" \/><div class=\"wp-block-cover__inner-container is-layout-constrained wp-block-cover-is-layout-constrained\">\n<h2 class=\"wp-block-heading has-text-align-center h1 mb-3 has-white-color has-text-color has-link-color wp-elements-e670746ce436ca4249e5719a56018941\">Tradition<\/h2>\n\n\n\n<p class=\"has-text-align-center mh has-white-color has-text-color has-link-color wp-elements-3351805cae1a0cf2ce3721c8a6da8133\">Eier, Mehl und Leidenschaft.<br\/>Unsere hausgemachte Pasta verk\u00f6rpert in jedem Gericht eine Geschichte<\/p>\n<\/div><\/div>\n<\/div>\n\n\n\n<div class=\"wp-block-column is-layout-flow wp-block-column-is-layout-flow\" data-aos=\"fade-zoom-in\" data-aos-delay=\"200\">\n<div class=\"wp-block-cover has-custom-content-position is-position-bottom-center mb-0 mb-lg-5\"><span aria-hidden=\"true\" class=\"wp-block-cover__background has-background-dim-40 has-background-dim wp-block-cover__gradient-background has-background-gradient\" style=\"background:linear-gradient(180deg,rgba(0,0,0,0.1) 0%,rgb(0,0,0) 100%)\"><\/span><img loading=\"lazy\" decoding=\"async\" width=\"900\" height=\"1200\" class=\"wp-block-cover__image-background wp-image-9917\" alt=\"\" src=\"https:\/\/mangiastorie.it\/wp-content\/uploads\/2024\/05\/pesce.jpg\" data-object-fit=\"cover\" srcset=\"https:\/\/mangiastorie.it\/wp-content\/uploads\/2024\/05\/pesce.jpg 900w, https:\/\/mangiastorie.it\/wp-content\/uploads\/2024\/05\/pesce-225x300.jpg 225w, https:\/\/mangiastorie.it\/wp-content\/uploads\/2024\/05\/pesce-768x1024.jpg 768w\" sizes=\"auto, (max-width: 900px) 100vw, 900px\" \/><div class=\"wp-block-cover__inner-container is-layout-constrained wp-block-cover-is-layout-constrained\">\n<h2 class=\"wp-block-heading has-text-align-center h1 mb-3 has-white-color has-text-color has-link-color wp-elements-e44795be74c083f5af447c6a183f7edb\">Geangelt<\/h2>\n\n\n\n<p class=\"has-text-align-center mh has-white-color has-text-color has-link-color wp-elements-32853f8bf8b91af7220b445bb7ce0b60\">Unser Fisch wird jeden Tag ausgew\u00e4hlt, indem wir lokale Fischer bevorzugen und unterst\u00fctzen.<\/p>\n<\/div><\/div>\n<\/div>\n\n\n\n<div class=\"wp-block-column is-layout-flow wp-block-column-is-layout-flow\" data-aos=\"fade-zoom-in\" data-aos-delay=\"400\">\n<div class=\"wp-block-cover has-custom-content-position is-position-bottom-center mb-0 mb-lg-5\"><span aria-hidden=\"true\" class=\"wp-block-cover__background has-background-dim-40 has-background-dim wp-block-cover__gradient-background has-background-gradient\" style=\"background:linear-gradient(180deg,rgba(0,0,0,0.1) 0%,rgb(0,0,0) 100%)\"><\/span><img loading=\"lazy\" decoding=\"async\" width=\"735\" height=\"1107\" class=\"wp-block-cover__image-background wp-image-9678\" alt=\"\" src=\"https:\/\/mangiastorie.it\/wp-content\/uploads\/2024\/05\/ortaggi.jpeg\" data-object-fit=\"cover\" srcset=\"https:\/\/mangiastorie.it\/wp-content\/uploads\/2024\/05\/ortaggi.jpeg 735w, https:\/\/mangiastorie.it\/wp-content\/uploads\/2024\/05\/ortaggi-199x300.jpeg 199w, https:\/\/mangiastorie.it\/wp-content\/uploads\/2024\/05\/ortaggi-680x1024.jpeg 680w\" sizes=\"auto, (max-width: 735px) 100vw, 735px\" \/><div class=\"wp-block-cover__inner-container is-layout-constrained wp-block-cover-is-layout-constrained\">\n<h2 class=\"wp-block-heading has-text-align-center h1 mb-3 has-white-color has-text-color has-link-color wp-elements-e5c41aca190d0fca80a6e9445e482ce9\">Gem\u00fcse<\/h2>\n\n\n\n<p class=\"has-text-align-center mh has-white-color has-text-color has-link-color wp-elements-3a93b3ab3df3429bc82edbc7f3a796da\">Eine kurze, ja sehr kurze <strong>Lieferkette<\/strong>.<br\/>Unser Gem\u00fcse wird unter Ber\u00fccksichtigung der Saisonalit\u00e4t und der Artenvielfalt ausgew\u00e4hlt.<\/p>\n<\/div><\/div>\n<\/div>\n<\/div>\n\n<p><\/p>\n","protected":false},"excerpt":{"rendered":"<p>Mit viel Liebe zum Detail und einem tiefen Respekt f\u00fcr unser Land arbeiten wir jeden Tag daran, ein Erlebnis zu&hellip;<\/p>\n<p class=\"rmore mb-0\"><a class=\"websoup-read-more-link fw-bold\" href=\"https:\/\/mangiastorie.it\/de\/restaurant\/\">Mehr lesen \u2192<\/a><\/p>\n","protected":false},"author":165,"featured_media":13323,"parent":0,"menu_order":0,"comment_status":"closed","ping_status":"closed","template":"","meta":{"_acf_changed":false,"inline_featured_image":false,"footnotes":""},"class_list":["post-12000","page","type-page","status-publish","has-post-thumbnail","hentry"],"acf":[],"yoast_head":"<!-- This site is optimized with the Yoast SEO plugin v27.4 - https:\/\/yoast.com\/product\/yoast-seo-wordpress\/ -->\n<title>Mangiastorie | Restaurant - Ein authentisches Erlebnis erleben<\/title>\n<meta name=\"description\" content=\"Genie\u00dfen Sie die lokale K\u00fcche, die von unserem K\u00fcchenchef Cristian Angiolin neu interpretiert wird, f\u00fcr ein authentisches Erlebnis vom Land bis zum Tisch.\" \/>\n<meta name=\"robots\" content=\"index, follow, max-snippet:-1, max-image-preview:large, max-video-preview:-1\" \/>\n<link rel=\"canonical\" href=\"https:\/\/mangiastorie.it\/de\/restaurant\/\" \/>\n<meta property=\"og:locale\" content=\"de_DE\" \/>\n<meta property=\"og:type\" content=\"article\" \/>\n<meta property=\"og:title\" content=\"Mangiastorie | Restaurant - Ein authentisches Erlebnis erleben\" \/>\n<meta property=\"og:description\" content=\"Genie\u00dfen Sie die lokale K\u00fcche, die von unserem K\u00fcchenchef Cristian Angiolin neu interpretiert wird, f\u00fcr ein authentisches Erlebnis vom Land bis zum Tisch.\" \/>\n<meta property=\"og:url\" content=\"https:\/\/mangiastorie.it\/de\/restaurant\/\" \/>\n<meta property=\"og:site_name\" content=\"Mangiastorie\" \/>\n<meta property=\"article:modified_time\" content=\"2025-04-23T13:47:32+00:00\" \/>\n<meta property=\"og:image\" content=\"https:\/\/mangiastorie.it\/wp-content\/uploads\/2024\/06\/DSC00797.jpg\" \/>\n\t<meta property=\"og:image:width\" content=\"1280\" \/>\n\t<meta property=\"og:image:height\" content=\"1920\" \/>\n\t<meta property=\"og:image:type\" content=\"image\/jpeg\" \/>\n<meta name=\"twitter:card\" content=\"summary_large_image\" \/>\n<meta name=\"twitter:label1\" content=\"Gesch\u00e4tzte Lesezeit\" \/>\n\t<meta name=\"twitter:data1\" content=\"1\u00a0Minute\" \/>\n<script type=\"application\/ld+json\" class=\"yoast-schema-graph\">{\"@context\":\"https:\\\/\\\/schema.org\",\"@graph\":[{\"@type\":\"WebPage\",\"@id\":\"https:\\\/\\\/mangiastorie.it\\\/de\\\/restaurant\\\/\",\"url\":\"https:\\\/\\\/mangiastorie.it\\\/de\\\/restaurant\\\/\",\"name\":\"Mangiastorie | Restaurant - Ein authentisches Erlebnis erleben\",\"isPartOf\":{\"@id\":\"https:\\\/\\\/mangiastorie.it\\\/de\\\/#website\"},\"primaryImageOfPage\":{\"@id\":\"https:\\\/\\\/mangiastorie.it\\\/de\\\/restaurant\\\/#primaryimage\"},\"image\":{\"@id\":\"https:\\\/\\\/mangiastorie.it\\\/de\\\/restaurant\\\/#primaryimage\"},\"thumbnailUrl\":\"https:\\\/\\\/mangiastorie.it\\\/wp-content\\\/uploads\\\/2025\\\/08\\\/Il-ristorante.jpg\",\"datePublished\":\"2024-06-26T08:34:41+00:00\",\"dateModified\":\"2025-04-23T13:47:32+00:00\",\"description\":\"Genie\u00dfen Sie die lokale K\u00fcche, die von unserem K\u00fcchenchef Cristian Angiolin neu interpretiert wird, f\u00fcr ein authentisches Erlebnis vom Land bis zum Tisch.\",\"breadcrumb\":{\"@id\":\"https:\\\/\\\/mangiastorie.it\\\/de\\\/restaurant\\\/#breadcrumb\"},\"inLanguage\":\"de\",\"potentialAction\":[{\"@type\":\"ReadAction\",\"target\":[\"https:\\\/\\\/mangiastorie.it\\\/de\\\/restaurant\\\/\"]}]},{\"@type\":\"ImageObject\",\"inLanguage\":\"de\",\"@id\":\"https:\\\/\\\/mangiastorie.it\\\/de\\\/restaurant\\\/#primaryimage\",\"url\":\"https:\\\/\\\/mangiastorie.it\\\/wp-content\\\/uploads\\\/2025\\\/08\\\/Il-ristorante.jpg\",\"contentUrl\":\"https:\\\/\\\/mangiastorie.it\\\/wp-content\\\/uploads\\\/2025\\\/08\\\/Il-ristorante.jpg\",\"width\":1920,\"height\":1280},{\"@type\":\"BreadcrumbList\",\"@id\":\"https:\\\/\\\/mangiastorie.it\\\/de\\\/restaurant\\\/#breadcrumb\",\"itemListElement\":[{\"@type\":\"ListItem\",\"position\":1,\"name\":\"Home\",\"item\":\"https:\\\/\\\/mangiastorie.it\\\/de\\\/\"},{\"@type\":\"ListItem\",\"position\":2,\"name\":\"Restaurant\"}]},{\"@type\":\"WebSite\",\"@id\":\"https:\\\/\\\/mangiastorie.it\\\/de\\\/#website\",\"url\":\"https:\\\/\\\/mangiastorie.it\\\/de\\\/\",\"name\":\"Mangiastorie\",\"description\":\"Emozioni e Sapori\",\"publisher\":{\"@id\":\"https:\\\/\\\/mangiastorie.it\\\/de\\\/#organization\"},\"potentialAction\":[{\"@type\":\"SearchAction\",\"target\":{\"@type\":\"EntryPoint\",\"urlTemplate\":\"https:\\\/\\\/mangiastorie.it\\\/de\\\/?s={search_term_string}\"},\"query-input\":{\"@type\":\"PropertyValueSpecification\",\"valueRequired\":true,\"valueName\":\"search_term_string\"}}],\"inLanguage\":\"de\"},{\"@type\":\"Organization\",\"@id\":\"https:\\\/\\\/mangiastorie.it\\\/de\\\/#organization\",\"name\":\"Mangiastorie\",\"url\":\"https:\\\/\\\/mangiastorie.it\\\/de\\\/\",\"logo\":{\"@type\":\"ImageObject\",\"inLanguage\":\"de\",\"@id\":\"https:\\\/\\\/mangiastorie.it\\\/de\\\/#\\\/schema\\\/logo\\\/image\\\/\",\"url\":\"https:\\\/\\\/mangiastorie.it\\\/wp-content\\\/uploads\\\/2025\\\/06\\\/Brown-CompleteLogo-Mangiastorie-1.webp\",\"contentUrl\":\"https:\\\/\\\/mangiastorie.it\\\/wp-content\\\/uploads\\\/2025\\\/06\\\/Brown-CompleteLogo-Mangiastorie-1.webp\",\"width\":150,\"height\":64,\"caption\":\"Mangiastorie\"},\"image\":{\"@id\":\"https:\\\/\\\/mangiastorie.it\\\/de\\\/#\\\/schema\\\/logo\\\/image\\\/\"}}]}<\/script>\n<!-- \/ Yoast SEO plugin. -->","yoast_head_json":{"title":"Mangiastorie | Restaurant - Ein authentisches Erlebnis erleben","description":"Genie\u00dfen Sie die lokale K\u00fcche, die von unserem K\u00fcchenchef Cristian Angiolin neu interpretiert wird, f\u00fcr ein authentisches Erlebnis vom Land bis zum Tisch.","robots":{"index":"index","follow":"follow","max-snippet":"max-snippet:-1","max-image-preview":"max-image-preview:large","max-video-preview":"max-video-preview:-1"},"canonical":"https:\/\/mangiastorie.it\/de\/restaurant\/","og_locale":"de_DE","og_type":"article","og_title":"Mangiastorie | Restaurant - Ein authentisches Erlebnis erleben","og_description":"Genie\u00dfen Sie die lokale K\u00fcche, die von unserem K\u00fcchenchef Cristian Angiolin neu interpretiert wird, f\u00fcr ein authentisches Erlebnis vom Land bis zum Tisch.","og_url":"https:\/\/mangiastorie.it\/de\/restaurant\/","og_site_name":"Mangiastorie","article_modified_time":"2025-04-23T13:47:32+00:00","og_image":[{"width":1280,"height":1920,"url":"https:\/\/mangiastorie.it\/wp-content\/uploads\/2024\/06\/DSC00797.jpg","type":"image\/jpeg"}],"twitter_card":"summary_large_image","twitter_misc":{"Gesch\u00e4tzte Lesezeit":"1\u00a0Minute"},"schema":{"@context":"https:\/\/schema.org","@graph":[{"@type":"WebPage","@id":"https:\/\/mangiastorie.it\/de\/restaurant\/","url":"https:\/\/mangiastorie.it\/de\/restaurant\/","name":"Mangiastorie | Restaurant - Ein authentisches Erlebnis erleben","isPartOf":{"@id":"https:\/\/mangiastorie.it\/de\/#website"},"primaryImageOfPage":{"@id":"https:\/\/mangiastorie.it\/de\/restaurant\/#primaryimage"},"image":{"@id":"https:\/\/mangiastorie.it\/de\/restaurant\/#primaryimage"},"thumbnailUrl":"https:\/\/mangiastorie.it\/wp-content\/uploads\/2025\/08\/Il-ristorante.jpg","datePublished":"2024-06-26T08:34:41+00:00","dateModified":"2025-04-23T13:47:32+00:00","description":"Genie\u00dfen Sie die lokale K\u00fcche, die von unserem K\u00fcchenchef Cristian Angiolin neu interpretiert wird, f\u00fcr ein authentisches Erlebnis vom Land bis zum Tisch.","breadcrumb":{"@id":"https:\/\/mangiastorie.it\/de\/restaurant\/#breadcrumb"},"inLanguage":"de","potentialAction":[{"@type":"ReadAction","target":["https:\/\/mangiastorie.it\/de\/restaurant\/"]}]},{"@type":"ImageObject","inLanguage":"de","@id":"https:\/\/mangiastorie.it\/de\/restaurant\/#primaryimage","url":"https:\/\/mangiastorie.it\/wp-content\/uploads\/2025\/08\/Il-ristorante.jpg","contentUrl":"https:\/\/mangiastorie.it\/wp-content\/uploads\/2025\/08\/Il-ristorante.jpg","width":1920,"height":1280},{"@type":"BreadcrumbList","@id":"https:\/\/mangiastorie.it\/de\/restaurant\/#breadcrumb","itemListElement":[{"@type":"ListItem","position":1,"name":"Home","item":"https:\/\/mangiastorie.it\/de\/"},{"@type":"ListItem","position":2,"name":"Restaurant"}]},{"@type":"WebSite","@id":"https:\/\/mangiastorie.it\/de\/#website","url":"https:\/\/mangiastorie.it\/de\/","name":"Mangiastorie","description":"Emozioni e Sapori","publisher":{"@id":"https:\/\/mangiastorie.it\/de\/#organization"},"potentialAction":[{"@type":"SearchAction","target":{"@type":"EntryPoint","urlTemplate":"https:\/\/mangiastorie.it\/de\/?s={search_term_string}"},"query-input":{"@type":"PropertyValueSpecification","valueRequired":true,"valueName":"search_term_string"}}],"inLanguage":"de"},{"@type":"Organization","@id":"https:\/\/mangiastorie.it\/de\/#organization","name":"Mangiastorie","url":"https:\/\/mangiastorie.it\/de\/","logo":{"@type":"ImageObject","inLanguage":"de","@id":"https:\/\/mangiastorie.it\/de\/#\/schema\/logo\/image\/","url":"https:\/\/mangiastorie.it\/wp-content\/uploads\/2025\/06\/Brown-CompleteLogo-Mangiastorie-1.webp","contentUrl":"https:\/\/mangiastorie.it\/wp-content\/uploads\/2025\/06\/Brown-CompleteLogo-Mangiastorie-1.webp","width":150,"height":64,"caption":"Mangiastorie"},"image":{"@id":"https:\/\/mangiastorie.it\/de\/#\/schema\/logo\/image\/"}}]}},"_links":{"self":[{"href":"https:\/\/mangiastorie.it\/de\/wp-json\/wp\/v2\/pages\/12000","targetHints":{"allow":["GET"]}}],"collection":[{"href":"https:\/\/mangiastorie.it\/de\/wp-json\/wp\/v2\/pages"}],"about":[{"href":"https:\/\/mangiastorie.it\/de\/wp-json\/wp\/v2\/types\/page"}],"author":[{"embeddable":true,"href":"https:\/\/mangiastorie.it\/de\/wp-json\/wp\/v2\/users\/165"}],"replies":[{"embeddable":true,"href":"https:\/\/mangiastorie.it\/de\/wp-json\/wp\/v2\/comments?post=12000"}],"version-history":[{"count":4,"href":"https:\/\/mangiastorie.it\/de\/wp-json\/wp\/v2\/pages\/12000\/revisions"}],"predecessor-version":[{"id":12872,"href":"https:\/\/mangiastorie.it\/de\/wp-json\/wp\/v2\/pages\/12000\/revisions\/12872"}],"wp:featuredmedia":[{"embeddable":true,"href":"https:\/\/mangiastorie.it\/de\/wp-json\/wp\/v2\/media\/13323"}],"wp:attachment":[{"href":"https:\/\/mangiastorie.it\/de\/wp-json\/wp\/v2\/media?parent=12000"}],"curies":[{"name":"wp","href":"https:\/\/api.w.org\/{rel}","templated":true}]}}