{"id":12004,"date":"2024-06-26T14:48:03","date_gmt":"2024-06-26T12:48:03","guid":{"rendered":"https:\/\/mangiastorie.it\/ueber-uns\/"},"modified":"2025-04-23T15:46:01","modified_gmt":"2025-04-23T13:46:01","slug":"ueber-uns","status":"publish","type":"page","link":"https:\/\/mangiastorie.it\/de\/ueber-uns\/","title":{"rendered":"\u00dcber uns"},"content":{"rendered":"\n<p class=\"has-text-align-center maxwdt-lg\">MangiaStorie wurde aus der Leidenschaft f\u00fcr unser Land und dem Wunsch geboren, authentische Geschichten zu erz\u00e4hlen <strong>\n  <em>authentische Geschichten<\/em>\n<\/strong> durch Essen zu erz\u00e4hlen. In Cavallino-Treporti gelegen, ist unser <strong>\n  <em>Restaurant-Terrasse<\/em>\n<\/strong> ist ein Ort, der dem Essen, dem Wein und der Geselligkeit gewidmet ist. Jedes Gericht, das wir servieren, ist eine <strong>\n  <em>Hommage an die kulturellen Wurzeln<\/em>\n<\/strong> unserer Region, zubereitet mit frischen und unverf\u00e4lschten Zutaten, bei denen sich das Einfache mit dem Modernen verbindet und die Traditionen der Vergangenheit zelebriert werden.<\/p>\n\n<div class=\"wp-block-columns maxwdt-lg mt-4 mb-5 is-layout-flex wp-container-core-columns-is-layout-9d6595d7 wp-block-columns-is-layout-flex\">\n<div class=\"wp-block-column is-layout-flow wp-block-column-is-layout-flow\">\n<div class=\"wp-block-buttons largegap is-content-justification-center is-layout-flex wp-container-core-buttons-is-layout-16018d1d wp-block-buttons-is-layout-flex\">\n<div class=\"wp-block-button text-uppercase is-style-outline is-style-outline--1\" data-aos=\"fade-zoom-in\" data-aos-delay=\"200\"><a class=\"wp-block-button__link has-text-color has-background has-link-color wp-element-button\" href=\"https:\/\/mangiastorie.it\/de\/menu-2\/\" style=\"border-radius:0px;color:#492b16;background-color:#eae8df\">Men\u00fc<\/a><\/div>\n<\/div>\n<\/div>\n\n\n\n<div class=\"wp-block-column is-layout-flow wp-block-column-is-layout-flow\">\n<div class=\"wp-block-buttons largegap is-content-justification-center is-layout-flex wp-container-core-buttons-is-layout-16018d1d wp-block-buttons-is-layout-flex\">\n<div class=\"wp-block-button text-uppercase is-style-outline is-style-outline--2\" data-aos=\"fade-zoom-in\" data-aos-delay=\"400\"><a class=\"wp-block-button__link has-text-color has-background has-link-color wp-element-button\" href=\"https:\/\/mangiastorie.it\/de\/reservierungen\/\" style=\"border-radius:0px;color:#492b16;background-color:#eae8df\">Einen Tisch reservieren<\/a><\/div>\n<\/div>\n<\/div>\n<\/div>\n\n<div class=\"wp-block-group\" data-aos=\"fade-zoom-in\"><div class=\"wp-block-group__inner-container is-layout-constrained wp-block-group-is-layout-constrained\">\n<div class=\"wp-block-cover has-custom-content-position is-position-bottom-center mb-5 maxwdt-lg mhsmall\"><span aria-hidden=\"true\" class=\"wp-block-cover__background has-background-dim-0 has-background-dim has-background-gradient\" style=\"background:linear-gradient(180deg,rgba(0,0,0,0) 0%,rgb(0,0,0) 100%)\"><\/span><img loading=\"lazy\" decoding=\"async\" width=\"1280\" height=\"1920\" class=\"wp-block-cover__image-background wp-image-10171\" alt=\"\" src=\"https:\/\/mangiastorie.it\/wp-content\/uploads\/2024\/06\/DSC00767.jpg\" style=\"object-position:50% 44%\" data-object-fit=\"cover\" data-object-position=\"50% 44%\" srcset=\"https:\/\/mangiastorie.it\/wp-content\/uploads\/2024\/06\/DSC00767.jpg 1280w, https:\/\/mangiastorie.it\/wp-content\/uploads\/2024\/06\/DSC00767-200x300.jpg 200w, https:\/\/mangiastorie.it\/wp-content\/uploads\/2024\/06\/DSC00767-683x1024.jpg 683w, https:\/\/mangiastorie.it\/wp-content\/uploads\/2024\/06\/DSC00767-768x1152.jpg 768w, https:\/\/mangiastorie.it\/wp-content\/uploads\/2024\/06\/DSC00767-1024x1536.jpg 1024w\" sizes=\"auto, (max-width: 1280px) 100vw, 1280px\" \/><div class=\"wp-block-cover__inner-container is-layout-constrained wp-block-cover-is-layout-constrained\">\n<p class=\"has-text-align-center has-large-font-size\"><\/p>\n<\/div><\/div>\n<\/div><\/div>\n\n<h2 class=\"wp-block-heading has-text-align-center mb-4 has-text-color has-link-color wp-elements-1d1212354c0d6168ba125a43c722431b\" style=\"color:#492b16\">| Wir sind alle miteinander verflochtene Geschichten |<\/h2>\n\n<p class=\"has-text-align-center maxwdt-lg mb-5\">Jeder von uns repr\u00e4sentiert ein <strong><em>Geflecht von Geschichten<\/em><\/strong>Geschichten, die uns als Kindern erz\u00e4hlt wurden, Geschichten von Gro\u00dfeltern und Lehrern, gelebte Erfahrungen, die uns aufwachsen lie\u00dfen und uns bewegen.<br\/><strong><em>Geschichten verbinden<\/em> uns mit der Vergangenheit und projizieren uns in die Zukunft<\/strong>.<br\/>Gro\u00dfvater Vittorio pflegte zu sagen: &#8218;<em><strong>Respektiere jedes Blatt<\/strong><\/em> des Salats, wirf nichts weg&#8230;&#8220;<br\/>Er bestellte das Land mit Liebe und Geduld, denn: &#8222;egal was oder wie viel man tut, es ist <em><strong>wie<\/strong><\/em><br\/> Wir m\u00f6chten diese Momente zelebrieren, indem wir echte Zutaten in kulinarische Erlebnisse verwandeln, die unserer Tradition huldigen. Kommen Sie und entdecken Sie unsere Geschichte und <em>\n  <strong>lassen Sie sich von der Magie einh\u00fcllen<\/strong>\n<\/em>.<\/p>\n\n<div class=\"wp-block-columns is-not-stacked-on-mobile mb-5 maxwdt-lg heffect smallgap is-layout-flex wp-container-core-columns-is-layout-9d6595d7 wp-block-columns-is-layout-flex\">\n<div class=\"wp-block-column is-layout-flow wp-block-column-is-layout-flow\" data-aos=\"fade-zoom-in\">\n<div class=\"wp-block-cover has-custom-content-position is-position-bottom-center mb-0 mb-lg-3\"><span aria-hidden=\"true\" class=\"wp-block-cover__background has-background-dim-40 has-background-dim wp-block-cover__gradient-background has-background-gradient\" style=\"background:linear-gradient(180deg,rgba(0,0,0,0) 0%,rgb(0,0,0) 100%)\"><\/span><img loading=\"lazy\" decoding=\"async\" width=\"1920\" height=\"1280\" class=\"wp-block-cover__image-background wp-image-9683\" alt=\"\" src=\"https:\/\/mangiastorie.it\/wp-content\/uploads\/2024\/05\/sostenibilita.jpg\" style=\"object-position:19% 52%\" data-object-fit=\"cover\" data-object-position=\"19% 52%\" srcset=\"https:\/\/mangiastorie.it\/wp-content\/uploads\/2024\/05\/sostenibilita.jpg 1920w, https:\/\/mangiastorie.it\/wp-content\/uploads\/2024\/05\/sostenibilita-300x200.jpg 300w, https:\/\/mangiastorie.it\/wp-content\/uploads\/2024\/05\/sostenibilita-1024x683.jpg 1024w, https:\/\/mangiastorie.it\/wp-content\/uploads\/2024\/05\/sostenibilita-768x512.jpg 768w, https:\/\/mangiastorie.it\/wp-content\/uploads\/2024\/05\/sostenibilita-1536x1024.jpg 1536w\" sizes=\"auto, (max-width: 1920px) 100vw, 1920px\" \/><div class=\"wp-block-cover__inner-container is-layout-constrained wp-block-cover-is-layout-constrained\">\n<p class=\"has-text-align-center has-large-font-size\"><\/p>\n<\/div><\/div>\n<\/div>\n\n\n\n<div class=\"wp-block-column is-layout-flow wp-block-column-is-layout-flow\" data-aos=\"fade-zoom-in\" data-aos-delay=\"200\">\n<div class=\"wp-block-cover has-custom-content-position is-position-bottom-center mb-0 mb-lg-3\"><span aria-hidden=\"true\" class=\"wp-block-cover__background has-background-dim-0 has-background-dim has-background-gradient\" style=\"background:linear-gradient(180deg,rgba(0,0,0,0.1) 0%,rgb(0,0,0) 100%)\"><\/span><img loading=\"lazy\" decoding=\"async\" width=\"1280\" height=\"1920\" class=\"wp-block-cover__image-background wp-image-10225\" alt=\"\" src=\"https:\/\/mangiastorie.it\/wp-content\/uploads\/2024\/06\/DSC01044.jpg\" style=\"object-position:52% 81%\" data-object-fit=\"cover\" data-object-position=\"52% 81%\" srcset=\"https:\/\/mangiastorie.it\/wp-content\/uploads\/2024\/06\/DSC01044.jpg 1280w, https:\/\/mangiastorie.it\/wp-content\/uploads\/2024\/06\/DSC01044-200x300.jpg 200w, https:\/\/mangiastorie.it\/wp-content\/uploads\/2024\/06\/DSC01044-683x1024.jpg 683w, https:\/\/mangiastorie.it\/wp-content\/uploads\/2024\/06\/DSC01044-768x1152.jpg 768w, https:\/\/mangiastorie.it\/wp-content\/uploads\/2024\/06\/DSC01044-1024x1536.jpg 1024w\" sizes=\"auto, (max-width: 1280px) 100vw, 1280px\" \/><div class=\"wp-block-cover__inner-container is-layout-constrained wp-block-cover-is-layout-constrained\">\n<p class=\"has-text-align-center has-large-font-size\"><\/p>\n<\/div><\/div>\n<\/div>\n<\/div>\n\n<h2 class=\"wp-block-heading has-text-align-center has-text-color has-link-color wp-elements-f48681923bd78470203b115dbb5e2cb9\" style=\"color:#492b16\">| Jenseits der einfachen Mahlzeit |<\/h2>\n\n<p class=\"has-text-align-center\">Jedes Gericht ist die Frucht von <strong>\n  <em>H\u00e4nde, die mit Hingabe arbeiten<\/em>\n<\/strong>MangiaStorie will nicht nur kochen, sondern auch Emotionen wecken: die Feier eines Ereignisses, die W\u00e4rme eines Familienessens und das Kribbeln im Bauch bei einem ersten Date. Wir sind ein Kreuzungspunkt von Geschichten, Leidenschaften und Idealen, die das Herz ber\u00fchren, indem wir ein Erlebnis bieten, das \u00fcber eine einfache Mahlzeit hinausgeht.<\/p>\n\n<div class=\"wp-block-cover has-parallax px-0 py-5 wp-duotone-unset-3\"><span aria-hidden=\"true\" class=\"wp-block-cover__background has-black-background-color has-background-dim-40 has-background-dim\"><\/span><div class=\"wp-block-cover__image-background wp-image-10012 has-parallax\" style=\"background-position:50% 50%;background-image:url(https:\/\/mangiastorie.it\/wp-content\/uploads\/2024\/05\/laguna.jpg)\"><\/div><div class=\"wp-block-cover__inner-container is-layout-constrained wp-block-cover-is-layout-constrained\">\n<div class=\"wp-block-group container\"><div class=\"wp-block-group__inner-container is-layout-constrained wp-block-group-is-layout-constrained\">\n<h2 class=\"wp-block-heading has-text-align-center h1 text-uppercase mb-5\">Wir respektieren die Tradition<br\/>indem wir das Gebiet feiern<\/h2>\n<\/div><\/div>\n<\/div><\/div>\n","protected":false},"excerpt":{"rendered":"<p>MangiaStorie wurde aus der Leidenschaft f\u00fcr unser Land und dem Wunsch geboren, authentische Geschichten zu erz\u00e4hlen authentische Geschichten durch Essen&hellip;<\/p>\n<p class=\"rmore mb-0\"><a class=\"websoup-read-more-link fw-bold\" href=\"https:\/\/mangiastorie.it\/de\/ueber-uns\/\">Mehr lesen \u2192<\/a><\/p>\n","protected":false},"author":165,"featured_media":12414,"parent":0,"menu_order":0,"comment_status":"closed","ping_status":"closed","template":"","meta":{"_acf_changed":false,"inline_featured_image":false,"footnotes":""},"class_list":["post-12004","page","type-page","status-publish","has-post-thumbnail","hentry"],"acf":[],"yoast_head":"<!-- This site is optimized with the Yoast SEO plugin v27.4 - https:\/\/yoast.com\/product\/yoast-seo-wordpress\/ -->\n<title>Mangiastorie | \u00dcber uns - Authentische Geschichten und Leidenschaft f\u00fcr das Land<\/title>\n<meta name=\"description\" content=\"Mangiastorie m\u00f6chte eine Reise durch die authentischen Geschichten unserer Region sein, erz\u00e4hlt durch die Leidenschaft f\u00fcr das Essen.\" \/>\n<meta name=\"robots\" content=\"index, follow, max-snippet:-1, max-image-preview:large, max-video-preview:-1\" \/>\n<link rel=\"canonical\" href=\"https:\/\/mangiastorie.it\/de\/ueber-uns\/\" \/>\n<meta property=\"og:locale\" content=\"de_DE\" \/>\n<meta property=\"og:type\" content=\"article\" \/>\n<meta property=\"og:title\" content=\"Mangiastorie | \u00dcber uns - Authentische Geschichten und Leidenschaft f\u00fcr das Land\" \/>\n<meta property=\"og:description\" content=\"Mangiastorie m\u00f6chte eine Reise durch die authentischen Geschichten unserer Region sein, erz\u00e4hlt durch die Leidenschaft f\u00fcr das Essen.\" \/>\n<meta property=\"og:url\" content=\"https:\/\/mangiastorie.it\/de\/ueber-uns\/\" \/>\n<meta property=\"og:site_name\" content=\"Mangiastorie\" \/>\n<meta property=\"article:modified_time\" content=\"2025-04-23T13:46:01+00:00\" \/>\n<meta property=\"og:image\" content=\"https:\/\/mangiastorie.it\/wp-content\/uploads\/2024\/10\/OFFICIAL-MANGIASTORIE-2-819x1024.png\" \/>\n\t<meta property=\"og:image:width\" content=\"819\" \/>\n\t<meta property=\"og:image:height\" content=\"1024\" \/>\n\t<meta property=\"og:image:type\" content=\"image\/png\" \/>\n<meta name=\"twitter:card\" content=\"summary_large_image\" \/>\n<meta name=\"twitter:label1\" content=\"Gesch\u00e4tzte Lesezeit\" \/>\n\t<meta name=\"twitter:data1\" content=\"1\u00a0Minute\" \/>\n<script type=\"application\/ld+json\" class=\"yoast-schema-graph\">{\"@context\":\"https:\\\/\\\/schema.org\",\"@graph\":[{\"@type\":\"WebPage\",\"@id\":\"https:\\\/\\\/mangiastorie.it\\\/de\\\/ueber-uns\\\/\",\"url\":\"https:\\\/\\\/mangiastorie.it\\\/de\\\/ueber-uns\\\/\",\"name\":\"Mangiastorie | \u00dcber uns - Authentische Geschichten und Leidenschaft f\u00fcr das Land\",\"isPartOf\":{\"@id\":\"https:\\\/\\\/mangiastorie.it\\\/de\\\/#website\"},\"primaryImageOfPage\":{\"@id\":\"https:\\\/\\\/mangiastorie.it\\\/de\\\/ueber-uns\\\/#primaryimage\"},\"image\":{\"@id\":\"https:\\\/\\\/mangiastorie.it\\\/de\\\/ueber-uns\\\/#primaryimage\"},\"thumbnailUrl\":\"https:\\\/\\\/mangiastorie.it\\\/wp-content\\\/uploads\\\/2024\\\/10\\\/OFFICIAL-MANGIASTORIE-2.png\",\"datePublished\":\"2024-06-26T12:48:03+00:00\",\"dateModified\":\"2025-04-23T13:46:01+00:00\",\"description\":\"Mangiastorie m\u00f6chte eine Reise durch die authentischen Geschichten unserer Region sein, erz\u00e4hlt durch die Leidenschaft f\u00fcr das Essen.\",\"breadcrumb\":{\"@id\":\"https:\\\/\\\/mangiastorie.it\\\/de\\\/ueber-uns\\\/#breadcrumb\"},\"inLanguage\":\"de\",\"potentialAction\":[{\"@type\":\"ReadAction\",\"target\":[\"https:\\\/\\\/mangiastorie.it\\\/de\\\/ueber-uns\\\/\"]}]},{\"@type\":\"ImageObject\",\"inLanguage\":\"de\",\"@id\":\"https:\\\/\\\/mangiastorie.it\\\/de\\\/ueber-uns\\\/#primaryimage\",\"url\":\"https:\\\/\\\/mangiastorie.it\\\/wp-content\\\/uploads\\\/2024\\\/10\\\/OFFICIAL-MANGIASTORIE-2.png\",\"contentUrl\":\"https:\\\/\\\/mangiastorie.it\\\/wp-content\\\/uploads\\\/2024\\\/10\\\/OFFICIAL-MANGIASTORIE-2.png\",\"width\":1080,\"height\":1350},{\"@type\":\"BreadcrumbList\",\"@id\":\"https:\\\/\\\/mangiastorie.it\\\/de\\\/ueber-uns\\\/#breadcrumb\",\"itemListElement\":[{\"@type\":\"ListItem\",\"position\":1,\"name\":\"Home\",\"item\":\"https:\\\/\\\/mangiastorie.it\\\/de\\\/\"},{\"@type\":\"ListItem\",\"position\":2,\"name\":\"\u00dcber uns\"}]},{\"@type\":\"WebSite\",\"@id\":\"https:\\\/\\\/mangiastorie.it\\\/de\\\/#website\",\"url\":\"https:\\\/\\\/mangiastorie.it\\\/de\\\/\",\"name\":\"Mangiastorie\",\"description\":\"Emozioni e Sapori\",\"publisher\":{\"@id\":\"https:\\\/\\\/mangiastorie.it\\\/de\\\/#organization\"},\"potentialAction\":[{\"@type\":\"SearchAction\",\"target\":{\"@type\":\"EntryPoint\",\"urlTemplate\":\"https:\\\/\\\/mangiastorie.it\\\/de\\\/?s={search_term_string}\"},\"query-input\":{\"@type\":\"PropertyValueSpecification\",\"valueRequired\":true,\"valueName\":\"search_term_string\"}}],\"inLanguage\":\"de\"},{\"@type\":\"Organization\",\"@id\":\"https:\\\/\\\/mangiastorie.it\\\/de\\\/#organization\",\"name\":\"Mangiastorie\",\"url\":\"https:\\\/\\\/mangiastorie.it\\\/de\\\/\",\"logo\":{\"@type\":\"ImageObject\",\"inLanguage\":\"de\",\"@id\":\"https:\\\/\\\/mangiastorie.it\\\/de\\\/#\\\/schema\\\/logo\\\/image\\\/\",\"url\":\"https:\\\/\\\/mangiastorie.it\\\/wp-content\\\/uploads\\\/2025\\\/06\\\/Brown-CompleteLogo-Mangiastorie-1.webp\",\"contentUrl\":\"https:\\\/\\\/mangiastorie.it\\\/wp-content\\\/uploads\\\/2025\\\/06\\\/Brown-CompleteLogo-Mangiastorie-1.webp\",\"width\":150,\"height\":64,\"caption\":\"Mangiastorie\"},\"image\":{\"@id\":\"https:\\\/\\\/mangiastorie.it\\\/de\\\/#\\\/schema\\\/logo\\\/image\\\/\"}}]}<\/script>\n<!-- \/ Yoast SEO plugin. -->","yoast_head_json":{"title":"Mangiastorie | \u00dcber uns - Authentische Geschichten und Leidenschaft f\u00fcr das Land","description":"Mangiastorie m\u00f6chte eine Reise durch die authentischen Geschichten unserer Region sein, erz\u00e4hlt durch die Leidenschaft f\u00fcr das Essen.","robots":{"index":"index","follow":"follow","max-snippet":"max-snippet:-1","max-image-preview":"max-image-preview:large","max-video-preview":"max-video-preview:-1"},"canonical":"https:\/\/mangiastorie.it\/de\/ueber-uns\/","og_locale":"de_DE","og_type":"article","og_title":"Mangiastorie | \u00dcber uns - Authentische Geschichten und Leidenschaft f\u00fcr das Land","og_description":"Mangiastorie m\u00f6chte eine Reise durch die authentischen Geschichten unserer Region sein, erz\u00e4hlt durch die Leidenschaft f\u00fcr das Essen.","og_url":"https:\/\/mangiastorie.it\/de\/ueber-uns\/","og_site_name":"Mangiastorie","article_modified_time":"2025-04-23T13:46:01+00:00","og_image":[{"width":819,"height":1024,"url":"https:\/\/mangiastorie.it\/wp-content\/uploads\/2024\/10\/OFFICIAL-MANGIASTORIE-2-819x1024.png","type":"image\/png"}],"twitter_card":"summary_large_image","twitter_misc":{"Gesch\u00e4tzte Lesezeit":"1\u00a0Minute"},"schema":{"@context":"https:\/\/schema.org","@graph":[{"@type":"WebPage","@id":"https:\/\/mangiastorie.it\/de\/ueber-uns\/","url":"https:\/\/mangiastorie.it\/de\/ueber-uns\/","name":"Mangiastorie | \u00dcber uns - Authentische Geschichten und Leidenschaft f\u00fcr das Land","isPartOf":{"@id":"https:\/\/mangiastorie.it\/de\/#website"},"primaryImageOfPage":{"@id":"https:\/\/mangiastorie.it\/de\/ueber-uns\/#primaryimage"},"image":{"@id":"https:\/\/mangiastorie.it\/de\/ueber-uns\/#primaryimage"},"thumbnailUrl":"https:\/\/mangiastorie.it\/wp-content\/uploads\/2024\/10\/OFFICIAL-MANGIASTORIE-2.png","datePublished":"2024-06-26T12:48:03+00:00","dateModified":"2025-04-23T13:46:01+00:00","description":"Mangiastorie m\u00f6chte eine Reise durch die authentischen Geschichten unserer Region sein, erz\u00e4hlt durch die Leidenschaft f\u00fcr das Essen.","breadcrumb":{"@id":"https:\/\/mangiastorie.it\/de\/ueber-uns\/#breadcrumb"},"inLanguage":"de","potentialAction":[{"@type":"ReadAction","target":["https:\/\/mangiastorie.it\/de\/ueber-uns\/"]}]},{"@type":"ImageObject","inLanguage":"de","@id":"https:\/\/mangiastorie.it\/de\/ueber-uns\/#primaryimage","url":"https:\/\/mangiastorie.it\/wp-content\/uploads\/2024\/10\/OFFICIAL-MANGIASTORIE-2.png","contentUrl":"https:\/\/mangiastorie.it\/wp-content\/uploads\/2024\/10\/OFFICIAL-MANGIASTORIE-2.png","width":1080,"height":1350},{"@type":"BreadcrumbList","@id":"https:\/\/mangiastorie.it\/de\/ueber-uns\/#breadcrumb","itemListElement":[{"@type":"ListItem","position":1,"name":"Home","item":"https:\/\/mangiastorie.it\/de\/"},{"@type":"ListItem","position":2,"name":"\u00dcber uns"}]},{"@type":"WebSite","@id":"https:\/\/mangiastorie.it\/de\/#website","url":"https:\/\/mangiastorie.it\/de\/","name":"Mangiastorie","description":"Emozioni e Sapori","publisher":{"@id":"https:\/\/mangiastorie.it\/de\/#organization"},"potentialAction":[{"@type":"SearchAction","target":{"@type":"EntryPoint","urlTemplate":"https:\/\/mangiastorie.it\/de\/?s={search_term_string}"},"query-input":{"@type":"PropertyValueSpecification","valueRequired":true,"valueName":"search_term_string"}}],"inLanguage":"de"},{"@type":"Organization","@id":"https:\/\/mangiastorie.it\/de\/#organization","name":"Mangiastorie","url":"https:\/\/mangiastorie.it\/de\/","logo":{"@type":"ImageObject","inLanguage":"de","@id":"https:\/\/mangiastorie.it\/de\/#\/schema\/logo\/image\/","url":"https:\/\/mangiastorie.it\/wp-content\/uploads\/2025\/06\/Brown-CompleteLogo-Mangiastorie-1.webp","contentUrl":"https:\/\/mangiastorie.it\/wp-content\/uploads\/2025\/06\/Brown-CompleteLogo-Mangiastorie-1.webp","width":150,"height":64,"caption":"Mangiastorie"},"image":{"@id":"https:\/\/mangiastorie.it\/de\/#\/schema\/logo\/image\/"}}]}},"_links":{"self":[{"href":"https:\/\/mangiastorie.it\/de\/wp-json\/wp\/v2\/pages\/12004","targetHints":{"allow":["GET"]}}],"collection":[{"href":"https:\/\/mangiastorie.it\/de\/wp-json\/wp\/v2\/pages"}],"about":[{"href":"https:\/\/mangiastorie.it\/de\/wp-json\/wp\/v2\/types\/page"}],"author":[{"embeddable":true,"href":"https:\/\/mangiastorie.it\/de\/wp-json\/wp\/v2\/users\/165"}],"replies":[{"embeddable":true,"href":"https:\/\/mangiastorie.it\/de\/wp-json\/wp\/v2\/comments?post=12004"}],"version-history":[{"count":4,"href":"https:\/\/mangiastorie.it\/de\/wp-json\/wp\/v2\/pages\/12004\/revisions"}],"predecessor-version":[{"id":12860,"href":"https:\/\/mangiastorie.it\/de\/wp-json\/wp\/v2\/pages\/12004\/revisions\/12860"}],"wp:featuredmedia":[{"embeddable":true,"href":"https:\/\/mangiastorie.it\/de\/wp-json\/wp\/v2\/media\/12414"}],"wp:attachment":[{"href":"https:\/\/mangiastorie.it\/de\/wp-json\/wp\/v2\/media?parent=12004"}],"curies":[{"name":"wp","href":"https:\/\/api.w.org\/{rel}","templated":true}]}}