{"id":12010,"date":"2024-06-26T10:34:52","date_gmt":"2024-06-26T08:34:52","guid":{"rendered":"https:\/\/mangiastorie.it\/bottega\/"},"modified":"2025-04-23T15:45:21","modified_gmt":"2025-04-23T13:45:21","slug":"bottega","status":"publish","type":"page","link":"https:\/\/mangiastorie.it\/de\/bottega\/","title":{"rendered":"Bottega"},"content":{"rendered":"\n<p class=\"has-text-align-center maxwdt-lg\"><br\/>  Entdecken Sie die Sch\u00e4tze unserer Bottega.<br\/>Die Bottega di MangiaStorie ist eine Ecke, die den <strong><em>Exzellenz unseres Gebiets<\/em><\/strong> und noch viel mehr, jedes Produkt erz\u00e4hlt eine Geschichte, die lange vor dem Verkauf begann.<br\/>Deshalb w\u00e4hlen wir alle unsere Produkte mit der gleichen <em><strong>Sorgfalt und Leidenschaft<\/strong><\/em> wie wir sie in unsere Gerichte stecken.<\/p>\n\n<div class=\"wp-block-columns is-not-stacked-on-mobile mb-0 mb-lg-5 maxwdt-lg heffect smallgap is-layout-flex wp-container-core-columns-is-layout-9d6595d7 wp-block-columns-is-layout-flex\">\n<div class=\"wp-block-column is-layout-flow wp-block-column-is-layout-flow\" data-aos=\"fade-zoom-in\">\n<div class=\"wp-block-cover has-custom-content-position is-position-bottom-center mb-3\"><span aria-hidden=\"true\" class=\"wp-block-cover__background has-background-dim-0 has-background-dim has-background-gradient\" style=\"background:linear-gradient(180deg,rgba(0,0,0,0) 0%,rgb(0,0,0) 100%)\"><\/span><img loading=\"lazy\" decoding=\"async\" width=\"1280\" height=\"1920\" class=\"wp-block-cover__image-background wp-image-12380\" alt=\"\" src=\"https:\/\/mangiastorie.it\/wp-content\/uploads\/2024\/10\/DSC07009.jpg\" data-object-fit=\"cover\" srcset=\"https:\/\/mangiastorie.it\/wp-content\/uploads\/2024\/10\/DSC07009.jpg 1280w, https:\/\/mangiastorie.it\/wp-content\/uploads\/2024\/10\/DSC07009-200x300.jpg 200w, https:\/\/mangiastorie.it\/wp-content\/uploads\/2024\/10\/DSC07009-683x1024.jpg 683w, https:\/\/mangiastorie.it\/wp-content\/uploads\/2024\/10\/DSC07009-768x1152.jpg 768w, https:\/\/mangiastorie.it\/wp-content\/uploads\/2024\/10\/DSC07009-1024x1536.jpg 1024w, https:\/\/mangiastorie.it\/wp-content\/uploads\/2024\/10\/DSC07009-600x900.jpg 600w\" sizes=\"auto, (max-width: 1280px) 100vw, 1280px\" \/><div class=\"wp-block-cover__inner-container is-layout-constrained wp-block-cover-is-layout-constrained\">\n<p class=\"has-text-align-center has-large-font-size\"><\/p>\n<\/div><\/div>\n<\/div>\n\n\n\n<div class=\"wp-block-column is-layout-flow wp-block-column-is-layout-flow\" data-aos=\"fade-zoom-in\" data-aos-delay=\"200\">\n<div class=\"wp-block-cover has-custom-content-position is-position-bottom-center mb-3\"><span aria-hidden=\"true\" class=\"wp-block-cover__background has-background-dim-0 has-background-dim has-background-gradient\" style=\"background:linear-gradient(180deg,rgba(0,0,0,0.1) 0%,rgb(0,0,0) 100%)\"><\/span><img loading=\"lazy\" decoding=\"async\" width=\"1280\" height=\"1920\" class=\"wp-block-cover__image-background wp-image-12377\" alt=\"\" src=\"https:\/\/mangiastorie.it\/wp-content\/uploads\/2024\/10\/DSC07055.jpg\" data-object-fit=\"cover\" srcset=\"https:\/\/mangiastorie.it\/wp-content\/uploads\/2024\/10\/DSC07055.jpg 1280w, https:\/\/mangiastorie.it\/wp-content\/uploads\/2024\/10\/DSC07055-200x300.jpg 200w, https:\/\/mangiastorie.it\/wp-content\/uploads\/2024\/10\/DSC07055-683x1024.jpg 683w, https:\/\/mangiastorie.it\/wp-content\/uploads\/2024\/10\/DSC07055-768x1152.jpg 768w, https:\/\/mangiastorie.it\/wp-content\/uploads\/2024\/10\/DSC07055-1024x1536.jpg 1024w, https:\/\/mangiastorie.it\/wp-content\/uploads\/2024\/10\/DSC07055-600x900.jpg 600w\" sizes=\"auto, (max-width: 1280px) 100vw, 1280px\" \/><div class=\"wp-block-cover__inner-container is-layout-constrained wp-block-cover-is-layout-constrained\">\n<p class=\"has-text-align-center has-large-font-size\"><\/p>\n<\/div><\/div>\n<\/div>\n<\/div>\n\n<h4 class=\"wp-block-heading has-text-align-center has-text-color has-link-color wp-elements-5438fee38b44647646dab02fd9929886\" style=\"color:#492b16\">Jede Zutat erz\u00e4hlt eine Geschichte<\/h4>\n\n<p class=\"has-text-align-center\">Nehmen Sie ein St\u00fcckchen Geschichtenerz\u00e4hlen mit nach Hause, indem Sie sich von unseren Vorschl\u00e4gen inspirieren lassen und die Magie hinter jedem Produkt entdecken.<\/p>\n\n<div class=\"wp-block-group\" data-aos=\"fade-zoom-in\"><div class=\"wp-block-group__inner-container is-layout-constrained wp-block-group-is-layout-constrained\">\n<div class=\"wp-block-cover has-parallax px-0 py-5 wp-duotone-unset-1\"><span aria-hidden=\"true\" class=\"wp-block-cover__background has-black-background-color has-background-dim-40 has-background-dim\"><\/span><div class=\"wp-block-cover__image-background wp-image-10004 has-parallax\" style=\"background-position:50% 50%;background-image:url(https:\/\/mangiastorie.it\/wp-content\/uploads\/2024\/05\/LAND-JLjHOGmQQ.jpeg)\"><\/div><div class=\"wp-block-cover__inner-container is-layout-constrained wp-block-cover-is-layout-constrained\">\n<div class=\"wp-block-group container\"><div class=\"wp-block-group__inner-container is-layout-constrained wp-block-group-is-layout-constrained\">\n<h2 class=\"wp-block-heading has-text-align-center\">| Besuchen Sie uns im Laden |<\/h2>\n<\/div><\/div>\n<\/div><\/div>\n<\/div><\/div>\n","protected":false},"excerpt":{"rendered":"<p>Entdecken Sie die Sch\u00e4tze unserer Bottega.Die Bottega di MangiaStorie ist eine Ecke, die den Exzellenz unseres Gebiets und noch viel&hellip;<\/p>\n<p class=\"rmore mb-0\"><a class=\"websoup-read-more-link fw-bold\" href=\"https:\/\/mangiastorie.it\/de\/bottega\/\">Mehr lesen \u2192<\/a><\/p>\n","protected":false},"author":165,"featured_media":12375,"parent":0,"menu_order":0,"comment_status":"closed","ping_status":"closed","template":"","meta":{"_acf_changed":false,"inline_featured_image":false,"footnotes":""},"class_list":["post-12010","page","type-page","status-publish","has-post-thumbnail","hentry"],"acf":[],"yoast_head":"<!-- This site is optimized with the Yoast SEO plugin v27.5 - https:\/\/yoast.com\/product\/yoast-seo-wordpress\/ -->\n<title>Mangiastorie | Bottega - Gefragte Produkte und lokale Spitzenleistungen<\/title>\n<meta name=\"description\" content=\"Entdecken Sie den Mangiastorie-Shop, in dem jedes Produkt eine Geschichte erz\u00e4hlt, die die Exzellenz unserer Region und dar\u00fcber hinaus feiert.\" \/>\n<meta name=\"robots\" content=\"index, follow, max-snippet:-1, max-image-preview:large, max-video-preview:-1\" \/>\n<link rel=\"canonical\" href=\"https:\/\/mangiastorie.it\/de\/bottega\/\" \/>\n<meta property=\"og:locale\" content=\"de_DE\" \/>\n<meta property=\"og:type\" content=\"article\" \/>\n<meta property=\"og:title\" content=\"Mangiastorie | Bottega - Gefragte Produkte und lokale Spitzenleistungen\" \/>\n<meta property=\"og:description\" content=\"Entdecken Sie den Mangiastorie-Shop, in dem jedes Produkt eine Geschichte erz\u00e4hlt, die die Exzellenz unserer Region und dar\u00fcber hinaus feiert.\" \/>\n<meta property=\"og:url\" content=\"https:\/\/mangiastorie.it\/de\/bottega\/\" \/>\n<meta property=\"og:site_name\" content=\"Mangiastorie\" \/>\n<meta property=\"article:modified_time\" content=\"2025-04-23T13:45:21+00:00\" \/>\n<meta property=\"og:image\" content=\"https:\/\/mangiastorie.it\/wp-content\/uploads\/2024\/10\/DSC07086.jpg\" \/>\n\t<meta property=\"og:image:width\" content=\"1280\" \/>\n\t<meta property=\"og:image:height\" content=\"1920\" \/>\n\t<meta property=\"og:image:type\" content=\"image\/jpeg\" \/>\n<meta name=\"twitter:card\" content=\"summary_large_image\" \/>\n<script type=\"application\/ld+json\" class=\"yoast-schema-graph\">{\"@context\":\"https:\\\/\\\/schema.org\",\"@graph\":[{\"@type\":\"WebPage\",\"@id\":\"https:\\\/\\\/mangiastorie.it\\\/de\\\/bottega\\\/\",\"url\":\"https:\\\/\\\/mangiastorie.it\\\/de\\\/bottega\\\/\",\"name\":\"Mangiastorie | Bottega - Gefragte Produkte und lokale Spitzenleistungen\",\"isPartOf\":{\"@id\":\"https:\\\/\\\/mangiastorie.it\\\/de\\\/#website\"},\"primaryImageOfPage\":{\"@id\":\"https:\\\/\\\/mangiastorie.it\\\/de\\\/bottega\\\/#primaryimage\"},\"image\":{\"@id\":\"https:\\\/\\\/mangiastorie.it\\\/de\\\/bottega\\\/#primaryimage\"},\"thumbnailUrl\":\"https:\\\/\\\/mangiastorie.it\\\/wp-content\\\/uploads\\\/2024\\\/10\\\/DSC07086.jpg\",\"datePublished\":\"2024-06-26T08:34:52+00:00\",\"dateModified\":\"2025-04-23T13:45:21+00:00\",\"description\":\"Entdecken Sie den Mangiastorie-Shop, in dem jedes Produkt eine Geschichte erz\u00e4hlt, die die Exzellenz unserer Region und dar\u00fcber hinaus feiert.\",\"breadcrumb\":{\"@id\":\"https:\\\/\\\/mangiastorie.it\\\/de\\\/bottega\\\/#breadcrumb\"},\"inLanguage\":\"de\",\"potentialAction\":[{\"@type\":\"ReadAction\",\"target\":[\"https:\\\/\\\/mangiastorie.it\\\/de\\\/bottega\\\/\"]}]},{\"@type\":\"ImageObject\",\"inLanguage\":\"de\",\"@id\":\"https:\\\/\\\/mangiastorie.it\\\/de\\\/bottega\\\/#primaryimage\",\"url\":\"https:\\\/\\\/mangiastorie.it\\\/wp-content\\\/uploads\\\/2024\\\/10\\\/DSC07086.jpg\",\"contentUrl\":\"https:\\\/\\\/mangiastorie.it\\\/wp-content\\\/uploads\\\/2024\\\/10\\\/DSC07086.jpg\",\"width\":1280,\"height\":1920},{\"@type\":\"BreadcrumbList\",\"@id\":\"https:\\\/\\\/mangiastorie.it\\\/de\\\/bottega\\\/#breadcrumb\",\"itemListElement\":[{\"@type\":\"ListItem\",\"position\":1,\"name\":\"Home\",\"item\":\"https:\\\/\\\/mangiastorie.it\\\/de\\\/\"},{\"@type\":\"ListItem\",\"position\":2,\"name\":\"Bottega\"}]},{\"@type\":\"WebSite\",\"@id\":\"https:\\\/\\\/mangiastorie.it\\\/de\\\/#website\",\"url\":\"https:\\\/\\\/mangiastorie.it\\\/de\\\/\",\"name\":\"Mangiastorie\",\"description\":\"Emozioni e Sapori\",\"publisher\":{\"@id\":\"https:\\\/\\\/mangiastorie.it\\\/de\\\/#organization\"},\"potentialAction\":[{\"@type\":\"SearchAction\",\"target\":{\"@type\":\"EntryPoint\",\"urlTemplate\":\"https:\\\/\\\/mangiastorie.it\\\/de\\\/?s={search_term_string}\"},\"query-input\":{\"@type\":\"PropertyValueSpecification\",\"valueRequired\":true,\"valueName\":\"search_term_string\"}}],\"inLanguage\":\"de\"},{\"@type\":\"Organization\",\"@id\":\"https:\\\/\\\/mangiastorie.it\\\/de\\\/#organization\",\"name\":\"Mangiastorie\",\"url\":\"https:\\\/\\\/mangiastorie.it\\\/de\\\/\",\"logo\":{\"@type\":\"ImageObject\",\"inLanguage\":\"de\",\"@id\":\"https:\\\/\\\/mangiastorie.it\\\/de\\\/#\\\/schema\\\/logo\\\/image\\\/\",\"url\":\"https:\\\/\\\/mangiastorie.it\\\/wp-content\\\/uploads\\\/2025\\\/06\\\/Brown-CompleteLogo-Mangiastorie-1.webp\",\"contentUrl\":\"https:\\\/\\\/mangiastorie.it\\\/wp-content\\\/uploads\\\/2025\\\/06\\\/Brown-CompleteLogo-Mangiastorie-1.webp\",\"width\":150,\"height\":64,\"caption\":\"Mangiastorie\"},\"image\":{\"@id\":\"https:\\\/\\\/mangiastorie.it\\\/de\\\/#\\\/schema\\\/logo\\\/image\\\/\"}}]}<\/script>\n<!-- \/ Yoast SEO plugin. -->","yoast_head_json":{"title":"Mangiastorie | Bottega - Gefragte Produkte und lokale Spitzenleistungen","description":"Entdecken Sie den Mangiastorie-Shop, in dem jedes Produkt eine Geschichte erz\u00e4hlt, die die Exzellenz unserer Region und dar\u00fcber hinaus feiert.","robots":{"index":"index","follow":"follow","max-snippet":"max-snippet:-1","max-image-preview":"max-image-preview:large","max-video-preview":"max-video-preview:-1"},"canonical":"https:\/\/mangiastorie.it\/de\/bottega\/","og_locale":"de_DE","og_type":"article","og_title":"Mangiastorie | Bottega - Gefragte Produkte und lokale Spitzenleistungen","og_description":"Entdecken Sie den Mangiastorie-Shop, in dem jedes Produkt eine Geschichte erz\u00e4hlt, die die Exzellenz unserer Region und dar\u00fcber hinaus feiert.","og_url":"https:\/\/mangiastorie.it\/de\/bottega\/","og_site_name":"Mangiastorie","article_modified_time":"2025-04-23T13:45:21+00:00","og_image":[{"width":1280,"height":1920,"url":"https:\/\/mangiastorie.it\/wp-content\/uploads\/2024\/10\/DSC07086.jpg","type":"image\/jpeg"}],"twitter_card":"summary_large_image","schema":{"@context":"https:\/\/schema.org","@graph":[{"@type":"WebPage","@id":"https:\/\/mangiastorie.it\/de\/bottega\/","url":"https:\/\/mangiastorie.it\/de\/bottega\/","name":"Mangiastorie | Bottega - Gefragte Produkte und lokale Spitzenleistungen","isPartOf":{"@id":"https:\/\/mangiastorie.it\/de\/#website"},"primaryImageOfPage":{"@id":"https:\/\/mangiastorie.it\/de\/bottega\/#primaryimage"},"image":{"@id":"https:\/\/mangiastorie.it\/de\/bottega\/#primaryimage"},"thumbnailUrl":"https:\/\/mangiastorie.it\/wp-content\/uploads\/2024\/10\/DSC07086.jpg","datePublished":"2024-06-26T08:34:52+00:00","dateModified":"2025-04-23T13:45:21+00:00","description":"Entdecken Sie den Mangiastorie-Shop, in dem jedes Produkt eine Geschichte erz\u00e4hlt, die die Exzellenz unserer Region und dar\u00fcber hinaus feiert.","breadcrumb":{"@id":"https:\/\/mangiastorie.it\/de\/bottega\/#breadcrumb"},"inLanguage":"de","potentialAction":[{"@type":"ReadAction","target":["https:\/\/mangiastorie.it\/de\/bottega\/"]}]},{"@type":"ImageObject","inLanguage":"de","@id":"https:\/\/mangiastorie.it\/de\/bottega\/#primaryimage","url":"https:\/\/mangiastorie.it\/wp-content\/uploads\/2024\/10\/DSC07086.jpg","contentUrl":"https:\/\/mangiastorie.it\/wp-content\/uploads\/2024\/10\/DSC07086.jpg","width":1280,"height":1920},{"@type":"BreadcrumbList","@id":"https:\/\/mangiastorie.it\/de\/bottega\/#breadcrumb","itemListElement":[{"@type":"ListItem","position":1,"name":"Home","item":"https:\/\/mangiastorie.it\/de\/"},{"@type":"ListItem","position":2,"name":"Bottega"}]},{"@type":"WebSite","@id":"https:\/\/mangiastorie.it\/de\/#website","url":"https:\/\/mangiastorie.it\/de\/","name":"Mangiastorie","description":"Emozioni e Sapori","publisher":{"@id":"https:\/\/mangiastorie.it\/de\/#organization"},"potentialAction":[{"@type":"SearchAction","target":{"@type":"EntryPoint","urlTemplate":"https:\/\/mangiastorie.it\/de\/?s={search_term_string}"},"query-input":{"@type":"PropertyValueSpecification","valueRequired":true,"valueName":"search_term_string"}}],"inLanguage":"de"},{"@type":"Organization","@id":"https:\/\/mangiastorie.it\/de\/#organization","name":"Mangiastorie","url":"https:\/\/mangiastorie.it\/de\/","logo":{"@type":"ImageObject","inLanguage":"de","@id":"https:\/\/mangiastorie.it\/de\/#\/schema\/logo\/image\/","url":"https:\/\/mangiastorie.it\/wp-content\/uploads\/2025\/06\/Brown-CompleteLogo-Mangiastorie-1.webp","contentUrl":"https:\/\/mangiastorie.it\/wp-content\/uploads\/2025\/06\/Brown-CompleteLogo-Mangiastorie-1.webp","width":150,"height":64,"caption":"Mangiastorie"},"image":{"@id":"https:\/\/mangiastorie.it\/de\/#\/schema\/logo\/image\/"}}]}},"_links":{"self":[{"href":"https:\/\/mangiastorie.it\/de\/wp-json\/wp\/v2\/pages\/12010","targetHints":{"allow":["GET"]}}],"collection":[{"href":"https:\/\/mangiastorie.it\/de\/wp-json\/wp\/v2\/pages"}],"about":[{"href":"https:\/\/mangiastorie.it\/de\/wp-json\/wp\/v2\/types\/page"}],"author":[{"embeddable":true,"href":"https:\/\/mangiastorie.it\/de\/wp-json\/wp\/v2\/users\/165"}],"replies":[{"embeddable":true,"href":"https:\/\/mangiastorie.it\/de\/wp-json\/wp\/v2\/comments?post=12010"}],"version-history":[{"count":4,"href":"https:\/\/mangiastorie.it\/de\/wp-json\/wp\/v2\/pages\/12010\/revisions"}],"predecessor-version":[{"id":12854,"href":"https:\/\/mangiastorie.it\/de\/wp-json\/wp\/v2\/pages\/12010\/revisions\/12854"}],"wp:featuredmedia":[{"embeddable":true,"href":"https:\/\/mangiastorie.it\/de\/wp-json\/wp\/v2\/media\/12375"}],"wp:attachment":[{"href":"https:\/\/mangiastorie.it\/de\/wp-json\/wp\/v2\/media?parent=12010"}],"curies":[{"name":"wp","href":"https:\/\/api.w.org\/{rel}","templated":true}]}}