{"id":12012,"date":"2024-06-26T15:17:32","date_gmt":"2024-06-26T13:17:32","guid":{"rendered":"https:\/\/mangiastorie.it\/ereignisse\/"},"modified":"2025-04-23T15:50:54","modified_gmt":"2025-04-23T13:50:54","slug":"ereignisse","status":"publish","type":"page","link":"https:\/\/mangiastorie.it\/de\/ereignisse\/","title":{"rendered":"Private Veranstaltungen"},"content":{"rendered":"\n<h2 class=\"wp-block-heading has-text-align-center mb-4 has-text-color has-link-color wp-elements-60da814b62b05638be209fb7b5814d2d\" style=\"color:#492b16\"><strong>EIN GEW\u00c4CHSHAUS SPEZIELL F\u00dcR<\/strong> IHRE VERANSTALTUNGEN<\/h2>\n\n<p class=\"has-text-align-center maxwdt-lg\">MangiaStorie ist der ideale Ort, um Ihre besonderen Momente zu feiern. Wir bieten <em>\n  <strong>gem\u00fctliche R\u00e4ume<\/strong>\n<\/em> und eine einzigartige Atmosph\u00e4re f\u00fcr private und gesch\u00e4ftliche Veranstaltungen. Wir k\u00fcmmern uns um jedes Detail, damit jeder Anlass <em>\n  <strong>unvergesslich<\/strong>\n<\/em>.<\/p>\n\n<div class=\"wp-block-buttons my-5 is-content-justification-center is-layout-flex wp-container-core-buttons-is-layout-16018d1d wp-block-buttons-is-layout-flex\">\n<div class=\"wp-block-button text-uppercase is-style-outline is-style-outline--1\" data-aos=\"fade-zoom-in\" data-aos-delay=\"200\"><a class=\"wp-block-button__link has-text-color has-background has-link-color wp-element-button\" href=\"tel:+393338200820\" style=\"border-radius:0px;color:#492b16;background-color:#eae8df\">BUCHEN SIE IHR EVENT  <\/a><\/div>\n<\/div>\n\n<div class=\"wp-block-columns are-vertically-aligned-center changeorder is-layout-flex wp-container-core-columns-is-layout-9d6595d7 wp-block-columns-is-layout-flex\">\n<div class=\"wp-block-column is-vertically-aligned-center is-layout-flow wp-block-column-is-layout-flow\">\n<figure class=\"wp-block-image size-large\"><img loading=\"lazy\" decoding=\"async\" width=\"768\" height=\"1024\" src=\"https:\/\/mangiastorie.it\/wp-content\/uploads\/2024\/10\/c9b9a897-3703-4b6e-ab56-aa4cf5917fd8-768x1024.jpg\" alt=\"\" class=\"wp-image-12469\" srcset=\"https:\/\/mangiastorie.it\/wp-content\/uploads\/2024\/10\/c9b9a897-3703-4b6e-ab56-aa4cf5917fd8-768x1024.jpg 768w, https:\/\/mangiastorie.it\/wp-content\/uploads\/2024\/10\/c9b9a897-3703-4b6e-ab56-aa4cf5917fd8-225x300.jpg 225w, https:\/\/mangiastorie.it\/wp-content\/uploads\/2024\/10\/c9b9a897-3703-4b6e-ab56-aa4cf5917fd8-1152x1536.jpg 1152w, https:\/\/mangiastorie.it\/wp-content\/uploads\/2024\/10\/c9b9a897-3703-4b6e-ab56-aa4cf5917fd8-600x800.jpg 600w, https:\/\/mangiastorie.it\/wp-content\/uploads\/2024\/10\/c9b9a897-3703-4b6e-ab56-aa4cf5917fd8.jpg 1440w\" sizes=\"auto, (max-width: 768px) 100vw, 768px\" \/><\/figure>\n<\/div>\n\n\n\n<div class=\"wp-block-column is-vertically-aligned-center is-layout-flow wp-block-column-is-layout-flow\">\n<h2 class=\"wp-block-heading has-text-align-right h1, mb-4 has-text-color has-link-color wp-elements-ef344921591e0ec752ab2ad39fefabd6\" style=\"color:#492b16\"><strong>GEW\u00c4CHSHAUS-HOCHZEIT<\/strong><\/h2>\n\n\n\n<p class=\"has-text-align-right\">Jede Hochzeit zelebriert eine <strong><em>Liebesgeschichte<\/em><\/strong> einzigartig. Wir engagieren uns daf\u00fcr, dass Ihr <strong><em>unvergesslichen Tag<\/em><\/strong>indem wir uns gemeinsam um jedes Detail f\u00fcr ein magisches Ereignis k\u00fcmmern.<\/p>\n<\/div>\n<\/div>\n\n<div class=\"wp-block-columns are-vertically-aligned-center text-center is-layout-flex wp-container-core-columns-is-layout-9d6595d7 wp-block-columns-is-layout-flex\">\n<div class=\"wp-block-column is-vertically-aligned-center is-layout-flow wp-block-column-is-layout-flow\">\n<figure class=\"wp-block-image size-large\"><img loading=\"lazy\" decoding=\"async\" width=\"683\" height=\"1024\" src=\"https:\/\/mangiastorie.it\/wp-content\/uploads\/2024\/06\/DSC01081-683x1024.jpg\" alt=\"\" class=\"wp-image-10229\" style=\"aspect-ratio:1;object-fit:cover\" srcset=\"https:\/\/mangiastorie.it\/wp-content\/uploads\/2024\/06\/DSC01081-683x1024.jpg 683w, https:\/\/mangiastorie.it\/wp-content\/uploads\/2024\/06\/DSC01081-200x300.jpg 200w, https:\/\/mangiastorie.it\/wp-content\/uploads\/2024\/06\/DSC01081-768x1152.jpg 768w, https:\/\/mangiastorie.it\/wp-content\/uploads\/2024\/06\/DSC01081-1024x1536.jpg 1024w, https:\/\/mangiastorie.it\/wp-content\/uploads\/2024\/06\/DSC01081.jpg 1280w\" sizes=\"auto, (max-width: 683px) 100vw, 683px\" \/><\/figure>\n<\/div>\n\n\n\n<div class=\"wp-block-column is-vertically-aligned-center is-layout-flow wp-block-column-is-layout-flow\">\n<h2 class=\"wp-block-heading has-text-align-left h1, mb-4 has-text-color has-link-color wp-elements-dd1abd47aa29a40ed1f24e2547c3163d\" style=\"color:#492b16\">PRIVATE VERANSTALTUNGEN<\/h2>\n\n\n\n<p class=\"has-text-align-left\">Bei MangiaStorie machen wir jede Veranstaltung zu einem<strong>einzigartigen Erlebnis<\/strong>, sei es eine intime Feier oder ein Firmenevent. Wir bieten einen <strong>ma\u00dfgeschneiderten Service<\/strong>, der Professionalit\u00e4t und Geselligkeit f\u00fcr Veranstaltungen kombiniert, die einen bleibenden Eindruck hinterlassen.<\/p>\n<\/div>\n<\/div>\n\n<div style=\"height:30px\" aria-hidden=\"true\" class=\"wp-block-spacer\"><\/div>\n\n<h2 class=\"wp-block-heading has-text-align-center h1, mb-4 has-text-color has-link-color wp-elements-b1bda03a6b4068b341e47694757f029f\" style=\"color:#492b16\">LOCATION<\/h2>\n\n<h3 class=\"wp-block-heading has-text-align-left has-text-color has-link-color wp-elements-5fa6386f3e217b2eb33a107b7586e44a\" style=\"color:#492b16\">SERRA<\/h3>\n\n<p class=\"arrowlist\">Der Saal im Hauptkomplex ist <strong>\n  <em>ger\u00e4umig und vielseitig<\/em>\n<\/strong>perfekt f\u00fcr Gesch\u00e4ftstreffen, B\u00fcffets und jede Art von Veranstaltung. Ein elegantes Ambiente, das allen Anspr\u00fcchen gerecht wird und Platz f\u00fcr bis zu 70 G\u00e4ste bietet.<\/p>\n\n<h3 class=\"wp-block-heading has-text-align-left has-text-color has-link-color wp-elements-640770126956ef9ce3074ae1c1e83cfc\" style=\"color:#492b16\">GARTEN<\/h3>\n\n<p class=\"arrowlist\">Unser Garten ist von viel Gr\u00fcn umgeben, ideal f\u00fcr Aperitifs im Freien und mit einem Kinderspielplatz ausgestattet. Eine <strong>\n  <em>Oase der Ruhe<\/em>\n<\/strong> um w\u00e4hrend Ihrer Veranstaltungen die frische Luft zu genie\u00dfen.<\/p>\n\n<h3 class=\"wp-block-heading has-text-align-left has-text-color has-link-color wp-elements-4e26c202c6557c1d19f07cb74aff56cc\" style=\"color:#492b16\">BISTROT<\/h3>\n\n<p class=\"arrowlist\">Eine Umgebung <strong>\n  <em>intim und gem\u00fctlich<\/em>\n<\/strong> perfekt f\u00fcr Verkostungen, Meetings und Schulungen, mit Platz f\u00fcr bis zu 30 Personen.<\/p>\n\n<div style=\"height:30px\" aria-hidden=\"true\" class=\"wp-block-spacer\"><\/div>\n\n<div class=\"wp-block-columns mb-5 maxwdt-lg heffect is-layout-flex wp-container-core-columns-is-layout-9d6595d7 wp-block-columns-is-layout-flex\">\n<div class=\"wp-block-column is-layout-flow wp-block-column-is-layout-flow\" data-aos=\"fade-zoom-in\">\n<div class=\"wp-block-cover has-custom-content-position is-position-bottom-center mb-0 mb-lg-3\"><span aria-hidden=\"true\" class=\"wp-block-cover__background has-background-dim-40 has-background-dim wp-block-cover__gradient-background has-background-gradient\" style=\"background:linear-gradient(180deg,rgba(0,0,0,0.1) 0%,rgb(0,0,0) 100%)\"><\/span><img loading=\"lazy\" decoding=\"async\" width=\"1920\" height=\"1280\" class=\"wp-block-cover__image-background wp-image-10230\" alt=\"\" src=\"https:\/\/mangiastorie.it\/wp-content\/uploads\/2024\/06\/DSC01089.jpg\" data-object-fit=\"cover\" srcset=\"https:\/\/mangiastorie.it\/wp-content\/uploads\/2024\/06\/DSC01089.jpg 1920w, https:\/\/mangiastorie.it\/wp-content\/uploads\/2024\/06\/DSC01089-300x200.jpg 300w, https:\/\/mangiastorie.it\/wp-content\/uploads\/2024\/06\/DSC01089-1024x683.jpg 1024w, https:\/\/mangiastorie.it\/wp-content\/uploads\/2024\/06\/DSC01089-768x512.jpg 768w, https:\/\/mangiastorie.it\/wp-content\/uploads\/2024\/06\/DSC01089-1536x1024.jpg 1536w\" sizes=\"auto, (max-width: 1920px) 100vw, 1920px\" \/><div class=\"wp-block-cover__inner-container is-layout-constrained wp-block-cover-is-layout-constrained\">\n<h2 class=\"wp-block-heading has-text-align-center\">SERRA<\/h2>\n<\/div><\/div>\n<\/div>\n\n\n\n<div class=\"wp-block-column is-layout-flow wp-block-column-is-layout-flow\" data-aos=\"fade-zoom-in\" data-aos-delay=\"200\">\n<div class=\"wp-block-cover has-custom-content-position is-position-bottom-center mb-0 mb-lg-3\"><span aria-hidden=\"true\" class=\"wp-block-cover__background has-background-dim-40 has-background-dim wp-block-cover__gradient-background has-background-gradient\" style=\"background:linear-gradient(180deg,rgba(0,0,0,0) 0%,rgb(0,0,0) 100%)\"><\/span><img loading=\"lazy\" decoding=\"async\" width=\"1280\" height=\"1920\" class=\"wp-block-cover__image-background wp-image-11523\" alt=\"\" src=\"https:\/\/mangiastorie.it\/wp-content\/uploads\/2024\/06\/DSC07790.jpg\" data-object-fit=\"cover\" srcset=\"https:\/\/mangiastorie.it\/wp-content\/uploads\/2024\/06\/DSC07790.jpg 1280w, https:\/\/mangiastorie.it\/wp-content\/uploads\/2024\/06\/DSC07790-200x300.jpg 200w, https:\/\/mangiastorie.it\/wp-content\/uploads\/2024\/06\/DSC07790-683x1024.jpg 683w, https:\/\/mangiastorie.it\/wp-content\/uploads\/2024\/06\/DSC07790-768x1152.jpg 768w, https:\/\/mangiastorie.it\/wp-content\/uploads\/2024\/06\/DSC07790-1024x1536.jpg 1024w\" sizes=\"auto, (max-width: 1280px) 100vw, 1280px\" \/><div class=\"wp-block-cover__inner-container is-layout-constrained wp-block-cover-is-layout-constrained\">\n<h2 class=\"wp-block-heading has-text-align-center has-white-color has-text-color has-link-color wp-elements-76d035f6e3a8646d6890b6ea633dc108\">GARTEN<\/h2>\n<\/div><\/div>\n<\/div>\n\n\n\n<div class=\"wp-block-column is-layout-flow wp-block-column-is-layout-flow\" data-aos=\"fade-zoom-in\" data-aos-delay=\"400\">\n<div class=\"wp-block-cover has-custom-content-position is-position-bottom-center mb-0 mb-lg-3\"><span aria-hidden=\"true\" class=\"wp-block-cover__background has-background-dim-40 has-background-dim wp-block-cover__gradient-background has-background-gradient\" style=\"background:linear-gradient(180deg,rgba(0,0,0,0.1) 0%,rgb(0,0,0) 100%)\"><\/span><img loading=\"lazy\" decoding=\"async\" width=\"1280\" height=\"1920\" class=\"wp-block-cover__image-background wp-image-10237\" alt=\"\" src=\"https:\/\/mangiastorie.it\/wp-content\/uploads\/2024\/06\/DSC01141.jpg\" data-object-fit=\"cover\" srcset=\"https:\/\/mangiastorie.it\/wp-content\/uploads\/2024\/06\/DSC01141.jpg 1280w, https:\/\/mangiastorie.it\/wp-content\/uploads\/2024\/06\/DSC01141-200x300.jpg 200w, https:\/\/mangiastorie.it\/wp-content\/uploads\/2024\/06\/DSC01141-683x1024.jpg 683w, https:\/\/mangiastorie.it\/wp-content\/uploads\/2024\/06\/DSC01141-768x1152.jpg 768w, https:\/\/mangiastorie.it\/wp-content\/uploads\/2024\/06\/DSC01141-1024x1536.jpg 1024w\" sizes=\"auto, (max-width: 1280px) 100vw, 1280px\" \/><div class=\"wp-block-cover__inner-container is-layout-constrained wp-block-cover-is-layout-constrained\">\n<h2 class=\"wp-block-heading has-text-align-center\">BISTROT<\/h2>\n<\/div><\/div>\n<\/div>\n<\/div>\n\n<div class=\"wp-block-buttons my-5 is-content-justification-center is-layout-flex wp-container-core-buttons-is-layout-16018d1d wp-block-buttons-is-layout-flex\">\n<div class=\"wp-block-button text-uppercase is-style-outline is-style-outline--2\" data-aos=\"fade-zoom-in\" data-aos-delay=\"200\"><a class=\"wp-block-button__link has-text-color has-background has-link-color wp-element-button\" href=\"tel:+393338200820\" style=\"border-radius:0px;color:#492b16;background-color:#eae8df\">KONTAKT US<\/a><\/div>\n<\/div>\n\n<div style=\"height:100px\" aria-hidden=\"true\" class=\"wp-block-spacer\"><\/div>\n","protected":false},"excerpt":{"rendered":"<p>EIN GEW\u00c4CHSHAUS SPEZIELL F\u00dcR IHRE VERANSTALTUNGEN MangiaStorie ist der ideale Ort, um Ihre besonderen Momente zu feiern. Wir bieten gem\u00fctliche&hellip;<\/p>\n<p class=\"rmore mb-0\"><a class=\"websoup-read-more-link fw-bold\" href=\"https:\/\/mangiastorie.it\/de\/ereignisse\/\">Mehr lesen \u2192<\/a><\/p>\n","protected":false},"author":165,"featured_media":11531,"parent":0,"menu_order":0,"comment_status":"closed","ping_status":"closed","template":"","meta":{"_acf_changed":false,"inline_featured_image":false,"footnotes":""},"class_list":["post-12012","page","type-page","status-publish","has-post-thumbnail","hentry"],"acf":[],"yoast_head":"<!-- This site is optimized with the Yoast SEO plugin v27.5 - https:\/\/yoast.com\/product\/yoast-seo-wordpress\/ -->\n<title>Mangiastorie | Eine einzigartige Location f\u00fcr private und gesch\u00e4ftliche Veranstaltungen<\/title>\n<meta name=\"description\" content=\"Ein idealer Ort f\u00fcr private und gesch\u00e4ftliche Veranstaltungen. Einzigartige Gew\u00e4chshausatmosph\u00e4re, Liebe zum Detail und authentische K\u00fcche.\" \/>\n<meta name=\"robots\" content=\"index, follow, max-snippet:-1, max-image-preview:large, max-video-preview:-1\" \/>\n<link rel=\"canonical\" href=\"https:\/\/mangiastorie.it\/de\/ereignisse\/\" \/>\n<meta property=\"og:locale\" content=\"de_DE\" \/>\n<meta property=\"og:type\" content=\"article\" \/>\n<meta property=\"og:title\" content=\"Mangiastorie | Eine einzigartige Location f\u00fcr private und gesch\u00e4ftliche Veranstaltungen\" \/>\n<meta property=\"og:description\" content=\"Ein idealer Ort f\u00fcr private und gesch\u00e4ftliche Veranstaltungen. Einzigartige Gew\u00e4chshausatmosph\u00e4re, Liebe zum Detail und authentische K\u00fcche.\" \/>\n<meta property=\"og:url\" content=\"https:\/\/mangiastorie.it\/de\/ereignisse\/\" \/>\n<meta property=\"og:site_name\" content=\"Mangiastorie\" \/>\n<meta property=\"article:modified_time\" content=\"2025-04-23T13:50:54+00:00\" \/>\n<meta property=\"og:image\" content=\"https:\/\/mangiastorie.it\/wp-content\/uploads\/2024\/06\/DSC07795.jpg\" \/>\n\t<meta property=\"og:image:width\" content=\"1920\" \/>\n\t<meta property=\"og:image:height\" content=\"1280\" \/>\n\t<meta property=\"og:image:type\" content=\"image\/jpeg\" \/>\n<meta name=\"twitter:card\" content=\"summary_large_image\" \/>\n<meta name=\"twitter:label1\" content=\"Gesch\u00e4tzte Lesezeit\" \/>\n\t<meta name=\"twitter:data1\" content=\"1\u00a0Minute\" \/>\n<script type=\"application\/ld+json\" class=\"yoast-schema-graph\">{\"@context\":\"https:\\\/\\\/schema.org\",\"@graph\":[{\"@type\":\"WebPage\",\"@id\":\"https:\\\/\\\/mangiastorie.it\\\/de\\\/ereignisse\\\/\",\"url\":\"https:\\\/\\\/mangiastorie.it\\\/de\\\/ereignisse\\\/\",\"name\":\"Mangiastorie | Eine einzigartige Location f\u00fcr private und gesch\u00e4ftliche Veranstaltungen\",\"isPartOf\":{\"@id\":\"https:\\\/\\\/mangiastorie.it\\\/de\\\/#website\"},\"primaryImageOfPage\":{\"@id\":\"https:\\\/\\\/mangiastorie.it\\\/de\\\/ereignisse\\\/#primaryimage\"},\"image\":{\"@id\":\"https:\\\/\\\/mangiastorie.it\\\/de\\\/ereignisse\\\/#primaryimage\"},\"thumbnailUrl\":\"https:\\\/\\\/mangiastorie.it\\\/wp-content\\\/uploads\\\/2024\\\/06\\\/DSC07795.jpg\",\"datePublished\":\"2024-06-26T13:17:32+00:00\",\"dateModified\":\"2025-04-23T13:50:54+00:00\",\"description\":\"Ein idealer Ort f\u00fcr private und gesch\u00e4ftliche Veranstaltungen. Einzigartige Gew\u00e4chshausatmosph\u00e4re, Liebe zum Detail und authentische K\u00fcche.\",\"breadcrumb\":{\"@id\":\"https:\\\/\\\/mangiastorie.it\\\/de\\\/ereignisse\\\/#breadcrumb\"},\"inLanguage\":\"de\",\"potentialAction\":[{\"@type\":\"ReadAction\",\"target\":[\"https:\\\/\\\/mangiastorie.it\\\/de\\\/ereignisse\\\/\"]}]},{\"@type\":\"ImageObject\",\"inLanguage\":\"de\",\"@id\":\"https:\\\/\\\/mangiastorie.it\\\/de\\\/ereignisse\\\/#primaryimage\",\"url\":\"https:\\\/\\\/mangiastorie.it\\\/wp-content\\\/uploads\\\/2024\\\/06\\\/DSC07795.jpg\",\"contentUrl\":\"https:\\\/\\\/mangiastorie.it\\\/wp-content\\\/uploads\\\/2024\\\/06\\\/DSC07795.jpg\",\"width\":1920,\"height\":1280},{\"@type\":\"BreadcrumbList\",\"@id\":\"https:\\\/\\\/mangiastorie.it\\\/de\\\/ereignisse\\\/#breadcrumb\",\"itemListElement\":[{\"@type\":\"ListItem\",\"position\":1,\"name\":\"Home\",\"item\":\"https:\\\/\\\/mangiastorie.it\\\/de\\\/\"},{\"@type\":\"ListItem\",\"position\":2,\"name\":\"Private Veranstaltungen\"}]},{\"@type\":\"WebSite\",\"@id\":\"https:\\\/\\\/mangiastorie.it\\\/de\\\/#website\",\"url\":\"https:\\\/\\\/mangiastorie.it\\\/de\\\/\",\"name\":\"Mangiastorie\",\"description\":\"Emozioni e Sapori\",\"publisher\":{\"@id\":\"https:\\\/\\\/mangiastorie.it\\\/de\\\/#organization\"},\"potentialAction\":[{\"@type\":\"SearchAction\",\"target\":{\"@type\":\"EntryPoint\",\"urlTemplate\":\"https:\\\/\\\/mangiastorie.it\\\/de\\\/?s={search_term_string}\"},\"query-input\":{\"@type\":\"PropertyValueSpecification\",\"valueRequired\":true,\"valueName\":\"search_term_string\"}}],\"inLanguage\":\"de\"},{\"@type\":\"Organization\",\"@id\":\"https:\\\/\\\/mangiastorie.it\\\/de\\\/#organization\",\"name\":\"Mangiastorie\",\"url\":\"https:\\\/\\\/mangiastorie.it\\\/de\\\/\",\"logo\":{\"@type\":\"ImageObject\",\"inLanguage\":\"de\",\"@id\":\"https:\\\/\\\/mangiastorie.it\\\/de\\\/#\\\/schema\\\/logo\\\/image\\\/\",\"url\":\"https:\\\/\\\/mangiastorie.it\\\/wp-content\\\/uploads\\\/2025\\\/06\\\/Brown-CompleteLogo-Mangiastorie-1.webp\",\"contentUrl\":\"https:\\\/\\\/mangiastorie.it\\\/wp-content\\\/uploads\\\/2025\\\/06\\\/Brown-CompleteLogo-Mangiastorie-1.webp\",\"width\":150,\"height\":64,\"caption\":\"Mangiastorie\"},\"image\":{\"@id\":\"https:\\\/\\\/mangiastorie.it\\\/de\\\/#\\\/schema\\\/logo\\\/image\\\/\"}}]}<\/script>\n<!-- \/ Yoast SEO plugin. -->","yoast_head_json":{"title":"Mangiastorie | Eine einzigartige Location f\u00fcr private und gesch\u00e4ftliche Veranstaltungen","description":"Ein idealer Ort f\u00fcr private und gesch\u00e4ftliche Veranstaltungen. Einzigartige Gew\u00e4chshausatmosph\u00e4re, Liebe zum Detail und authentische K\u00fcche.","robots":{"index":"index","follow":"follow","max-snippet":"max-snippet:-1","max-image-preview":"max-image-preview:large","max-video-preview":"max-video-preview:-1"},"canonical":"https:\/\/mangiastorie.it\/de\/ereignisse\/","og_locale":"de_DE","og_type":"article","og_title":"Mangiastorie | Eine einzigartige Location f\u00fcr private und gesch\u00e4ftliche Veranstaltungen","og_description":"Ein idealer Ort f\u00fcr private und gesch\u00e4ftliche Veranstaltungen. Einzigartige Gew\u00e4chshausatmosph\u00e4re, Liebe zum Detail und authentische K\u00fcche.","og_url":"https:\/\/mangiastorie.it\/de\/ereignisse\/","og_site_name":"Mangiastorie","article_modified_time":"2025-04-23T13:50:54+00:00","og_image":[{"width":1920,"height":1280,"url":"https:\/\/mangiastorie.it\/wp-content\/uploads\/2024\/06\/DSC07795.jpg","type":"image\/jpeg"}],"twitter_card":"summary_large_image","twitter_misc":{"Gesch\u00e4tzte Lesezeit":"1\u00a0Minute"},"schema":{"@context":"https:\/\/schema.org","@graph":[{"@type":"WebPage","@id":"https:\/\/mangiastorie.it\/de\/ereignisse\/","url":"https:\/\/mangiastorie.it\/de\/ereignisse\/","name":"Mangiastorie | Eine einzigartige Location f\u00fcr private und gesch\u00e4ftliche Veranstaltungen","isPartOf":{"@id":"https:\/\/mangiastorie.it\/de\/#website"},"primaryImageOfPage":{"@id":"https:\/\/mangiastorie.it\/de\/ereignisse\/#primaryimage"},"image":{"@id":"https:\/\/mangiastorie.it\/de\/ereignisse\/#primaryimage"},"thumbnailUrl":"https:\/\/mangiastorie.it\/wp-content\/uploads\/2024\/06\/DSC07795.jpg","datePublished":"2024-06-26T13:17:32+00:00","dateModified":"2025-04-23T13:50:54+00:00","description":"Ein idealer Ort f\u00fcr private und gesch\u00e4ftliche Veranstaltungen. Einzigartige Gew\u00e4chshausatmosph\u00e4re, Liebe zum Detail und authentische K\u00fcche.","breadcrumb":{"@id":"https:\/\/mangiastorie.it\/de\/ereignisse\/#breadcrumb"},"inLanguage":"de","potentialAction":[{"@type":"ReadAction","target":["https:\/\/mangiastorie.it\/de\/ereignisse\/"]}]},{"@type":"ImageObject","inLanguage":"de","@id":"https:\/\/mangiastorie.it\/de\/ereignisse\/#primaryimage","url":"https:\/\/mangiastorie.it\/wp-content\/uploads\/2024\/06\/DSC07795.jpg","contentUrl":"https:\/\/mangiastorie.it\/wp-content\/uploads\/2024\/06\/DSC07795.jpg","width":1920,"height":1280},{"@type":"BreadcrumbList","@id":"https:\/\/mangiastorie.it\/de\/ereignisse\/#breadcrumb","itemListElement":[{"@type":"ListItem","position":1,"name":"Home","item":"https:\/\/mangiastorie.it\/de\/"},{"@type":"ListItem","position":2,"name":"Private Veranstaltungen"}]},{"@type":"WebSite","@id":"https:\/\/mangiastorie.it\/de\/#website","url":"https:\/\/mangiastorie.it\/de\/","name":"Mangiastorie","description":"Emozioni e Sapori","publisher":{"@id":"https:\/\/mangiastorie.it\/de\/#organization"},"potentialAction":[{"@type":"SearchAction","target":{"@type":"EntryPoint","urlTemplate":"https:\/\/mangiastorie.it\/de\/?s={search_term_string}"},"query-input":{"@type":"PropertyValueSpecification","valueRequired":true,"valueName":"search_term_string"}}],"inLanguage":"de"},{"@type":"Organization","@id":"https:\/\/mangiastorie.it\/de\/#organization","name":"Mangiastorie","url":"https:\/\/mangiastorie.it\/de\/","logo":{"@type":"ImageObject","inLanguage":"de","@id":"https:\/\/mangiastorie.it\/de\/#\/schema\/logo\/image\/","url":"https:\/\/mangiastorie.it\/wp-content\/uploads\/2025\/06\/Brown-CompleteLogo-Mangiastorie-1.webp","contentUrl":"https:\/\/mangiastorie.it\/wp-content\/uploads\/2025\/06\/Brown-CompleteLogo-Mangiastorie-1.webp","width":150,"height":64,"caption":"Mangiastorie"},"image":{"@id":"https:\/\/mangiastorie.it\/de\/#\/schema\/logo\/image\/"}}]}},"_links":{"self":[{"href":"https:\/\/mangiastorie.it\/de\/wp-json\/wp\/v2\/pages\/12012","targetHints":{"allow":["GET"]}}],"collection":[{"href":"https:\/\/mangiastorie.it\/de\/wp-json\/wp\/v2\/pages"}],"about":[{"href":"https:\/\/mangiastorie.it\/de\/wp-json\/wp\/v2\/types\/page"}],"author":[{"embeddable":true,"href":"https:\/\/mangiastorie.it\/de\/wp-json\/wp\/v2\/users\/165"}],"replies":[{"embeddable":true,"href":"https:\/\/mangiastorie.it\/de\/wp-json\/wp\/v2\/comments?post=12012"}],"version-history":[{"count":5,"href":"https:\/\/mangiastorie.it\/de\/wp-json\/wp\/v2\/pages\/12012\/revisions"}],"predecessor-version":[{"id":12880,"href":"https:\/\/mangiastorie.it\/de\/wp-json\/wp\/v2\/pages\/12012\/revisions\/12880"}],"wp:featuredmedia":[{"embeddable":true,"href":"https:\/\/mangiastorie.it\/de\/wp-json\/wp\/v2\/media\/11531"}],"wp:attachment":[{"href":"https:\/\/mangiastorie.it\/de\/wp-json\/wp\/v2\/media?parent=12012"}],"curies":[{"name":"wp","href":"https:\/\/api.w.org\/{rel}","templated":true}]}}