{"id":12051,"date":"2024-07-24T11:56:06","date_gmt":"2024-07-24T09:56:06","guid":{"rendered":"https:\/\/mangiastorie.it\/?page_id=12051"},"modified":"2024-07-24T22:43:12","modified_gmt":"2024-07-24T20:43:12","slug":"menu","status":"publish","type":"page","link":"https:\/\/mangiastorie.it\/de\/menu\/","title":{"rendered":"Mittagsmen\u00fc"},"content":{"rendered":"\n<div class=\"wp-block-columns are-vertically-aligned-center menutable text-center is-layout-flex wp-container-core-columns-is-layout-9d6595d7 wp-block-columns-is-layout-flex\">\n<div class=\"wp-block-column is-vertically-aligned-center is-layout-flow wp-block-column-is-layout-flow\">\n<figure class=\"wp-block-image size-large\"><img loading=\"lazy\" decoding=\"async\" width=\"683\" height=\"1024\" src=\"https:\/\/mangiastorie.it\/wp-content\/uploads\/2024\/07\/DSC00833-683x1024.jpg\" alt=\"\" class=\"wp-image-12060\" srcset=\"https:\/\/mangiastorie.it\/wp-content\/uploads\/2024\/07\/DSC00833-683x1024.jpg 683w, https:\/\/mangiastorie.it\/wp-content\/uploads\/2024\/07\/DSC00833-200x300.jpg 200w, https:\/\/mangiastorie.it\/wp-content\/uploads\/2024\/07\/DSC00833-768x1152.jpg 768w, https:\/\/mangiastorie.it\/wp-content\/uploads\/2024\/07\/DSC00833-1024x1536.jpg 1024w, https:\/\/mangiastorie.it\/wp-content\/uploads\/2024\/07\/DSC00833.jpg 1280w\" sizes=\"auto, (max-width: 683px) 100vw, 683px\" \/><\/figure>\n<\/div>\n\n\n\n<div class=\"wp-block-column is-vertically-aligned-center is-layout-flow wp-block-column-is-layout-flow\">\n<h2 class=\"wp-block-heading h1, mb-4 has-text-color has-link-color wp-elements-721ce102d4c4da6e91fc5499947c4248\" style=\"color:#492b16\">PIATTINI<\/h2>\n\n\n\n<p><br\/><br\/>| Schnapper <strong> mantecato |<\/strong> Schnapper, Brotcroutons<em>[1, 2, 3, 4, 5, 6, 8, 11 *]<\/em>.<\/p>\n\n\n\n<p><br\/><br\/>| <strong> Tintenfisch in Tecia<\/strong> mit weicher Polenta<em>[2, 4, 6, 8, 11 *]<\/em>.<\/p>\n\n\n\n<p><strong>| Sarde in Saor |<\/strong><br\/><em>[1, 2, 4, 5, 6, 7, 8, 11 * #]<\/em><\/p>\n\n\n\n<p><br\/><br\/>| <strong> Parmaschinken 18 Monate |<\/strong> Prosciutto Crudo, Mozzarella aus der Region<em>[1, 2, 3, 4, 5, 6, 8 *]<\/em>.<\/p>\n\n\n\n<p><br\/>| <strong> Caprese |<\/strong> lokale Tomaten aus Cavallino Treporti, lokaler Mozzarella<br\/><em>[10]<\/em><\/p>\n\n\n\n<p><br\/><br\/>| <strong> Cotoletta alla milanese |<\/strong> Bratkartoffeln<em>[1, 6, 10, 12, # ]<\/em><\/p>\n\n\n\n<p><br\/><br\/>| <strong> Tagesgericht |<\/strong> Je nach Tagesverf\u00fcgbarkeit<em>[1, 2, 3, 4, 5, 6, 7, 8, 9, 10, 11, 12, 13, 14, * #]<\/em><\/p>\n<\/div>\n<\/div>\n\n<div class=\"wp-block-columns are-vertically-aligned-center menutable text-center changeorder is-layout-flex wp-container-core-columns-is-layout-9d6595d7 wp-block-columns-is-layout-flex\">\n<div class=\"wp-block-column is-vertically-aligned-center is-layout-flow wp-block-column-is-layout-flow\">\n<figure class=\"wp-block-image size-large\"><img loading=\"lazy\" decoding=\"async\" width=\"1024\" height=\"683\" src=\"https:\/\/mangiastorie.it\/wp-content\/uploads\/2024\/07\/PICMANI-7-1024x683.jpg\" alt=\"\" class=\"wp-image-12057\" srcset=\"https:\/\/mangiastorie.it\/wp-content\/uploads\/2024\/07\/PICMANI-7-1024x683.jpg 1024w, https:\/\/mangiastorie.it\/wp-content\/uploads\/2024\/07\/PICMANI-7-300x200.jpg 300w, https:\/\/mangiastorie.it\/wp-content\/uploads\/2024\/07\/PICMANI-7-768x512.jpg 768w, https:\/\/mangiastorie.it\/wp-content\/uploads\/2024\/07\/PICMANI-7-1536x1024.jpg 1536w, https:\/\/mangiastorie.it\/wp-content\/uploads\/2024\/07\/PICMANI-7.jpg 1920w\" sizes=\"auto, (max-width: 1024px) 100vw, 1024px\" \/><\/figure>\n<\/div>\n\n\n\n<div class=\"wp-block-column is-vertically-aligned-center is-layout-flow wp-block-column-is-layout-flow\">\n<h2 class=\"wp-block-heading h1, mb-4 has-text-color has-link-color wp-elements-85c619ef63c1849aea9b73f8d0e75686\" style=\"color:#492b16\">GEM\u00dcSE<\/h2>\n\n\n\n<p><br\/><br\/>| <strong> S\u00fc\u00dfe und saure<\/strong> Gem\u00fcsesorten <strong>|<\/strong> lokale Gem\u00fcsesorten je nach Saison<em>[11, *]<\/em><\/p>\n\n\n\n<p><br\/><br\/>| <strong> Cavallino-Tomaten<\/strong>, Nostrano-Tomaten, frisches Basilikum, Oliven\u00f6l, Tropfen Balsamico-Essig<em>[11, * #]<\/em>.<\/p>\n\n\n\n<p><br\/><br\/>| <strong> Vanessa-Salat<\/strong>, hausgemachte Tomaten, knuspriger Speck, Frischk\u00e4se, Treporti-Sauce<em>[9, 10, 14, * #]<\/em>.<\/p>\n\n\n\n<p><br\/><br\/>| <strong> Gartensalat<\/strong> | Salat, H\u00e4hnchenbrust, Brotcroutons, Parmesansp\u00e4ne, Joghurtsauce<em>[1, 10, 14 *]<\/em>.<\/p>\n\n\n\n<p class=\"has-text-align-center\"><br\/><br\/>| <strong> Meeres- und Gartensalat<\/strong> | Salat, Artischocken, R\u00e4ucherlachs, sonnengetrocknete Tomaten<em>[2, 3, 5, 6, 12, #]<\/em>.<\/p>\n<\/div>\n<\/div>\n\n<div class=\"wp-block-columns are-vertically-aligned-center menutable text-center is-layout-flex wp-container-core-columns-is-layout-9d6595d7 wp-block-columns-is-layout-flex\">\n<div class=\"wp-block-column is-vertically-aligned-center is-layout-flow wp-block-column-is-layout-flow\">\n<figure class=\"wp-block-image size-large\"><img loading=\"lazy\" decoding=\"async\" width=\"576\" height=\"1024\" src=\"https:\/\/mangiastorie.it\/wp-content\/uploads\/2024\/05\/toasta-576x1024.jpg\" alt=\"\" class=\"wp-image-9916\" srcset=\"https:\/\/mangiastorie.it\/wp-content\/uploads\/2024\/05\/toasta-576x1024.jpg 576w, https:\/\/mangiastorie.it\/wp-content\/uploads\/2024\/05\/toasta-169x300.jpg 169w, https:\/\/mangiastorie.it\/wp-content\/uploads\/2024\/05\/toasta-768x1365.jpg 768w, https:\/\/mangiastorie.it\/wp-content\/uploads\/2024\/05\/toasta-864x1536.jpg 864w, https:\/\/mangiastorie.it\/wp-content\/uploads\/2024\/05\/toasta.jpg 1080w\" sizes=\"auto, (max-width: 576px) 100vw, 576px\" \/><\/figure>\n<\/div>\n\n\n\n<div class=\"wp-block-column is-vertically-aligned-center is-layout-flow wp-block-column-is-layout-flow\">\n<h2 class=\"wp-block-heading h1, mb-4 has-text-color has-link-color wp-elements-40523089275fca5bbfa8a249ea6b8a0f\" style=\"color:#492b16\">SNACK<\/h2>\n\n\n\n<p><br\/> <br\/>| <strong> Il Cesarino |<\/strong> Pancarr\u00e8, Frischk\u00e4se, gekochter Schinken, historische Sauce<em>[1, 9, 10, 14, #]<\/em>.<\/p>\n\n\n\n<p><br\/> <br\/>| <strong> Gef\u00fcllter Cesarino 1 |<\/strong> Pancarr\u00e8, Frischk\u00e4se, gekochter Schinken, Artischocken, Sauce<em>[1, 9, 10, 14, #]<\/em>.<\/p>\n\n\n\n<p><br\/> <br\/>| <strong> Cesarino gef\u00fcllt 2 |<\/strong> Pancarr\u00e8, Frischk\u00e4se, gekochter Schinken, sonnengetrocknete Tomaten, Sauce<em>[1, 9, 10, 14, #]<\/em><\/p>\n\n\n\n<p><br\/> <br\/>| <strong> Hausgemachte Sandwiches |<\/strong> Auswahl des Tages mit frischen Produkten<em>[1, 2, 3, 4, 5, 6, 7, 8, 9, 10, 11, 12, 13, 14, * #]<\/em><\/p>\n<\/div>\n<\/div>\n\n<h5 class=\"wp-block-heading\">Liste der Allergene<\/h5>\n\n<ol class=\"wp-block-list small col3 has-small-font-size\">\n<li>GETREIDE MIT GLUTEN<\/li>\n\n\n\n<li>FISH<\/li>\n\n\n\n<li>ARACHIDS<\/li>\n\n\n\n<li>MOLLUSCS<\/li>\n\n\n\n<li>NUTS<\/li>\n\n\n\n<li>SCHWEFELDIOXID<\/li>\n\n\n\n<li>LUPINS<\/li>\n\n\n\n<li>CRUSTACEANS<\/li>\n\n\n\n<li>EIER<\/li>\n\n\n\n<li>MILCH UND MOLKEREIPRODUKTE<\/li>\n\n\n\n<li>CEDAR<\/li>\n\n\n\n<li>SOYA<\/li>\n\n\n\n<li>SESAM-SAATEN<\/li>\n\n\n\n<li>SENAPE<\/li>\n<\/ol>\n\n<p class=\"has-small-font-size\">* : Einige Produkte werden tiefgefroren eingekauft, um ihren Geschmack und ihre Qualit\u00e4t zu bewahren.<\/p>\n\n<p class=\"has-small-font-size\"># : Die meisten unserer Produkte sind frisch und ihre Verf\u00fcgbarkeit ist saisonal.  <em>Bei einigen unserer Zubereitungen verwenden wir die Schockk\u00fchlung als Technik zur Konservierung und Verarbeitung von Lebensmitteln, um den Geschmack und die Qualit\u00e4t gem\u00e4\u00df den Vorschriften zu erhalten. EG 853\/2004, Anhang III, Abschnitt VIII, Kapitel 3, Punkt D.<\/em><strong> <\/strong><\/p>\n\n<p><\/p>\n\n<p class=\"has-small-font-size\"><em>F\u00fcr Informationen \u00fcber Zutaten und Allergene konsultieren Sie bitte die entsprechenden Unterlagen, die Ihnen auf Anfrage vom diensthabenden Personal zur Verf\u00fcgung gestellt<\/em> werden.<\/p>\n","protected":false},"excerpt":{"rendered":"<p>PIATTINI | Schnapper mantecato | Schnapper, Brotcroutons[1, 2, 3, 4, 5, 6, 8, 11 *]. | Tintenfisch in Tecia mit&hellip;<\/p>\n<p class=\"rmore mb-0\"><a class=\"websoup-read-more-link fw-bold\" href=\"https:\/\/mangiastorie.it\/de\/menu\/\">Mehr lesen \u2192<\/a><\/p>\n","protected":false},"author":165,"featured_media":11333,"parent":0,"menu_order":0,"comment_status":"closed","ping_status":"closed","template":"","meta":{"_acf_changed":false,"inline_featured_image":false,"footnotes":""},"class_list":["post-12051","page","type-page","status-publish","has-post-thumbnail","hentry"],"acf":[],"yoast_head":"<!-- This site is optimized with the Yoast SEO plugin v27.5 - https:\/\/yoast.com\/product\/yoast-seo-wordpress\/ -->\n<title>Mittagsmen\u00fc - Mangiastorie<\/title>\n<meta name=\"robots\" content=\"index, follow, max-snippet:-1, max-image-preview:large, max-video-preview:-1\" \/>\n<link rel=\"canonical\" href=\"https:\/\/mangiastorie.it\/de\/menu\/\" \/>\n<meta property=\"og:locale\" content=\"de_DE\" \/>\n<meta property=\"og:type\" content=\"article\" \/>\n<meta property=\"og:title\" content=\"Mittagsmen\u00fc - Mangiastorie\" \/>\n<meta property=\"og:description\" content=\"PIATTINI | Schnapper mantecato | Schnapper, Brotcroutons[1, 2, 3, 4, 5, 6, 8, 11 *]. | Tintenfisch in Tecia mit&hellip;Mehr lesen \u2192\" \/>\n<meta property=\"og:url\" content=\"https:\/\/mangiastorie.it\/de\/menu\/\" \/>\n<meta property=\"og:site_name\" content=\"Mangiastorie\" \/>\n<meta property=\"article:modified_time\" content=\"2024-07-24T20:43:12+00:00\" \/>\n<meta property=\"og:image\" content=\"https:\/\/mangiastorie.it\/wp-content\/uploads\/2024\/06\/DSC01065.jpg\" \/>\n\t<meta property=\"og:image:width\" content=\"1280\" \/>\n\t<meta property=\"og:image:height\" content=\"1920\" \/>\n\t<meta property=\"og:image:type\" content=\"image\/jpeg\" \/>\n<meta name=\"twitter:card\" content=\"summary_large_image\" \/>\n<meta name=\"twitter:label1\" content=\"Gesch\u00e4tzte Lesezeit\" \/>\n\t<meta name=\"twitter:data1\" content=\"1\u00a0Minute\" \/>\n<script type=\"application\/ld+json\" class=\"yoast-schema-graph\">{\"@context\":\"https:\\\/\\\/schema.org\",\"@graph\":[{\"@type\":\"WebPage\",\"@id\":\"https:\\\/\\\/mangiastorie.it\\\/de\\\/menu\\\/\",\"url\":\"https:\\\/\\\/mangiastorie.it\\\/de\\\/menu\\\/\",\"name\":\"Mittagsmen\u00fc - Mangiastorie\",\"isPartOf\":{\"@id\":\"https:\\\/\\\/mangiastorie.it\\\/de\\\/#website\"},\"primaryImageOfPage\":{\"@id\":\"https:\\\/\\\/mangiastorie.it\\\/de\\\/menu\\\/#primaryimage\"},\"image\":{\"@id\":\"https:\\\/\\\/mangiastorie.it\\\/de\\\/menu\\\/#primaryimage\"},\"thumbnailUrl\":\"https:\\\/\\\/mangiastorie.it\\\/wp-content\\\/uploads\\\/2024\\\/06\\\/DSC01065.jpg\",\"datePublished\":\"2024-07-24T09:56:06+00:00\",\"dateModified\":\"2024-07-24T20:43:12+00:00\",\"breadcrumb\":{\"@id\":\"https:\\\/\\\/mangiastorie.it\\\/de\\\/menu\\\/#breadcrumb\"},\"inLanguage\":\"de\",\"potentialAction\":[{\"@type\":\"ReadAction\",\"target\":[\"https:\\\/\\\/mangiastorie.it\\\/de\\\/menu\\\/\"]}]},{\"@type\":\"ImageObject\",\"inLanguage\":\"de\",\"@id\":\"https:\\\/\\\/mangiastorie.it\\\/de\\\/menu\\\/#primaryimage\",\"url\":\"https:\\\/\\\/mangiastorie.it\\\/wp-content\\\/uploads\\\/2024\\\/06\\\/DSC01065.jpg\",\"contentUrl\":\"https:\\\/\\\/mangiastorie.it\\\/wp-content\\\/uploads\\\/2024\\\/06\\\/DSC01065.jpg\",\"width\":1280,\"height\":1920},{\"@type\":\"BreadcrumbList\",\"@id\":\"https:\\\/\\\/mangiastorie.it\\\/de\\\/menu\\\/#breadcrumb\",\"itemListElement\":[{\"@type\":\"ListItem\",\"position\":1,\"name\":\"Home\",\"item\":\"https:\\\/\\\/mangiastorie.it\\\/de\\\/\"},{\"@type\":\"ListItem\",\"position\":2,\"name\":\"Mittagsmen\u00fc\"}]},{\"@type\":\"WebSite\",\"@id\":\"https:\\\/\\\/mangiastorie.it\\\/de\\\/#website\",\"url\":\"https:\\\/\\\/mangiastorie.it\\\/de\\\/\",\"name\":\"Mangiastorie\",\"description\":\"Emozioni e Sapori\",\"publisher\":{\"@id\":\"https:\\\/\\\/mangiastorie.it\\\/de\\\/#organization\"},\"potentialAction\":[{\"@type\":\"SearchAction\",\"target\":{\"@type\":\"EntryPoint\",\"urlTemplate\":\"https:\\\/\\\/mangiastorie.it\\\/de\\\/?s={search_term_string}\"},\"query-input\":{\"@type\":\"PropertyValueSpecification\",\"valueRequired\":true,\"valueName\":\"search_term_string\"}}],\"inLanguage\":\"de\"},{\"@type\":\"Organization\",\"@id\":\"https:\\\/\\\/mangiastorie.it\\\/de\\\/#organization\",\"name\":\"Mangiastorie\",\"url\":\"https:\\\/\\\/mangiastorie.it\\\/de\\\/\",\"logo\":{\"@type\":\"ImageObject\",\"inLanguage\":\"de\",\"@id\":\"https:\\\/\\\/mangiastorie.it\\\/de\\\/#\\\/schema\\\/logo\\\/image\\\/\",\"url\":\"https:\\\/\\\/mangiastorie.it\\\/wp-content\\\/uploads\\\/2025\\\/06\\\/Brown-CompleteLogo-Mangiastorie-1.webp\",\"contentUrl\":\"https:\\\/\\\/mangiastorie.it\\\/wp-content\\\/uploads\\\/2025\\\/06\\\/Brown-CompleteLogo-Mangiastorie-1.webp\",\"width\":150,\"height\":64,\"caption\":\"Mangiastorie\"},\"image\":{\"@id\":\"https:\\\/\\\/mangiastorie.it\\\/de\\\/#\\\/schema\\\/logo\\\/image\\\/\"}}]}<\/script>\n<!-- \/ Yoast SEO plugin. -->","yoast_head_json":{"title":"Mittagsmen\u00fc - Mangiastorie","robots":{"index":"index","follow":"follow","max-snippet":"max-snippet:-1","max-image-preview":"max-image-preview:large","max-video-preview":"max-video-preview:-1"},"canonical":"https:\/\/mangiastorie.it\/de\/menu\/","og_locale":"de_DE","og_type":"article","og_title":"Mittagsmen\u00fc - Mangiastorie","og_description":"PIATTINI | Schnapper mantecato | Schnapper, Brotcroutons[1, 2, 3, 4, 5, 6, 8, 11 *]. | Tintenfisch in Tecia mit&hellip;Mehr lesen \u2192","og_url":"https:\/\/mangiastorie.it\/de\/menu\/","og_site_name":"Mangiastorie","article_modified_time":"2024-07-24T20:43:12+00:00","og_image":[{"width":1280,"height":1920,"url":"https:\/\/mangiastorie.it\/wp-content\/uploads\/2024\/06\/DSC01065.jpg","type":"image\/jpeg"}],"twitter_card":"summary_large_image","twitter_misc":{"Gesch\u00e4tzte Lesezeit":"1\u00a0Minute"},"schema":{"@context":"https:\/\/schema.org","@graph":[{"@type":"WebPage","@id":"https:\/\/mangiastorie.it\/de\/menu\/","url":"https:\/\/mangiastorie.it\/de\/menu\/","name":"Mittagsmen\u00fc - Mangiastorie","isPartOf":{"@id":"https:\/\/mangiastorie.it\/de\/#website"},"primaryImageOfPage":{"@id":"https:\/\/mangiastorie.it\/de\/menu\/#primaryimage"},"image":{"@id":"https:\/\/mangiastorie.it\/de\/menu\/#primaryimage"},"thumbnailUrl":"https:\/\/mangiastorie.it\/wp-content\/uploads\/2024\/06\/DSC01065.jpg","datePublished":"2024-07-24T09:56:06+00:00","dateModified":"2024-07-24T20:43:12+00:00","breadcrumb":{"@id":"https:\/\/mangiastorie.it\/de\/menu\/#breadcrumb"},"inLanguage":"de","potentialAction":[{"@type":"ReadAction","target":["https:\/\/mangiastorie.it\/de\/menu\/"]}]},{"@type":"ImageObject","inLanguage":"de","@id":"https:\/\/mangiastorie.it\/de\/menu\/#primaryimage","url":"https:\/\/mangiastorie.it\/wp-content\/uploads\/2024\/06\/DSC01065.jpg","contentUrl":"https:\/\/mangiastorie.it\/wp-content\/uploads\/2024\/06\/DSC01065.jpg","width":1280,"height":1920},{"@type":"BreadcrumbList","@id":"https:\/\/mangiastorie.it\/de\/menu\/#breadcrumb","itemListElement":[{"@type":"ListItem","position":1,"name":"Home","item":"https:\/\/mangiastorie.it\/de\/"},{"@type":"ListItem","position":2,"name":"Mittagsmen\u00fc"}]},{"@type":"WebSite","@id":"https:\/\/mangiastorie.it\/de\/#website","url":"https:\/\/mangiastorie.it\/de\/","name":"Mangiastorie","description":"Emozioni e Sapori","publisher":{"@id":"https:\/\/mangiastorie.it\/de\/#organization"},"potentialAction":[{"@type":"SearchAction","target":{"@type":"EntryPoint","urlTemplate":"https:\/\/mangiastorie.it\/de\/?s={search_term_string}"},"query-input":{"@type":"PropertyValueSpecification","valueRequired":true,"valueName":"search_term_string"}}],"inLanguage":"de"},{"@type":"Organization","@id":"https:\/\/mangiastorie.it\/de\/#organization","name":"Mangiastorie","url":"https:\/\/mangiastorie.it\/de\/","logo":{"@type":"ImageObject","inLanguage":"de","@id":"https:\/\/mangiastorie.it\/de\/#\/schema\/logo\/image\/","url":"https:\/\/mangiastorie.it\/wp-content\/uploads\/2025\/06\/Brown-CompleteLogo-Mangiastorie-1.webp","contentUrl":"https:\/\/mangiastorie.it\/wp-content\/uploads\/2025\/06\/Brown-CompleteLogo-Mangiastorie-1.webp","width":150,"height":64,"caption":"Mangiastorie"},"image":{"@id":"https:\/\/mangiastorie.it\/de\/#\/schema\/logo\/image\/"}}]}},"_links":{"self":[{"href":"https:\/\/mangiastorie.it\/de\/wp-json\/wp\/v2\/pages\/12051","targetHints":{"allow":["GET"]}}],"collection":[{"href":"https:\/\/mangiastorie.it\/de\/wp-json\/wp\/v2\/pages"}],"about":[{"href":"https:\/\/mangiastorie.it\/de\/wp-json\/wp\/v2\/types\/page"}],"author":[{"embeddable":true,"href":"https:\/\/mangiastorie.it\/de\/wp-json\/wp\/v2\/users\/165"}],"replies":[{"embeddable":true,"href":"https:\/\/mangiastorie.it\/de\/wp-json\/wp\/v2\/comments?post=12051"}],"version-history":[{"count":3,"href":"https:\/\/mangiastorie.it\/de\/wp-json\/wp\/v2\/pages\/12051\/revisions"}],"predecessor-version":[{"id":12092,"href":"https:\/\/mangiastorie.it\/de\/wp-json\/wp\/v2\/pages\/12051\/revisions\/12092"}],"wp:featuredmedia":[{"embeddable":true,"href":"https:\/\/mangiastorie.it\/de\/wp-json\/wp\/v2\/media\/11333"}],"wp:attachment":[{"href":"https:\/\/mangiastorie.it\/de\/wp-json\/wp\/v2\/media?parent=12051"}],"curies":[{"name":"wp","href":"https:\/\/api.w.org\/{rel}","templated":true}]}}