{"id":12073,"date":"2024-07-24T22:32:58","date_gmt":"2024-07-24T20:32:58","guid":{"rendered":"https:\/\/mangiastorie.it\/?page_id=12073"},"modified":"2026-03-09T09:34:50","modified_gmt":"2026-03-09T08:34:50","slug":"menu-2","status":"publish","type":"page","link":"https:\/\/mangiastorie.it\/de\/menu-2\/","title":{"rendered":"Das Men\u00fc"},"content":{"rendered":"\n<div class=\"wp-block-columns mb-0 menutable text-center is-layout-flex wp-container-core-columns-is-layout-9d6595d7 wp-block-columns-is-layout-flex\">\n<div class=\"wp-block-column bmenu is-layout-flow wp-block-column-is-layout-flow\" id=\"menu1\">\n<div class=\"wp-block-cover is-light has-parallax\"><div class=\"wp-block-cover__image-background wp-image-13787 size-full has-parallax\" style=\"background-position:50% 50%;background-image:url(https:\/\/mangiastorie.it\/wp-content\/uploads\/2026\/03\/radici.png)\"><\/div><span aria-hidden=\"true\" class=\"wp-block-cover__background has-white-background-color has-background-dim-90 has-background-dim\"><\/span><div class=\"wp-block-cover__inner-container is-layout-flow wp-block-cover-is-layout-flow\">\n<div id=\"menu1\" class=\"wp-block-group\"><div class=\"wp-block-group__inner-container is-layout-constrained wp-block-group-is-layout-constrained\">\n<h2 class=\"wp-block-heading has-text-align-center mb-4 h1 mt-5 has-text-color has-link-color wp-elements-1f219f169c2c9958cb1c9b9bed176e7d\" style=\"color:#492b16\">ROOTS<\/h2>\n\n\n\n<p class=\"has-text-align-center mb-5 has-medium-font-size\">traditionelle Spezialit\u00e4ten<\/p>\n\n\n\n<h2 class=\"wp-block-heading mb-4 has-text-color has-link-color wp-elements-138ad4a744e655729f4e13dc4708bb96\" style=\"color:#492b16\">CICCHETTI<\/h2>\n\n\n\n<p class=\"has-black-color has-text-color has-link-color wp-elements-5f775a2d589a5150baf56ca347d1a1a3\"><strong>| Cicchetto di frittura di pesce |<\/strong><br\/>duftende Auswahl an lokalem Fisch, Schalentieren, Weichtieren und Gem\u00fcse<br\/> [<em> 1, 2, 4, 6, 8 # * ]<\/em><\/p>\n\n\n\n<p><strong>| Drei Meeresfr\u00fcchte-Cicchetti |<\/strong><br\/>Schnapper mit Sandbarrenhonig und Brotcrouton Tintenfisch in Tecia, weiche Polenta, Garnele in Saor<br\/> [<em> 1, 2, 4, 8, 9 #* ]<\/em><\/p>\n\n\n\n<h2 class=\"wp-block-heading mb-4 has-text-color has-link-color wp-elements-9be6117cb1810d3ad3e83cf38bbc1371\" style=\"color:#492b16\">VORSPEISEN<\/h2>\n\n\n\n<p class=\"has-black-color has-text-color has-link-color wp-elements-4c808310d6cee932c462c17a05f42fa9\"><strong>| die MANGISTORIE |<\/strong><br\/>f\u00fcnf Geschmacksrichtungen, die in einem Gericht die Geschichte unseres Territoriums erz\u00e4hlen<br\/> [<em> 1.2.3.4.5.6.8.11 *# ]<\/em><\/p>\n\n\n\n<p><strong>| Baccal\u00e0 mantecato |<\/strong><br\/>W\u00fcrfel von gelbem Chioggia-K\u00fcrbis, gelbe und rote Kirschtomaten, Basilikumemulsion<br\/> [<em> 2.3.5 *# ]<\/em><\/p>\n\n\n\n<p><strong>| Gebackene Jakobsmuscheln gratiniert |<\/strong><br\/>Pfifferlinge<br\/> [<em> 1.4.6.8.10.11 * ]<\/em><\/p>\n\n\n\n<p><strong>| Dentex mit Barena-Honig |<\/strong><br\/>s\u00fc\u00df-saure Tropea-Zwiebel<br\/> [<em> 2, 3, 10 * ]<\/em><\/p>\n\n\n\n<h2 class=\"wp-block-heading mb-4 has-text-color has-link-color wp-elements-d862d29ee6983386177434bd22c6d989\" style=\"color:#492b16\">ERSTE<\/h2>\n\n\n\n<p><strong>| Das Meer in der Suppe |<\/strong><br\/>Fisch- und Schalentiersuppe mit Brotcroutons<br\/> [<em> 1.2.4.6.8.11 *# ]<\/em><\/p>\n\n\n\n<p><strong>| Hausgemachte Gnocchetti |<\/strong><br\/>Jakobsmuscheln und Zucchini<br\/> [<em> 1, 2, 8, 9, 11#<\/em> <em>]<\/em><\/p>\n\n\n\n<p><strong>| Fusillone di pasta fresca |<\/strong><br\/>al rag\u00f9 d&#8217;anatra<br\/> [<em> 1, 9, 11 #<\/em> <em>]<\/em><\/p>\n\n\n\n<h2 class=\"wp-block-heading mb-4 has-text-color has-link-color wp-elements-2264c78af9fde30aea74dbb48e294217\" style=\"color:#492b16\">ZWEITE GAENGE<\/h2>\n\n\n\n<p><strong>| Il Mare sulla Griglia |<\/strong><br\/>Steinbutt, Ombrine und Wolfsbarsch mit karamellisierten Zwiebeln, gegrilltem Radicchio di Treviso IGP und schwarzer Tr\u00fcffel-Gem\u00fcse-Mayonnaise<br\/> [<em> 2.14 *# ]<\/em><\/p>\n\n\n\n<p><strong>| Gemischtes Braten |<\/strong><br\/>Fisch, Schalentiere, K\u00fcstengem\u00fcse<br\/> [<em> 1.2.4.6.8 *# ]<\/em><\/p>\n\n\n\n<p>| <strong> St. Peter&#8217;s Filet |<\/strong><br\/>sautierte Steinpilze, gebackene neue Kartoffeln mit Schale<br\/> [<em> 1.2.11*# ] [ 1.2.11*# ]<\/em><\/p>\n\n\n\n<p><strong>| Tintenfisch in Tecia mit weicher Polenta |<\/strong><br\/>langsam gegart nach venezianischer Art, Lorbeer duftend<br\/> [<em> 2, 4, 10 #* ]<\/em><\/p>\n<\/div><\/div>\n<\/div><\/div>\n<\/div>\n\n\n\n<div class=\"wp-block-column bmenu is-layout-flow wp-block-column-is-layout-flow\" id=\"menu2\">\n<div class=\"wp-block-cover is-light has-parallax\"><div class=\"wp-block-cover__image-background wp-image-13794 size-large has-parallax\" style=\"background-position:50% 50%;background-image:url(https:\/\/mangiastorie.it\/wp-content\/uploads\/2026\/03\/orizzonte1-1-1024x477.png)\"><\/div><span aria-hidden=\"true\" class=\"wp-block-cover__background has-white-background-color has-background-dim-90 has-background-dim\"><\/span><div class=\"wp-block-cover__inner-container is-layout-flow wp-block-cover-is-layout-flow\">\n<div id=\"menu2\" class=\"wp-block-group\"><div class=\"wp-block-group__inner-container is-layout-constrained wp-block-group-is-layout-constrained\">\n<h2 class=\"wp-block-heading has-text-align-center mb-4 h1 mt-5 has-text-color has-link-color wp-elements-6dd606bb33ed74f38b89b492b7ae5707\" style=\"color:#492b16\">HORIZON<\/h2>\n\n\n\n<p class=\"has-text-align-center mb-5 has-medium-font-size\">Tradition wird erneuert<\/p>\n\n\n\n<h2 class=\"wp-block-heading mb-4 has-text-color has-link-color wp-elements-9be6117cb1810d3ad3e83cf38bbc1371\" style=\"color:#492b16\">VORSPEISEN<\/h2>\n\n\n\n<p class=\"has-black-color has-text-color has-link-color wp-elements-9e3b8fa51b1536b37699516b894c5466\">|<br\/><strong> Spirulina-Algenkaviar<\/strong>, Mandeln und aromatische Mayo<br\/> [<em> 5.6.8,9, 14* ]<\/em><\/p>\n\n\n\n<p><strong>| Gebratener Oktopus |<\/strong><br\/>Creme von Zucchini und Burrata Stracciatella Tropfen<br\/> [<em> 1, 5.6.8,10* ]<\/em><\/p>\n\n\n\n<p><strong>| Goldene Garnelen mit Mandeln |<\/strong><br\/>Pfifferlinge<br\/> [<em> 1.4.6.8.10.11 * ]<\/em><\/p>\n\n\n\n<p><strong>| Rindertartar |<\/strong><br\/>Rinderfilet, Kr\u00e4uter aus unserem kleinen Gem\u00fcsegarten und Brotcroutons<br\/> [<em> 1.10. 11, 14 ] [ 1.10. 11, 14 ]<\/em><\/p>\n\n\n\n<p>| <strong> Caprese mit Burrata |<\/strong><br\/>Tomaten cuor di bue, gelbe Pacchini, Cigliegini, frisches Basilikum, Evo-\u00d6l &#8211; Veg<br\/> [<em> 10]<\/em><\/p>\n\n\n\n<h2 class=\"wp-block-heading mb-4 has-text-color has-link-color wp-elements-d862d29ee6983386177434bd22c6d989\" style=\"color:#492b16\">ERSTE<\/h2>\n\n\n\n<p><strong>| Hausgemachte Taglirelli |<\/strong><br\/>Riesengarnelen und sautierte Steinpilze<br\/> [<em> 1, 6, 8, 9, 11 *# ]<\/em><\/p>\n\n\n\n<p><strong>| Handgeschnittene frische hausgemachte Pasta |<\/strong><br\/>Scampi und im Ofen gebackene Kirschtomaten mit Sandbar-Honig<br\/> [<em> 1, 8, 9, 11 #<\/em> <em>]<\/em><\/p>\n\n\n\n<p><strong>| Ravioli mit roten Garnelen |<\/strong><br\/>Kirschtomaten und Burrata-Dressing<br\/> [<em> 1, 2, 6, 8, 9, 10, 12, 14 *<\/em> <em>]<\/em><\/p>\n\n\n\n<p><strong>| Gef\u00fcllte Auberginenkn\u00f6pfe |<\/strong><br\/>Frischk\u00e4se mit Schafsk\u00e4se, Olivenpulver &#8211; Veg<br\/> [<em> 1, 6, 9, 10, 12, 14 *<\/em> <em>].<\/em><\/p>\n\n\n\n<h2 class=\"wp-block-heading mb-4 has-text-color has-link-color wp-elements-2264c78af9fde30aea74dbb48e294217\" style=\"color:#492b16\">ZWEITE GAENGE<\/h2>\n\n\n\n<p><strong>| Gegrillter Oktopus |<\/strong><br\/>ganze Tentakel, delikate Creme von Lauch, Fenchel, Karotten und Orange au naturel<br\/> [<em> 2.6, 10.11*# ]<\/em><\/p>\n\n\n\n<p><strong>|<\/strong><br\/>Rahm-Paprika und sautierte neue Kartoffeln<br\/> [<em> 1.5 ]<\/em><\/p>\n\n\n\n<p><strong>| Gebratene Auberginenb\u00e4llchen |<\/strong><br\/>Zucchinicreme, Basilikumemulsion &#8211; Veg<br\/> [<em> 1.9 # ]<\/em><\/p>\n<\/div><\/div>\n<\/div><\/div>\n<\/div>\n<\/div>\n\n<div class=\"wp-block-group bmenu allerg py-4\"><div class=\"wp-block-group__inner-container is-layout-constrained wp-block-group-is-layout-constrained\">\n<h5 class=\"wp-block-heading\">Liste der Allergene<\/h5>\n\n\n\n<ol class=\"wp-block-list small col3 has-small-font-size\">\n<li>GETREIDE MIT GLUTEN<\/li>\n\n\n\n<li>FISH<\/li>\n\n\n\n<li>ARACHIDS<\/li>\n\n\n\n<li>MOLLUSCS<\/li>\n\n\n\n<li>NUTS<\/li>\n\n\n\n<li>SCHWEFELDIOXID<\/li>\n\n\n\n<li>LUPINS<\/li>\n\n\n\n<li>CRUSTACEANS<\/li>\n\n\n\n<li>EIER<\/li>\n\n\n\n<li>MILCH UND MOLKEREIPRODUKTE<\/li>\n\n\n\n<li>CEDAR<\/li>\n\n\n\n<li>SOYA<\/li>\n\n\n\n<li>SESAM-SAATEN<\/li>\n\n\n\n<li>SENAPE<\/li>\n<\/ol>\n\n\n\n<p class=\"has-small-font-size\">* : Einige Produkte werden tiefgefroren eingekauft, um ihren Geschmack und ihre Qualit\u00e4t zu bewahren.<\/p>\n\n\n\n<p class=\"has-small-font-size\"># : Die meisten unserer Produkte sind frisch und ihre Verf\u00fcgbarkeit ist saisonal.  <em>Bei einigen unserer Zubereitungen verwenden wir die Schockk\u00fchlung als Technik zur Konservierung und Verarbeitung von Lebensmitteln, um den Geschmack und die Qualit\u00e4t gem\u00e4\u00df den Vorschriften zu erhalten. EG 853\/2004, Anhang III, Abschnitt VIII, Kapitel 3, Punkt D.<\/em><strong> <\/strong><\/p>\n\n\n\n<p><\/p>\n\n\n\n<p class=\"has-small-font-size\"><em>F\u00fcr Informationen \u00fcber Zutaten und Allergene konsultieren Sie bitte die entsprechenden Unterlagen, die Ihnen auf Anfrage vom diensthabenden Personal zur Verf\u00fcgung gestellt<\/em> werden.<\/p>\n<\/div><\/div>\n\n<script>jQuery( document ).ready(function() {\n    jQuery('.entry-header').removeClass('mb-5');\n    jQuery('.bmenu').hide();\n    jQuery('.menutable .wp-block-cover__image-background').css('background-size', 'contain');\n    jQuery('.omen').on('click', function(e) {\n        var url = jQuery(this).attr('href');\n        jQuery('.bmenu').hide();\n        jQuery(url).show();\n        jQuery('.allerg').show();\n    });\n});\n<\/script>\n","protected":false},"excerpt":{"rendered":"<p>Liste der Allergene * : Einige Produkte werden tiefgefroren eingekauft, um ihren Geschmack und ihre Qualit\u00e4t zu bewahren. # :&hellip;<\/p>\n<p class=\"rmore mb-0\"><a class=\"websoup-read-more-link fw-bold\" href=\"https:\/\/mangiastorie.it\/de\/menu-2\/\">Mehr lesen \u2192<\/a><\/p>\n","protected":false},"author":165,"featured_media":12435,"parent":0,"menu_order":0,"comment_status":"closed","ping_status":"closed","template":"","meta":{"_acf_changed":false,"inline_featured_image":false,"footnotes":""},"class_list":["post-12073","page","type-page","status-publish","has-post-thumbnail","hentry"],"acf":[],"yoast_head":"<!-- This site is optimized with the Yoast SEO plugin v27.5 - https:\/\/yoast.com\/product\/yoast-seo-wordpress\/ -->\n<title>Mangiastorie | Entdecken Sie unsere Speisekarte - traditionelle Gerichte und frische Zutaten<\/title>\n<meta name=\"description\" content=\"Genie\u00dfen Sie Gerichte, die eine Hommage an die kulturellen Wurzeln von Cavallino Treporti sind, zubereitet mit frischen Zutaten und einer modernen Note.\" \/>\n<meta name=\"robots\" content=\"index, follow, max-snippet:-1, max-image-preview:large, max-video-preview:-1\" \/>\n<link rel=\"canonical\" href=\"https:\/\/mangiastorie.it\/de\/menu-2\/\" \/>\n<meta property=\"og:locale\" content=\"de_DE\" \/>\n<meta property=\"og:type\" content=\"article\" \/>\n<meta property=\"og:title\" content=\"Mangiastorie | Entdecken Sie unsere Speisekarte - traditionelle Gerichte und frische Zutaten\" \/>\n<meta property=\"og:description\" content=\"Genie\u00dfen Sie Gerichte, die eine Hommage an die kulturellen Wurzeln von Cavallino Treporti sind, zubereitet mit frischen Zutaten und einer modernen Note.\" \/>\n<meta property=\"og:url\" content=\"https:\/\/mangiastorie.it\/de\/menu-2\/\" \/>\n<meta property=\"og:site_name\" content=\"Mangiastorie\" \/>\n<meta property=\"article:modified_time\" content=\"2026-03-09T08:34:50+00:00\" \/>\n<meta property=\"og:image\" content=\"https:\/\/mangiastorie.it\/wp-content\/uploads\/2024\/10\/DSC07135-1.jpg\" \/>\n\t<meta property=\"og:image:width\" content=\"1280\" \/>\n\t<meta property=\"og:image:height\" content=\"1920\" \/>\n\t<meta property=\"og:image:type\" content=\"image\/jpeg\" \/>\n<meta name=\"twitter:card\" content=\"summary_large_image\" \/>\n<meta name=\"twitter:label1\" content=\"Gesch\u00e4tzte Lesezeit\" \/>\n\t<meta name=\"twitter:data1\" content=\"2\u00a0Minuten\" \/>\n<script type=\"application\/ld+json\" class=\"yoast-schema-graph\">{\"@context\":\"https:\\\/\\\/schema.org\",\"@graph\":[{\"@type\":\"WebPage\",\"@id\":\"https:\\\/\\\/mangiastorie.it\\\/de\\\/menu-2\\\/\",\"url\":\"https:\\\/\\\/mangiastorie.it\\\/de\\\/menu-2\\\/\",\"name\":\"Mangiastorie | Entdecken Sie unsere Speisekarte - traditionelle Gerichte und frische Zutaten\",\"isPartOf\":{\"@id\":\"https:\\\/\\\/mangiastorie.it\\\/de\\\/#website\"},\"primaryImageOfPage\":{\"@id\":\"https:\\\/\\\/mangiastorie.it\\\/de\\\/menu-2\\\/#primaryimage\"},\"image\":{\"@id\":\"https:\\\/\\\/mangiastorie.it\\\/de\\\/menu-2\\\/#primaryimage\"},\"thumbnailUrl\":\"https:\\\/\\\/mangiastorie.it\\\/wp-content\\\/uploads\\\/2024\\\/10\\\/DSC07135-1.jpg\",\"datePublished\":\"2024-07-24T20:32:58+00:00\",\"dateModified\":\"2026-03-09T08:34:50+00:00\",\"description\":\"Genie\u00dfen Sie Gerichte, die eine Hommage an die kulturellen Wurzeln von Cavallino Treporti sind, zubereitet mit frischen Zutaten und einer modernen Note.\",\"breadcrumb\":{\"@id\":\"https:\\\/\\\/mangiastorie.it\\\/de\\\/menu-2\\\/#breadcrumb\"},\"inLanguage\":\"de\",\"potentialAction\":[{\"@type\":\"ReadAction\",\"target\":[\"https:\\\/\\\/mangiastorie.it\\\/de\\\/menu-2\\\/\"]}]},{\"@type\":\"ImageObject\",\"inLanguage\":\"de\",\"@id\":\"https:\\\/\\\/mangiastorie.it\\\/de\\\/menu-2\\\/#primaryimage\",\"url\":\"https:\\\/\\\/mangiastorie.it\\\/wp-content\\\/uploads\\\/2024\\\/10\\\/DSC07135-1.jpg\",\"contentUrl\":\"https:\\\/\\\/mangiastorie.it\\\/wp-content\\\/uploads\\\/2024\\\/10\\\/DSC07135-1.jpg\",\"width\":1280,\"height\":1920},{\"@type\":\"BreadcrumbList\",\"@id\":\"https:\\\/\\\/mangiastorie.it\\\/de\\\/menu-2\\\/#breadcrumb\",\"itemListElement\":[{\"@type\":\"ListItem\",\"position\":1,\"name\":\"Home\",\"item\":\"https:\\\/\\\/mangiastorie.it\\\/de\\\/\"},{\"@type\":\"ListItem\",\"position\":2,\"name\":\"Das Men\u00fc\"}]},{\"@type\":\"WebSite\",\"@id\":\"https:\\\/\\\/mangiastorie.it\\\/de\\\/#website\",\"url\":\"https:\\\/\\\/mangiastorie.it\\\/de\\\/\",\"name\":\"Mangiastorie\",\"description\":\"Emozioni e Sapori\",\"publisher\":{\"@id\":\"https:\\\/\\\/mangiastorie.it\\\/de\\\/#organization\"},\"potentialAction\":[{\"@type\":\"SearchAction\",\"target\":{\"@type\":\"EntryPoint\",\"urlTemplate\":\"https:\\\/\\\/mangiastorie.it\\\/de\\\/?s={search_term_string}\"},\"query-input\":{\"@type\":\"PropertyValueSpecification\",\"valueRequired\":true,\"valueName\":\"search_term_string\"}}],\"inLanguage\":\"de\"},{\"@type\":\"Organization\",\"@id\":\"https:\\\/\\\/mangiastorie.it\\\/de\\\/#organization\",\"name\":\"Mangiastorie\",\"url\":\"https:\\\/\\\/mangiastorie.it\\\/de\\\/\",\"logo\":{\"@type\":\"ImageObject\",\"inLanguage\":\"de\",\"@id\":\"https:\\\/\\\/mangiastorie.it\\\/de\\\/#\\\/schema\\\/logo\\\/image\\\/\",\"url\":\"https:\\\/\\\/mangiastorie.it\\\/wp-content\\\/uploads\\\/2025\\\/06\\\/Brown-CompleteLogo-Mangiastorie-1.webp\",\"contentUrl\":\"https:\\\/\\\/mangiastorie.it\\\/wp-content\\\/uploads\\\/2025\\\/06\\\/Brown-CompleteLogo-Mangiastorie-1.webp\",\"width\":150,\"height\":64,\"caption\":\"Mangiastorie\"},\"image\":{\"@id\":\"https:\\\/\\\/mangiastorie.it\\\/de\\\/#\\\/schema\\\/logo\\\/image\\\/\"}}]}<\/script>\n<!-- \/ Yoast SEO plugin. -->","yoast_head_json":{"title":"Mangiastorie | Entdecken Sie unsere Speisekarte - traditionelle Gerichte und frische Zutaten","description":"Genie\u00dfen Sie Gerichte, die eine Hommage an die kulturellen Wurzeln von Cavallino Treporti sind, zubereitet mit frischen Zutaten und einer modernen Note.","robots":{"index":"index","follow":"follow","max-snippet":"max-snippet:-1","max-image-preview":"max-image-preview:large","max-video-preview":"max-video-preview:-1"},"canonical":"https:\/\/mangiastorie.it\/de\/menu-2\/","og_locale":"de_DE","og_type":"article","og_title":"Mangiastorie | Entdecken Sie unsere Speisekarte - traditionelle Gerichte und frische Zutaten","og_description":"Genie\u00dfen Sie Gerichte, die eine Hommage an die kulturellen Wurzeln von Cavallino Treporti sind, zubereitet mit frischen Zutaten und einer modernen Note.","og_url":"https:\/\/mangiastorie.it\/de\/menu-2\/","og_site_name":"Mangiastorie","article_modified_time":"2026-03-09T08:34:50+00:00","og_image":[{"width":1280,"height":1920,"url":"https:\/\/mangiastorie.it\/wp-content\/uploads\/2024\/10\/DSC07135-1.jpg","type":"image\/jpeg"}],"twitter_card":"summary_large_image","twitter_misc":{"Gesch\u00e4tzte Lesezeit":"2\u00a0Minuten"},"schema":{"@context":"https:\/\/schema.org","@graph":[{"@type":"WebPage","@id":"https:\/\/mangiastorie.it\/de\/menu-2\/","url":"https:\/\/mangiastorie.it\/de\/menu-2\/","name":"Mangiastorie | Entdecken Sie unsere Speisekarte - traditionelle Gerichte und frische Zutaten","isPartOf":{"@id":"https:\/\/mangiastorie.it\/de\/#website"},"primaryImageOfPage":{"@id":"https:\/\/mangiastorie.it\/de\/menu-2\/#primaryimage"},"image":{"@id":"https:\/\/mangiastorie.it\/de\/menu-2\/#primaryimage"},"thumbnailUrl":"https:\/\/mangiastorie.it\/wp-content\/uploads\/2024\/10\/DSC07135-1.jpg","datePublished":"2024-07-24T20:32:58+00:00","dateModified":"2026-03-09T08:34:50+00:00","description":"Genie\u00dfen Sie Gerichte, die eine Hommage an die kulturellen Wurzeln von Cavallino Treporti sind, zubereitet mit frischen Zutaten und einer modernen Note.","breadcrumb":{"@id":"https:\/\/mangiastorie.it\/de\/menu-2\/#breadcrumb"},"inLanguage":"de","potentialAction":[{"@type":"ReadAction","target":["https:\/\/mangiastorie.it\/de\/menu-2\/"]}]},{"@type":"ImageObject","inLanguage":"de","@id":"https:\/\/mangiastorie.it\/de\/menu-2\/#primaryimage","url":"https:\/\/mangiastorie.it\/wp-content\/uploads\/2024\/10\/DSC07135-1.jpg","contentUrl":"https:\/\/mangiastorie.it\/wp-content\/uploads\/2024\/10\/DSC07135-1.jpg","width":1280,"height":1920},{"@type":"BreadcrumbList","@id":"https:\/\/mangiastorie.it\/de\/menu-2\/#breadcrumb","itemListElement":[{"@type":"ListItem","position":1,"name":"Home","item":"https:\/\/mangiastorie.it\/de\/"},{"@type":"ListItem","position":2,"name":"Das Men\u00fc"}]},{"@type":"WebSite","@id":"https:\/\/mangiastorie.it\/de\/#website","url":"https:\/\/mangiastorie.it\/de\/","name":"Mangiastorie","description":"Emozioni e Sapori","publisher":{"@id":"https:\/\/mangiastorie.it\/de\/#organization"},"potentialAction":[{"@type":"SearchAction","target":{"@type":"EntryPoint","urlTemplate":"https:\/\/mangiastorie.it\/de\/?s={search_term_string}"},"query-input":{"@type":"PropertyValueSpecification","valueRequired":true,"valueName":"search_term_string"}}],"inLanguage":"de"},{"@type":"Organization","@id":"https:\/\/mangiastorie.it\/de\/#organization","name":"Mangiastorie","url":"https:\/\/mangiastorie.it\/de\/","logo":{"@type":"ImageObject","inLanguage":"de","@id":"https:\/\/mangiastorie.it\/de\/#\/schema\/logo\/image\/","url":"https:\/\/mangiastorie.it\/wp-content\/uploads\/2025\/06\/Brown-CompleteLogo-Mangiastorie-1.webp","contentUrl":"https:\/\/mangiastorie.it\/wp-content\/uploads\/2025\/06\/Brown-CompleteLogo-Mangiastorie-1.webp","width":150,"height":64,"caption":"Mangiastorie"},"image":{"@id":"https:\/\/mangiastorie.it\/de\/#\/schema\/logo\/image\/"}}]}},"_links":{"self":[{"href":"https:\/\/mangiastorie.it\/de\/wp-json\/wp\/v2\/pages\/12073","targetHints":{"allow":["GET"]}}],"collection":[{"href":"https:\/\/mangiastorie.it\/de\/wp-json\/wp\/v2\/pages"}],"about":[{"href":"https:\/\/mangiastorie.it\/de\/wp-json\/wp\/v2\/types\/page"}],"author":[{"embeddable":true,"href":"https:\/\/mangiastorie.it\/de\/wp-json\/wp\/v2\/users\/165"}],"replies":[{"embeddable":true,"href":"https:\/\/mangiastorie.it\/de\/wp-json\/wp\/v2\/comments?post=12073"}],"version-history":[{"count":29,"href":"https:\/\/mangiastorie.it\/de\/wp-json\/wp\/v2\/pages\/12073\/revisions"}],"predecessor-version":[{"id":13828,"href":"https:\/\/mangiastorie.it\/de\/wp-json\/wp\/v2\/pages\/12073\/revisions\/13828"}],"wp:featuredmedia":[{"embeddable":true,"href":"https:\/\/mangiastorie.it\/de\/wp-json\/wp\/v2\/media\/12435"}],"wp:attachment":[{"href":"https:\/\/mangiastorie.it\/de\/wp-json\/wp\/v2\/media?parent=12073"}],"curies":[{"name":"wp","href":"https:\/\/api.w.org\/{rel}","templated":true}]}}