{"id":13229,"date":"2025-08-27T10:43:35","date_gmt":"2025-08-27T08:43:35","guid":{"rendered":"https:\/\/mangiastorie.it\/?page_id=13229"},"modified":"2025-08-27T10:43:35","modified_gmt":"2025-08-27T08:43:35","slug":"das-menu","status":"publish","type":"page","link":"https:\/\/mangiastorie.it\/de\/das-menu\/","title":{"rendered":"Das Men\u00fc"},"content":{"rendered":"\n<div class=\"wp-block-columns are-vertically-aligned-center menutable text-center is-layout-flex wp-container-core-columns-is-layout-9d6595d7 wp-block-columns-is-layout-flex\">\n<div class=\"wp-block-column is-vertically-aligned-center is-layout-flow wp-block-column-is-layout-flow\">\n<figure class=\"wp-block-image size-large\"><img loading=\"lazy\" decoding=\"async\" width=\"681\" height=\"1024\" src=\"https:\/\/mangiastorie.it\/wp-content\/uploads\/2025\/07\/DSC6743-681x1024.jpg\" alt=\"\" class=\"wp-image-12962\" srcset=\"https:\/\/mangiastorie.it\/wp-content\/uploads\/2025\/07\/DSC6743-681x1024.jpg 681w, https:\/\/mangiastorie.it\/wp-content\/uploads\/2025\/07\/DSC6743-200x300.jpg 200w, https:\/\/mangiastorie.it\/wp-content\/uploads\/2025\/07\/DSC6743-768x1155.jpg 768w, https:\/\/mangiastorie.it\/wp-content\/uploads\/2025\/07\/DSC6743-1022x1536.jpg 1022w, https:\/\/mangiastorie.it\/wp-content\/uploads\/2025\/07\/DSC6743-600x902.jpg 600w, https:\/\/mangiastorie.it\/wp-content\/uploads\/2025\/07\/DSC6743.jpg 1277w\" sizes=\"auto, (max-width: 681px) 100vw, 681px\" \/><\/figure>\n<\/div>\n\n\n\n<div class=\"wp-block-column is-vertically-aligned-center has-black-color has-text-color has-link-color wp-elements-80929f20218dfa9419407f7f3dcf8357 is-layout-flow wp-block-column-is-layout-flow\">\n<h2 class=\"wp-block-heading h1, mb-4 has-text-color has-link-color wp-elements-ac42036a55daa60e71be7d44c3d2b716\" style=\"color:#492b16\">VORSPEISEN<\/h2>\n\n\n\n<p class=\"has-black-color has-text-color has-link-color wp-elements-9379d43260932e0ae5daf69cd7ccd699\">| <strong> Garnelen mit Mandeln paniert |<\/strong><br\/>Creme von lokalen Zucchini, Burrata-Cremeflocken<br\/><em>[1.5.6.8.10 *#].<\/em><\/p>\n\n\n\n<p><strong>| Gebratener Oktopus |<\/strong><br\/>Kartoffelvelout\u00e9 und Dattelconfit<br\/><em>[4.6.11 *#]<\/em><\/p>\n\n\n\n<p>| <strong> Kabeljau mantecato |<\/strong><br\/>gebratene Auberginenw\u00fcrfel, gelbe und rote Tomaten Basilikumemulsion<br\/><em>[2.3.5 *#]<\/em>.<\/p>\n\n\n\n<p><strong>| Antipasto Mangiastorie |<\/strong><br\/>f\u00fcnf Geschm\u00e4cker, die die Geschichte unserer Region in einem Gericht erz\u00e4hlen<br\/><em>[1.2.3.4.5.6.8.11 *#]<\/em><\/p>\n\n\n\n<p><strong>| Rindertartar |<\/strong><br\/>s\u00fc\u00dfer\/scharfer Apfel, Joghurtsauce, Kr\u00e4uter aus unserem kleinen Garten <br\/><em>[1.10.14]<\/em><\/p>\n\n\n\n<p><strong>| Auberginen alla Mulignana |<\/strong><br\/>Kartoffel-Lauch-Creme, getrocknete Datteln<br\/><em>[1, 9.10, 11].<\/em><\/p>\n\n\n\n<p><strong>| L&#8217;orto nel piatto &#8211; vegetarisch |<\/strong><br\/>misticanza, brasilianischer Salat, Spargel aus eigenem Anbau, rote Johannisbeeren, Blaubeeren, karamellisierte Mandeln, (Karotten, Fenchelpaprika und s\u00fc\u00df-saure \u00c4pfel) aromatisiert mit Senfemulsion, Honig, Erbsenvelout\u00e9<br\/><em>[11.14]<\/em><\/p>\n<\/div>\n<\/div>\n\n<div class=\"wp-block-columns are-vertically-aligned-center menutable text-center changeorder is-layout-flex wp-container-core-columns-is-layout-9d6595d7 wp-block-columns-is-layout-flex\">\n<div class=\"wp-block-column is-vertically-aligned-center is-layout-flow wp-block-column-is-layout-flow\">\n<figure class=\"wp-block-image size-large\"><img loading=\"lazy\" decoding=\"async\" width=\"681\" height=\"1024\" src=\"https:\/\/mangiastorie.it\/wp-content\/uploads\/2025\/07\/DSC8979-681x1024.jpg\" alt=\"\" class=\"wp-image-12958\" srcset=\"https:\/\/mangiastorie.it\/wp-content\/uploads\/2025\/07\/DSC8979-681x1024.jpg 681w, https:\/\/mangiastorie.it\/wp-content\/uploads\/2025\/07\/DSC8979-200x300.jpg 200w, https:\/\/mangiastorie.it\/wp-content\/uploads\/2025\/07\/DSC8979-768x1155.jpg 768w, https:\/\/mangiastorie.it\/wp-content\/uploads\/2025\/07\/DSC8979-1022x1536.jpg 1022w, https:\/\/mangiastorie.it\/wp-content\/uploads\/2025\/07\/DSC8979-600x902.jpg 600w, https:\/\/mangiastorie.it\/wp-content\/uploads\/2025\/07\/DSC8979.jpg 1277w\" sizes=\"auto, (max-width: 681px) 100vw, 681px\" \/><\/figure>\n<\/div>\n\n\n\n<div class=\"wp-block-column is-vertically-aligned-center is-layout-flow wp-block-column-is-layout-flow\">\n<h2 class=\"wp-block-heading h1, mb-4 has-text-color has-link-color wp-elements-cd54a345eaada984e5f1ea85604b516c\" style=\"color:#492b16\">ERSTE GAENGE<\/h2>\n\n\n\n<p><strong>| Tagliolini di pasta fresca |<\/strong><br\/>ombrine tartare, Erbsencreme, Orangengeschmack <br\/><em>[1.2.8.9.10.11*#].<\/em><\/p>\n\n\n\n<p><strong>| Tagliardi di pasta fresca |<\/strong><br\/>Hummersauce und Barena-Honig<br\/><em>[1.6.8.9.11 *#].<\/em><\/p>\n\n\n\n<p>| Hausgemachte <strong> Gnocchetti |<\/strong><br\/>Garnelenschw\u00e4nze und sautierte Artischocken<br\/><em>[1.6.8.9.11 *#]<\/em><\/p>\n\n\n\n<p class=\"has-text-align-center\"><strong>| Das Meer in der Suppe |<\/strong><br\/>Fischsuppe, Schalentiere mit Brotcroutons<br\/><em>[1.2.4.6.8.11 *#].<\/em><\/p>\n\n\n\n<p><strong>| Frische Pasta Tagliatella |<\/strong><br\/>Entenragout, Amaretto di Saronno, Orangenschale<br\/><em>[1.6.9.11 *#]<\/em><\/p>\n\n\n\n<p>| <strong> Vegetarisch <strong>gef\u00fcllte Ravioli<\/strong> |<\/strong><br\/>Burrata und wilder Rucola auf kalter lokaler Tomaten-Gazpacho <br\/><em>[1.6, 9. 11 #*]<\/em><\/p>\n<\/div>\n<\/div>\n\n<div class=\"wp-block-columns are-vertically-aligned-center menutable text-center is-layout-flex wp-container-core-columns-is-layout-9d6595d7 wp-block-columns-is-layout-flex\">\n<div class=\"wp-block-column is-vertically-aligned-center is-layout-flow wp-block-column-is-layout-flow\">\n<figure class=\"wp-block-image size-large\"><img loading=\"lazy\" decoding=\"async\" width=\"681\" height=\"1024\" src=\"https:\/\/mangiastorie.it\/wp-content\/uploads\/2025\/07\/DSC9592-681x1024.jpg\" alt=\"\" class=\"wp-image-12954\" srcset=\"https:\/\/mangiastorie.it\/wp-content\/uploads\/2025\/07\/DSC9592-681x1024.jpg 681w, https:\/\/mangiastorie.it\/wp-content\/uploads\/2025\/07\/DSC9592-200x300.jpg 200w, https:\/\/mangiastorie.it\/wp-content\/uploads\/2025\/07\/DSC9592-768x1155.jpg 768w, https:\/\/mangiastorie.it\/wp-content\/uploads\/2025\/07\/DSC9592-1022x1536.jpg 1022w, https:\/\/mangiastorie.it\/wp-content\/uploads\/2025\/07\/DSC9592-600x902.jpg 600w, https:\/\/mangiastorie.it\/wp-content\/uploads\/2025\/07\/DSC9592.jpg 1277w\" sizes=\"auto, (max-width: 681px) 100vw, 681px\" \/><\/figure>\n<\/div>\n\n\n\n<div class=\"wp-block-column is-vertically-aligned-center is-layout-flow wp-block-column-is-layout-flow\">\n<h2 class=\"wp-block-heading h1, mb-4 has-text-color has-link-color wp-elements-20520e2a0ea3a89720847f86cf937802\" style=\"color:#492b16\">ZWEITE GAENGE<\/h2>\n\n\n\n<p><strong>| The Sea on the Grill |<\/strong><br\/>Steinbutt, Ombrine, Wolfsbarsch, gegrillte Paprika, Sahneerbsen, karamellisierte Zwiebeln<br\/><em>[2.14 *#]<\/em><\/p>\n\n\n\n<p><strong>| Gemischtes Braten |<\/strong><br\/>Fisch, Schalentiere, K\u00fcstengem\u00fcse<br\/><em>[1.2.4.6.8 *#].<\/em><\/p>\n\n\n\n<p>| <strong> St. Petersfilet<\/strong> |<br\/>mit Artischockensauce und Puffkartoffeln<br\/><em>[1.2.10.11*#].<\/em><\/p>\n\n\n\n<p><strong>| Gegrillter Oktopus |<\/strong><br\/>ganze Tentakel &#8230; 123 Lauch, Fenchel und Karotten zu zarter Creme und Orange au naturel<br\/><em>[2. 6, 10.11*#]<\/em><\/p>\n\n\n\n<p>| <strong> Rindfleisch-Tagliata |<\/strong><br\/>Pfeffercreme, Pistazienk\u00f6rner, gegrilltes Gem\u00fcse<br\/><em>[1.5]<\/em><\/p>\n\n\n\n<p><strong>| Gebratene Auberginenpastetchen |<\/strong><br\/> Frische Zucchini-Coulis<br\/><em>[1.9 #]<\/em><\/p>\n<\/div>\n<\/div>\n\n<div class=\"wp-block-columns are-vertically-aligned-center menutable text-center changeorder is-layout-flex wp-container-core-columns-is-layout-9d6595d7 wp-block-columns-is-layout-flex\">\n<div class=\"wp-block-column is-vertically-aligned-center is-layout-flow wp-block-column-is-layout-flow\">\n<figure class=\"wp-block-image size-large\"><img loading=\"lazy\" decoding=\"async\" width=\"681\" height=\"1024\" src=\"https:\/\/mangiastorie.it\/wp-content\/uploads\/2025\/07\/DSC9834-681x1024.jpg\" alt=\"\" class=\"wp-image-12966\" srcset=\"https:\/\/mangiastorie.it\/wp-content\/uploads\/2025\/07\/DSC9834-681x1024.jpg 681w, https:\/\/mangiastorie.it\/wp-content\/uploads\/2025\/07\/DSC9834-200x300.jpg 200w, https:\/\/mangiastorie.it\/wp-content\/uploads\/2025\/07\/DSC9834-768x1155.jpg 768w, https:\/\/mangiastorie.it\/wp-content\/uploads\/2025\/07\/DSC9834-1022x1536.jpg 1022w, https:\/\/mangiastorie.it\/wp-content\/uploads\/2025\/07\/DSC9834-600x902.jpg 600w, https:\/\/mangiastorie.it\/wp-content\/uploads\/2025\/07\/DSC9834.jpg 1277w\" sizes=\"auto, (max-width: 681px) 100vw, 681px\" \/><\/figure>\n<\/div>\n\n\n\n<div class=\"wp-block-column is-vertically-aligned-center is-layout-flow wp-block-column-is-layout-flow\">\n<h2 class=\"wp-block-heading h1, mb-4 has-text-color has-link-color wp-elements-310e2c1c49014fd19eb061f5131f6cee\" style=\"color:#492b16\">SWEETS<\/h2>\n\n\n\n<p><strong>| Hausgemachter K\u00e4sekuchen |<\/strong><br\/>Beerensauce<br\/><em>[1.9.10 # ]<\/em><\/p>\n\n\n\n<p><strong>| Hausgemachtes Tiramisu |<\/strong><br\/>mit hausgemachter Mascarponecreme<br\/><em>[1.9.10 #]<\/em><\/p>\n\n\n\n<p><strong>| frische Erdbeeren |<\/strong><br\/>Schlagsahne <em> <\/em><br\/><em>[10 ]<\/em><\/p>\n\n\n\n<p>| <strong> Gianduia Schokolade mit Schlagsahne<\/strong><br\/>mit Erdbeersauce<br\/><em>[1.9.10 #<\/em> <em>]<\/em><\/p>\n\n\n\n<p class=\"has-text-align-center\"><strong>| Schokoladenspiel |<\/strong><br\/>Schokoladenfrangipane, Himbeersauce, Passionsfruchtsauce, wei\u00dfe Schokolade<br\/><em>[1.5.9.10 #<\/em> <em>]<\/em><\/p>\n\n\n\n<p class=\"has-text-align-center\"><strong>| Sweet divided 3 |<\/strong><br\/>kleine Verkostung von 3 S\u00fc\u00dfigkeiten aus der B\u00e4ckerei Mangiastorie<br\/> [ 1.5.9.10 # <em>]<\/em><\/p>\n\n\n\n<p class=\"has-text-align-center\">| <strong> Zitronengeschichte &#8211; sgroppino |<\/strong><br\/>Zitronen-IGP-Eis, Wodka Veneta, wilde Minze<br\/>Zitronenschalen<br\/><em>[<\/em> 6. 9.10 #* <em>]<\/em> <\/p>\n<\/div>\n<\/div>\n\n<h5 class=\"wp-block-heading\">Liste der Allergene<\/h5>\n\n<ol class=\"wp-block-list small col3 has-small-font-size\">\n<li>GETREIDE MIT GLUTEN<\/li>\n\n\n\n<li>FISH<\/li>\n\n\n\n<li>ARACHIDS<\/li>\n\n\n\n<li>MOLLUSCS<\/li>\n\n\n\n<li>NUTS<\/li>\n\n\n\n<li>SCHWEFELDIOXID<\/li>\n\n\n\n<li>LUPINS<\/li>\n\n\n\n<li>CRUSTACEANS<\/li>\n\n\n\n<li>EIER<\/li>\n\n\n\n<li>MILCH UND MOLKEREIPRODUKTE<\/li>\n\n\n\n<li>CEDAR<\/li>\n\n\n\n<li>SOYA<\/li>\n\n\n\n<li>SESAM-SAATEN<\/li>\n\n\n\n<li>SENAPE<\/li>\n<\/ol>\n\n<p class=\"has-small-font-size\">* : Einige Produkte werden tiefgefroren eingekauft, um ihren Geschmack und ihre Qualit\u00e4t zu bewahren.<\/p>\n\n<p class=\"has-small-font-size\"># : Die meisten unserer Produkte sind frisch und ihre Verf\u00fcgbarkeit ist saisonal.  <em>Bei einigen unserer Zubereitungen verwenden wir die Schockk\u00fchlung als Technik zur Konservierung und Verarbeitung von Lebensmitteln, um den Geschmack und die Qualit\u00e4t gem\u00e4\u00df den Vorschriften zu erhalten. EG 853\/2004, Anhang III, Abschnitt VIII, Kapitel 3, Punkt D.<\/em><strong> <\/strong><\/p>\n\n<p><\/p>\n\n<p class=\"has-small-font-size\"><em>F\u00fcr Informationen \u00fcber Zutaten und Allergene konsultieren Sie bitte die entsprechenden Unterlagen, die Ihnen auf Anfrage vom diensthabenden Personal zur Verf\u00fcgung gestellt<\/em> werden.<\/p>\n","protected":false},"excerpt":{"rendered":"<p>VORSPEISEN | Garnelen mit Mandeln paniert |Creme von lokalen Zucchini, Burrata-Cremeflocken[1.5.6.8.10 *#]. | Gebratener Oktopus |Kartoffelvelout\u00e9 und Dattelconfit[4.6.11 *#] |&hellip;<\/p>\n<p class=\"rmore mb-0\"><a class=\"websoup-read-more-link fw-bold\" href=\"https:\/\/mangiastorie.it\/de\/das-menu\/\">Mehr lesen \u2192<\/a><\/p>\n","protected":false},"author":165,"featured_media":13234,"parent":0,"menu_order":0,"comment_status":"closed","ping_status":"closed","template":"","meta":{"_acf_changed":false,"inline_featured_image":false,"footnotes":""},"class_list":["post-13229","page","type-page","status-publish","has-post-thumbnail","hentry"],"acf":[],"yoast_head":"<!-- This site is optimized with the Yoast SEO plugin v27.4 - https:\/\/yoast.com\/product\/yoast-seo-wordpress\/ -->\n<title>Mangiastorie | Entdecken Sie unsere Speisekarte - traditionelle Gerichte und frische Zutaten<\/title>\n<meta name=\"description\" content=\"Genie\u00dfen Sie Gerichte, die eine Hommage an die kulturellen Wurzeln von Cavallino Treporti sind, zubereitet mit frischen Zutaten und einer modernen Note.\" \/>\n<meta name=\"robots\" content=\"index, follow, max-snippet:-1, max-image-preview:large, max-video-preview:-1\" \/>\n<link rel=\"canonical\" href=\"https:\/\/mangiastorie.it\/de\/das-menu\/\" \/>\n<meta property=\"og:locale\" content=\"de_DE\" \/>\n<meta property=\"og:type\" content=\"article\" \/>\n<meta property=\"og:title\" content=\"Mangiastorie | Entdecken Sie unsere Speisekarte - traditionelle Gerichte und frische Zutaten\" \/>\n<meta property=\"og:description\" content=\"Genie\u00dfen Sie Gerichte, die eine Hommage an die kulturellen Wurzeln von Cavallino Treporti sind, zubereitet mit frischen Zutaten und einer modernen Note.\" \/>\n<meta property=\"og:url\" content=\"https:\/\/mangiastorie.it\/de\/das-menu\/\" \/>\n<meta property=\"og:site_name\" content=\"Mangiastorie\" \/>\n<meta property=\"og:image\" content=\"https:\/\/mangiastorie.it\/wp-content\/uploads\/2025\/08\/colazioni.jpg\" \/>\n\t<meta property=\"og:image:width\" content=\"1920\" \/>\n\t<meta property=\"og:image:height\" content=\"1080\" \/>\n\t<meta property=\"og:image:type\" content=\"image\/jpeg\" \/>\n<meta name=\"twitter:card\" content=\"summary_large_image\" \/>\n<meta name=\"twitter:label1\" content=\"Gesch\u00e4tzte Lesezeit\" \/>\n\t<meta name=\"twitter:data1\" content=\"2\u00a0Minuten\" \/>\n<script type=\"application\/ld+json\" class=\"yoast-schema-graph\">{\"@context\":\"https:\\\/\\\/schema.org\",\"@graph\":[{\"@type\":\"WebPage\",\"@id\":\"https:\\\/\\\/mangiastorie.it\\\/de\\\/das-menu\\\/\",\"url\":\"https:\\\/\\\/mangiastorie.it\\\/de\\\/das-menu\\\/\",\"name\":\"Mangiastorie | Entdecken Sie unsere Speisekarte - traditionelle Gerichte und frische Zutaten\",\"isPartOf\":{\"@id\":\"https:\\\/\\\/mangiastorie.it\\\/de\\\/#website\"},\"primaryImageOfPage\":{\"@id\":\"https:\\\/\\\/mangiastorie.it\\\/de\\\/das-menu\\\/#primaryimage\"},\"image\":{\"@id\":\"https:\\\/\\\/mangiastorie.it\\\/de\\\/das-menu\\\/#primaryimage\"},\"thumbnailUrl\":\"https:\\\/\\\/mangiastorie.it\\\/wp-content\\\/uploads\\\/2025\\\/08\\\/colazioni.jpg\",\"datePublished\":\"2025-08-27T08:43:35+00:00\",\"description\":\"Genie\u00dfen Sie Gerichte, die eine Hommage an die kulturellen Wurzeln von Cavallino Treporti sind, zubereitet mit frischen Zutaten und einer modernen Note.\",\"breadcrumb\":{\"@id\":\"https:\\\/\\\/mangiastorie.it\\\/de\\\/das-menu\\\/#breadcrumb\"},\"inLanguage\":\"de\",\"potentialAction\":[{\"@type\":\"ReadAction\",\"target\":[\"https:\\\/\\\/mangiastorie.it\\\/de\\\/das-menu\\\/\"]}]},{\"@type\":\"ImageObject\",\"inLanguage\":\"de\",\"@id\":\"https:\\\/\\\/mangiastorie.it\\\/de\\\/das-menu\\\/#primaryimage\",\"url\":\"https:\\\/\\\/mangiastorie.it\\\/wp-content\\\/uploads\\\/2025\\\/08\\\/colazioni.jpg\",\"contentUrl\":\"https:\\\/\\\/mangiastorie.it\\\/wp-content\\\/uploads\\\/2025\\\/08\\\/colazioni.jpg\",\"width\":1920,\"height\":1080},{\"@type\":\"BreadcrumbList\",\"@id\":\"https:\\\/\\\/mangiastorie.it\\\/de\\\/das-menu\\\/#breadcrumb\",\"itemListElement\":[{\"@type\":\"ListItem\",\"position\":1,\"name\":\"Home\",\"item\":\"https:\\\/\\\/mangiastorie.it\\\/de\\\/\"},{\"@type\":\"ListItem\",\"position\":2,\"name\":\"Das Men\u00fc\"}]},{\"@type\":\"WebSite\",\"@id\":\"https:\\\/\\\/mangiastorie.it\\\/de\\\/#website\",\"url\":\"https:\\\/\\\/mangiastorie.it\\\/de\\\/\",\"name\":\"Mangiastorie\",\"description\":\"Emozioni e Sapori\",\"publisher\":{\"@id\":\"https:\\\/\\\/mangiastorie.it\\\/de\\\/#organization\"},\"potentialAction\":[{\"@type\":\"SearchAction\",\"target\":{\"@type\":\"EntryPoint\",\"urlTemplate\":\"https:\\\/\\\/mangiastorie.it\\\/de\\\/?s={search_term_string}\"},\"query-input\":{\"@type\":\"PropertyValueSpecification\",\"valueRequired\":true,\"valueName\":\"search_term_string\"}}],\"inLanguage\":\"de\"},{\"@type\":\"Organization\",\"@id\":\"https:\\\/\\\/mangiastorie.it\\\/de\\\/#organization\",\"name\":\"Mangiastorie\",\"url\":\"https:\\\/\\\/mangiastorie.it\\\/de\\\/\",\"logo\":{\"@type\":\"ImageObject\",\"inLanguage\":\"de\",\"@id\":\"https:\\\/\\\/mangiastorie.it\\\/de\\\/#\\\/schema\\\/logo\\\/image\\\/\",\"url\":\"https:\\\/\\\/mangiastorie.it\\\/wp-content\\\/uploads\\\/2025\\\/06\\\/Brown-CompleteLogo-Mangiastorie-1.webp\",\"contentUrl\":\"https:\\\/\\\/mangiastorie.it\\\/wp-content\\\/uploads\\\/2025\\\/06\\\/Brown-CompleteLogo-Mangiastorie-1.webp\",\"width\":150,\"height\":64,\"caption\":\"Mangiastorie\"},\"image\":{\"@id\":\"https:\\\/\\\/mangiastorie.it\\\/de\\\/#\\\/schema\\\/logo\\\/image\\\/\"}}]}<\/script>\n<!-- \/ Yoast SEO plugin. -->","yoast_head_json":{"title":"Mangiastorie | Entdecken Sie unsere Speisekarte - traditionelle Gerichte und frische Zutaten","description":"Genie\u00dfen Sie Gerichte, die eine Hommage an die kulturellen Wurzeln von Cavallino Treporti sind, zubereitet mit frischen Zutaten und einer modernen Note.","robots":{"index":"index","follow":"follow","max-snippet":"max-snippet:-1","max-image-preview":"max-image-preview:large","max-video-preview":"max-video-preview:-1"},"canonical":"https:\/\/mangiastorie.it\/de\/das-menu\/","og_locale":"de_DE","og_type":"article","og_title":"Mangiastorie | Entdecken Sie unsere Speisekarte - traditionelle Gerichte und frische Zutaten","og_description":"Genie\u00dfen Sie Gerichte, die eine Hommage an die kulturellen Wurzeln von Cavallino Treporti sind, zubereitet mit frischen Zutaten und einer modernen Note.","og_url":"https:\/\/mangiastorie.it\/de\/das-menu\/","og_site_name":"Mangiastorie","og_image":[{"width":1920,"height":1080,"url":"https:\/\/mangiastorie.it\/wp-content\/uploads\/2025\/08\/colazioni.jpg","type":"image\/jpeg"}],"twitter_card":"summary_large_image","twitter_misc":{"Gesch\u00e4tzte Lesezeit":"2\u00a0Minuten"},"schema":{"@context":"https:\/\/schema.org","@graph":[{"@type":"WebPage","@id":"https:\/\/mangiastorie.it\/de\/das-menu\/","url":"https:\/\/mangiastorie.it\/de\/das-menu\/","name":"Mangiastorie | Entdecken Sie unsere Speisekarte - traditionelle Gerichte und frische Zutaten","isPartOf":{"@id":"https:\/\/mangiastorie.it\/de\/#website"},"primaryImageOfPage":{"@id":"https:\/\/mangiastorie.it\/de\/das-menu\/#primaryimage"},"image":{"@id":"https:\/\/mangiastorie.it\/de\/das-menu\/#primaryimage"},"thumbnailUrl":"https:\/\/mangiastorie.it\/wp-content\/uploads\/2025\/08\/colazioni.jpg","datePublished":"2025-08-27T08:43:35+00:00","description":"Genie\u00dfen Sie Gerichte, die eine Hommage an die kulturellen Wurzeln von Cavallino Treporti sind, zubereitet mit frischen Zutaten und einer modernen Note.","breadcrumb":{"@id":"https:\/\/mangiastorie.it\/de\/das-menu\/#breadcrumb"},"inLanguage":"de","potentialAction":[{"@type":"ReadAction","target":["https:\/\/mangiastorie.it\/de\/das-menu\/"]}]},{"@type":"ImageObject","inLanguage":"de","@id":"https:\/\/mangiastorie.it\/de\/das-menu\/#primaryimage","url":"https:\/\/mangiastorie.it\/wp-content\/uploads\/2025\/08\/colazioni.jpg","contentUrl":"https:\/\/mangiastorie.it\/wp-content\/uploads\/2025\/08\/colazioni.jpg","width":1920,"height":1080},{"@type":"BreadcrumbList","@id":"https:\/\/mangiastorie.it\/de\/das-menu\/#breadcrumb","itemListElement":[{"@type":"ListItem","position":1,"name":"Home","item":"https:\/\/mangiastorie.it\/de\/"},{"@type":"ListItem","position":2,"name":"Das Men\u00fc"}]},{"@type":"WebSite","@id":"https:\/\/mangiastorie.it\/de\/#website","url":"https:\/\/mangiastorie.it\/de\/","name":"Mangiastorie","description":"Emozioni e Sapori","publisher":{"@id":"https:\/\/mangiastorie.it\/de\/#organization"},"potentialAction":[{"@type":"SearchAction","target":{"@type":"EntryPoint","urlTemplate":"https:\/\/mangiastorie.it\/de\/?s={search_term_string}"},"query-input":{"@type":"PropertyValueSpecification","valueRequired":true,"valueName":"search_term_string"}}],"inLanguage":"de"},{"@type":"Organization","@id":"https:\/\/mangiastorie.it\/de\/#organization","name":"Mangiastorie","url":"https:\/\/mangiastorie.it\/de\/","logo":{"@type":"ImageObject","inLanguage":"de","@id":"https:\/\/mangiastorie.it\/de\/#\/schema\/logo\/image\/","url":"https:\/\/mangiastorie.it\/wp-content\/uploads\/2025\/06\/Brown-CompleteLogo-Mangiastorie-1.webp","contentUrl":"https:\/\/mangiastorie.it\/wp-content\/uploads\/2025\/06\/Brown-CompleteLogo-Mangiastorie-1.webp","width":150,"height":64,"caption":"Mangiastorie"},"image":{"@id":"https:\/\/mangiastorie.it\/de\/#\/schema\/logo\/image\/"}}]}},"_links":{"self":[{"href":"https:\/\/mangiastorie.it\/de\/wp-json\/wp\/v2\/pages\/13229","targetHints":{"allow":["GET"]}}],"collection":[{"href":"https:\/\/mangiastorie.it\/de\/wp-json\/wp\/v2\/pages"}],"about":[{"href":"https:\/\/mangiastorie.it\/de\/wp-json\/wp\/v2\/types\/page"}],"author":[{"embeddable":true,"href":"https:\/\/mangiastorie.it\/de\/wp-json\/wp\/v2\/users\/165"}],"replies":[{"embeddable":true,"href":"https:\/\/mangiastorie.it\/de\/wp-json\/wp\/v2\/comments?post=13229"}],"version-history":[{"count":1,"href":"https:\/\/mangiastorie.it\/de\/wp-json\/wp\/v2\/pages\/13229\/revisions"}],"predecessor-version":[{"id":13230,"href":"https:\/\/mangiastorie.it\/de\/wp-json\/wp\/v2\/pages\/13229\/revisions\/13230"}],"wp:featuredmedia":[{"embeddable":true,"href":"https:\/\/mangiastorie.it\/de\/wp-json\/wp\/v2\/media\/13234"}],"wp:attachment":[{"href":"https:\/\/mangiastorie.it\/de\/wp-json\/wp\/v2\/media?parent=13229"}],"curies":[{"name":"wp","href":"https:\/\/api.w.org\/{rel}","templated":true}]}}